{"id":729,"date":"2021-12-05T16:30:17","date_gmt":"2021-12-05T15:30:17","guid":{"rendered":"https:\/\/kleos-artisan-coutelier.com\/contact\/"},"modified":"2021-12-05T16:30:17","modified_gmt":"2021-12-05T15:30:17","slug":"contact","status":"publish","type":"page","link":"https:\/\/kleos-artisan-coutelier.com\/en\/contact\/","title":{"rendered":"Contact"},"content":{"rendered":"<!--themify_builder_content-->\n<div id=\"themify_builder_content-729\" data-postid=\"729\" class=\"themify_builder_content themify_builder_content-729 themify_builder tf_clear\">\n                    <div  data-lazy=\"1\" class=\"module_row themify_builder_row tb_d1x8743 tb_first tf_w\">\n                        <div class=\"row_inner col_align_top tb_col_count_1 tf_box tf_rel\">\n                        <div  data-lazy=\"1\" class=\"module_column tb-column col-full tb_t3jo743 first\">\n                    <!-- module text -->\n<div  class=\"module module-text tb_kpvb604   \" data-lazy=\"1\">\n        <div  class=\"tb_text_wrap\">\n        <p>A question ? A specific order to place?<\/p>\n<p>Ask us all your questions, we will get back to you as soon as possible!<\/p>    <\/div>\n<\/div>\n<!-- \/module text --><!-- module plain text -->\n<div  class=\"module module-plain-text tb_zcx5430 \" data-lazy=\"1\">\n        <div class=\"tb_text_wrap\">\n    <div class=\"wpforms-container wpforms-container-full\" id=\"wpforms-392\"><form id=\"wpforms-form-392\" class=\"wpforms-validate wpforms-form wpforms-ajax-form\" data-formid=\"392\" method=\"post\" enctype=\"multipart\/form-data\" action=\"\/en\/wp-json\/wp\/v2\/pages\/729\" data-token=\"10f1c7ee8a0c6453274abf77faae690f\" data-token-time=\"1776380692\"><noscript class=\"wpforms-error-noscript\">Please enable JavaScript in your browser to complete this form.<\/noscript><div class=\"wpforms-field-container\"><div id=\"wpforms-392-field_0-container\" class=\"wpforms-field wpforms-field-name\" data-field-id=\"0\"><label class=\"wpforms-field-label\">Pr\u00e9nom, Nom <span class=\"wpforms-required-label\">*<\/span><\/label><div class=\"wpforms-field-row wpforms-field-medium\"><div class=\"wpforms-field-row-block wpforms-first wpforms-one-half\"><input type=\"text\" id=\"wpforms-392-field_0\" class=\"wpforms-field-name-first wpforms-field-required\" name=\"wpforms[fields][0][first]\" required><label for=\"wpforms-392-field_0\" class=\"wpforms-field-sublabel after\">First<\/label><\/div><div class=\"wpforms-field-row-block wpforms-one-half\"><input type=\"text\" id=\"wpforms-392-field_0-last\" class=\"wpforms-field-name-last wpforms-field-required\" name=\"wpforms[fields][0][last]\" required><label for=\"wpforms-392-field_0-last\" class=\"wpforms-field-sublabel after\">Last<\/label><\/div><\/div><\/div><div id=\"wpforms-392-field_1-container\" class=\"wpforms-field wpforms-field-email\" data-field-id=\"1\"><label class=\"wpforms-field-label\" for=\"wpforms-392-field_1\">Votre e-mail <span class=\"wpforms-required-label\">*<\/span><\/label><input type=\"email\" id=\"wpforms-392-field_1\" class=\"wpforms-field-medium wpforms-field-required\" name=\"wpforms[fields][1]\" spellcheck=\"false\" required><\/div><div id=\"wpforms-392-field_2-container\" class=\"wpforms-field wpforms-field-textarea\" data-field-id=\"2\"><label class=\"wpforms-field-label\" for=\"wpforms-392-field_2\">Votre message \/ votre commande <span class=\"wpforms-required-label\">*<\/span><\/label><textarea id=\"wpforms-392-field_2\" class=\"wpforms-field-medium wpforms-field-required\" name=\"wpforms[fields][2]\" required><\/textarea><\/div><\/div><!-- .wpforms-field-container --><div class=\"wpforms-recaptcha-container wpforms-is-recaptcha wpforms-is-recaptcha-type-v2\" ><div class=\"g-recaptcha\" data-sitekey=\"6LfqtgIgAAAAAGUQoiFpFxLxyq4b-9KM-S6K4tL9\"><\/div><input type=\"text\" name=\"g-recaptcha-hidden\" class=\"wpforms-recaptcha-hidden\" style=\"position:absolute!important;clip:rect(0,0,0,0)!important;height:1px!important;width:1px!important;border:0!important;overflow:hidden!important;padding:0!important;margin:0!important;\" data-rule-recaptcha=\"1\"><\/div><div class=\"wpforms-submit-container\" ><input type=\"hidden\" name=\"wpforms[id]\" value=\"392\"><input type=\"hidden\" name=\"page_title\" value=\"\"><input type=\"hidden\" name=\"page_url\" value=\"https:\/\/kleos-artisan-coutelier.com\/en\/wp-json\/wp\/v2\/pages\/729\"><input type=\"hidden\" name=\"url_referer\" value=\"\"><button type=\"submit\" name=\"wpforms[submit]\" id=\"wpforms-submit-392\" class=\"wpforms-submit\" data-alt-text=\"Sending...\" data-submit-text=\"Envoyer !\" aria-live=\"assertive\" value=\"wpforms-submit\">Envoyer !<\/button><img loading=\"lazy\" decoding=\"async\" src=\"https:\/\/kleos-artisan-coutelier.com\/wp-content\/plugins\/wpforms-lite\/assets\/images\/submit-spin.svg\" class=\"wpforms-submit-spinner\" style=\"display: none;\" width=\"26\" height=\"26\" alt=\"Loading\"><\/div><\/form><\/div>  <!-- .wpforms-container -->    <\/div>\n<\/div>\n<!-- \/module plain text -->        <\/div>\n                        <\/div>\n        <\/div>\n        <\/div>\n<!--\/themify_builder_content-->","protected":false},"excerpt":{"rendered":"<p>Une question ? Une commande sp\u00e9cifique \u00e0 passer ? Posez-nous toutes vos questions, nous vous r\u00e9pondrons dans les plus brefs d\u00e9lais !<\/p>\n","protected":false},"author":1,"featured_media":0,"parent":0,"menu_order":0,"comment_status":"closed","ping_status":"closed","template":"","meta":{"_monsterinsights_skip_tracking":false,"_monsterinsights_sitenote_active":false,"_monsterinsights_sitenote_note":"","_monsterinsights_sitenote_category":0,"footnotes":""},"class_list":["post-729","page","type-page","status-publish","hentry","has-post-title","has-post-date","has-post-category","has-post-tag","has-post-comment","has-post-author",""],"yoast_head":"<!-- This site is optimized with the Yoast SEO plugin v27.4 - https:\/\/yoast.com\/product\/yoast-seo-wordpress\/ -->\n<title>Contact - Kleos<\/title>\n<meta name=\"description\" content=\"Fabrication artisanale de couteaux de cuisine et de couteaux destin\u00e9s \u00e0 l&#039;ext\u00e9rieur (outdoor). Pi\u00e8ces uniques. Couteaux fabriqu\u00e9s en France.\" \/>\n<meta name=\"robots\" content=\"index, follow, max-snippet:-1, max-image-preview:large, max-video-preview:-1\" \/>\n<link rel=\"canonical\" href=\"https:\/\/kleos-artisan-coutelier.com\/en\/contact\/\" \/>\n<meta property=\"og:locale\" content=\"en_US\" \/>\n<meta property=\"og:type\" content=\"article\" \/>\n<meta property=\"og:title\" content=\"Contact - Kleos\" \/>\n<meta property=\"og:description\" content=\"Fabrication artisanale de couteaux de cuisine et de couteaux destin\u00e9s \u00e0 l&#039;ext\u00e9rieur (outdoor). Pi\u00e8ces uniques. Couteaux fabriqu\u00e9s en France.\" \/>\n<meta property=\"og:url\" content=\"https:\/\/kleos-artisan-coutelier.com\/en\/contact\/\" \/>\n<meta property=\"og:site_name\" content=\"Kleos\" \/>\n<meta property=\"article:publisher\" content=\"https:\/\/www.facebook.com\/kleos.knives\/\" \/>\n<meta name=\"twitter:card\" content=\"summary_large_image\" \/>\n<script type=\"application\/ld+json\" class=\"yoast-schema-graph\">{\"@context\":\"https:\\\/\\\/schema.org\",\"@graph\":[{\"@type\":\"WebPage\",\"@id\":\"https:\\\/\\\/kleos-artisan-coutelier.com\\\/en\\\/contact\\\/\",\"url\":\"https:\\\/\\\/kleos-artisan-coutelier.com\\\/en\\\/contact\\\/\",\"name\":\"Contact - Kleos\",\"isPartOf\":{\"@id\":\"https:\\\/\\\/kleos-artisan-coutelier.com\\\/en\\\/#website\"},\"datePublished\":\"2021-12-05T15:30:17+00:00\",\"description\":\"Fabrication artisanale de couteaux de cuisine et de couteaux destin\u00e9s \u00e0 l'ext\u00e9rieur (outdoor). Pi\u00e8ces uniques. Couteaux fabriqu\u00e9s en France.\",\"breadcrumb\":{\"@id\":\"https:\\\/\\\/kleos-artisan-coutelier.com\\\/en\\\/contact\\\/#breadcrumb\"},\"inLanguage\":\"en-US\",\"potentialAction\":[{\"@type\":\"ReadAction\",\"target\":[\"https:\\\/\\\/kleos-artisan-coutelier.com\\\/en\\\/contact\\\/\"]}]},{\"@type\":\"BreadcrumbList\",\"@id\":\"https:\\\/\\\/kleos-artisan-coutelier.com\\\/en\\\/contact\\\/#breadcrumb\",\"itemListElement\":[{\"@type\":\"ListItem\",\"position\":1,\"name\":\"Accueil\",\"item\":\"https:\\\/\\\/kleos-artisan-coutelier.com\\\/en\\\/\"},{\"@type\":\"ListItem\",\"position\":2,\"name\":\"Contact\"}]},{\"@type\":\"WebSite\",\"@id\":\"https:\\\/\\\/kleos-artisan-coutelier.com\\\/en\\\/#website\",\"url\":\"https:\\\/\\\/kleos-artisan-coutelier.com\\\/en\\\/\",\"name\":\"Kleos\",\"description\":\"Kleos Artisan Coutelier\",\"publisher\":{\"@id\":\"https:\\\/\\\/kleos-artisan-coutelier.com\\\/en\\\/#organization\"},\"potentialAction\":[{\"@type\":\"SearchAction\",\"target\":{\"@type\":\"EntryPoint\",\"urlTemplate\":\"https:\\\/\\\/kleos-artisan-coutelier.com\\\/en\\\/?s={search_term_string}\"},\"query-input\":{\"@type\":\"PropertyValueSpecification\",\"valueRequired\":true,\"valueName\":\"search_term_string\"}}],\"inLanguage\":\"en-US\"},{\"@type\":\"Organization\",\"@id\":\"https:\\\/\\\/kleos-artisan-coutelier.com\\\/en\\\/#organization\",\"name\":\"Kleos\",\"url\":\"https:\\\/\\\/kleos-artisan-coutelier.com\\\/en\\\/\",\"logo\":{\"@type\":\"ImageObject\",\"inLanguage\":\"en-US\",\"@id\":\"https:\\\/\\\/kleos-artisan-coutelier.com\\\/en\\\/#\\\/schema\\\/logo\\\/image\\\/\",\"url\":\"https:\\\/\\\/kleos-artisan-coutelier.com\\\/wp-content\\\/uploads\\\/2021\\\/11\\\/FICHIERLOGO2-copie-2-1.png\",\"contentUrl\":\"https:\\\/\\\/kleos-artisan-coutelier.com\\\/wp-content\\\/uploads\\\/2021\\\/11\\\/FICHIERLOGO2-copie-2-1.png\",\"width\":185,\"height\":50,\"caption\":\"Kleos\"},\"image\":{\"@id\":\"https:\\\/\\\/kleos-artisan-coutelier.com\\\/en\\\/#\\\/schema\\\/logo\\\/image\\\/\"},\"sameAs\":[\"https:\\\/\\\/www.facebook.com\\\/kleos.knives\\\/\",\"https:\\\/\\\/www.instagram.com\\\/kleos.knives\"]}]}<\/script>\n<!-- \/ Yoast SEO plugin. -->","yoast_head_json":{"title":"Contact - Kleos","description":"Fabrication artisanale de couteaux de cuisine et de couteaux destin\u00e9s \u00e0 l'ext\u00e9rieur (outdoor). Pi\u00e8ces uniques. Couteaux fabriqu\u00e9s en France.","robots":{"index":"index","follow":"follow","max-snippet":"max-snippet:-1","max-image-preview":"max-image-preview:large","max-video-preview":"max-video-preview:-1"},"canonical":"https:\/\/kleos-artisan-coutelier.com\/en\/contact\/","og_locale":"en_US","og_type":"article","og_title":"Contact - Kleos","og_description":"Fabrication artisanale de couteaux de cuisine et de couteaux destin\u00e9s \u00e0 l'ext\u00e9rieur (outdoor). Pi\u00e8ces uniques. Couteaux fabriqu\u00e9s en France.","og_url":"https:\/\/kleos-artisan-coutelier.com\/en\/contact\/","og_site_name":"Kleos","article_publisher":"https:\/\/www.facebook.com\/kleos.knives\/","twitter_card":"summary_large_image","schema":{"@context":"https:\/\/schema.org","@graph":[{"@type":"WebPage","@id":"https:\/\/kleos-artisan-coutelier.com\/en\/contact\/","url":"https:\/\/kleos-artisan-coutelier.com\/en\/contact\/","name":"Contact - Kleos","isPartOf":{"@id":"https:\/\/kleos-artisan-coutelier.com\/en\/#website"},"datePublished":"2021-12-05T15:30:17+00:00","description":"Fabrication artisanale de couteaux de cuisine et de couteaux destin\u00e9s \u00e0 l'ext\u00e9rieur (outdoor). Pi\u00e8ces uniques. Couteaux fabriqu\u00e9s en France.","breadcrumb":{"@id":"https:\/\/kleos-artisan-coutelier.com\/en\/contact\/#breadcrumb"},"inLanguage":"en-US","potentialAction":[{"@type":"ReadAction","target":["https:\/\/kleos-artisan-coutelier.com\/en\/contact\/"]}]},{"@type":"BreadcrumbList","@id":"https:\/\/kleos-artisan-coutelier.com\/en\/contact\/#breadcrumb","itemListElement":[{"@type":"ListItem","position":1,"name":"Accueil","item":"https:\/\/kleos-artisan-coutelier.com\/en\/"},{"@type":"ListItem","position":2,"name":"Contact"}]},{"@type":"WebSite","@id":"https:\/\/kleos-artisan-coutelier.com\/en\/#website","url":"https:\/\/kleos-artisan-coutelier.com\/en\/","name":"Kleos","description":"Kleos Artisan Coutelier","publisher":{"@id":"https:\/\/kleos-artisan-coutelier.com\/en\/#organization"},"potentialAction":[{"@type":"SearchAction","target":{"@type":"EntryPoint","urlTemplate":"https:\/\/kleos-artisan-coutelier.com\/en\/?s={search_term_string}"},"query-input":{"@type":"PropertyValueSpecification","valueRequired":true,"valueName":"search_term_string"}}],"inLanguage":"en-US"},{"@type":"Organization","@id":"https:\/\/kleos-artisan-coutelier.com\/en\/#organization","name":"Kleos","url":"https:\/\/kleos-artisan-coutelier.com\/en\/","logo":{"@type":"ImageObject","inLanguage":"en-US","@id":"https:\/\/kleos-artisan-coutelier.com\/en\/#\/schema\/logo\/image\/","url":"https:\/\/kleos-artisan-coutelier.com\/wp-content\/uploads\/2021\/11\/FICHIERLOGO2-copie-2-1.png","contentUrl":"https:\/\/kleos-artisan-coutelier.com\/wp-content\/uploads\/2021\/11\/FICHIERLOGO2-copie-2-1.png","width":185,"height":50,"caption":"Kleos"},"image":{"@id":"https:\/\/kleos-artisan-coutelier.com\/en\/#\/schema\/logo\/image\/"},"sameAs":["https:\/\/www.facebook.com\/kleos.knives\/","https:\/\/www.instagram.com\/kleos.knives"]}]}},"jetpack_sharing_enabled":true,"builder_content":"<p>A question ? A specific order to place?<\/p> <p>Ask us all your questions, we will get back to you as soon as possible!<\/p>\n[wpforms id=\"392\"]","_links":{"self":[{"href":"https:\/\/kleos-artisan-coutelier.com\/en\/wp-json\/wp\/v2\/pages\/729","targetHints":{"allow":["GET"]}}],"collection":[{"href":"https:\/\/kleos-artisan-coutelier.com\/en\/wp-json\/wp\/v2\/pages"}],"about":[{"href":"https:\/\/kleos-artisan-coutelier.com\/en\/wp-json\/wp\/v2\/types\/page"}],"author":[{"embeddable":true,"href":"https:\/\/kleos-artisan-coutelier.com\/en\/wp-json\/wp\/v2\/users\/1"}],"replies":[{"embeddable":true,"href":"https:\/\/kleos-artisan-coutelier.com\/en\/wp-json\/wp\/v2\/comments?post=729"}],"version-history":[{"count":1,"href":"https:\/\/kleos-artisan-coutelier.com\/en\/wp-json\/wp\/v2\/pages\/729\/revisions"}],"predecessor-version":[{"id":730,"href":"https:\/\/kleos-artisan-coutelier.com\/en\/wp-json\/wp\/v2\/pages\/729\/revisions\/730"}],"wp:attachment":[{"href":"https:\/\/kleos-artisan-coutelier.com\/en\/wp-json\/wp\/v2\/media?parent=729"}],"curies":[{"name":"wp","href":"https:\/\/api.w.org\/{rel}","templated":true}]}}