{"id":731,"date":"2021-12-05T16:30:59","date_gmt":"2021-12-05T15:30:59","guid":{"rendered":"https:\/\/kleos-artisan-coutelier.com\/advice\/"},"modified":"2021-12-05T16:30:59","modified_gmt":"2021-12-05T15:30:59","slug":"advice","status":"publish","type":"page","link":"https:\/\/kleos-artisan-coutelier.com\/en\/advice\/","title":{"rendered":"Advice"},"content":{"rendered":"<!--themify_builder_content-->\n<div id=\"themify_builder_content-731\" data-postid=\"731\" class=\"themify_builder_content themify_builder_content-731 themify_builder tf_clear\">\n                    <div  data-lazy=\"1\" class=\"module_row themify_builder_row tb_x5mb965 tb_first tf_w\">\n                        <div class=\"row_inner col_align_top tb_col_count_1 tf_box tf_rel\">\n                        <div  data-lazy=\"1\" class=\"module_column tb-column col-full tb_fe4u965 first\">\n                    <!-- module fancy heading -->\n<div  class=\"module module-fancy-heading tb_n0w7965 \" data-lazy=\"1\">\n        <h1 class=\"fancy-heading\">\n    <span class=\"main-head tf_block\">\n                    Maintenance tips            <\/span>\n\n    \n    <span class=\"sub-head tf_block tf_rel\">\n                    Kitchen knife            <\/span>\n    <\/h1>\n<\/div>\n<!-- \/module fancy heading -->\n<!-- module text -->\n<div  class=\"module module-text tb_65vf966   \" data-lazy=\"1\">\n        <div  class=\"tb_text_wrap\">\n        <h3>STORAGE \/ STORAGE:<\/h3><p>Never store kitchen knives in a tote drawer: risk of cutting when rummaging, risk of damaging the blade (micro-shocks on the edge of the blade).<\/p><p>The ideal is to install a magnetic bar in your kitchen, out of the reach of children: your knives will be accessible more quickly and will be secure. Alternatively, you can store it in the box provided.<\/p><p>Avoid storage in damp places or when the ambient temperature is high (in a cellar, laundry room, near a stove, etc.). Indeed, some wood reacts badly to humidity or to strong variations in temperature: there is a significant risk of swelling, shrinkage of the material, or even cracking.<\/p><h3>USAGE TIPS :<\/h3><p>Use your knives only on a suitable cutting board! Always use a wooden board or, failing that, food-grade plastic.<br>Hard materials are prohibited (marble \/ glass \/ stainless steel, etc.). The same goes for pots, pans, plates: this will damage your container and your knife.<\/p><p>Never use your knife for any purpose other than that for which it was designed: cutting in the kitchen! It is by no means a screwdriver, a can opener or an oyster knife &#8230;<\/p><p>Always secure your knife when using it: do not let it balance on the edge of a cutting board, on the edge of a table or counter, or with its edge facing up.<\/p>    <\/div>\n<\/div>\n<!-- \/module text --><!-- module text -->\n<div  class=\"module module-text tb_wi7x274   \" data-lazy=\"1\">\n        <div  class=\"tb_text_wrap\">\n        <h3>CLEANING YOUR KNIVES:<\/h3><p><strong>The dishwasher is strictly prohibited !!<\/strong><br>Wash the blade in hot soapy water immediately after use, with a soft sponge (do not use the abrasive green side, in order to avoid scratches).<br>Immediately wipe your knife with a cotton cloth or anti-scratch cloth and then store it on your magnetic bar. The wooden handle must be dried thoroughly.<\/p>    <\/div>\n<\/div>\n<!-- \/module text --><!-- module text -->\n<div  class=\"module module-text tb_mbcv327   \" data-lazy=\"1\">\n        <div  class=\"tb_text_wrap\">\n        <h3>MAINTENANCE OF YOUR KNIFE EDGE:<\/h3><p>It is imperative to maintain the knives as a preventative rather than a corrective one, so sharpen it when it is still cutting.<br>Sharpening should be done regularly: at least once a week if you use it daily. Take a sharpening gun with an oval bit, available in supermarkets.<\/p><p>Place your gun on a hard surface for better stability (work surface, cutting board). Lightly press the edge of the knife against your rifle as you slide it: no need to apply too much force. The important thing is to keep the same angle as the sharpening angle.<\/p><p>Repeat several times on both sides. Take your time in order to master the gesture, it is not the speed that determines the result. I remain at your disposal if you have any questions!<\/p>    <\/div>\n<\/div>\n<!-- \/module text --><!-- module buttons -->\n<div  class=\"module module-buttons tb_7nvb487 buttons-horizontal solid \" data-lazy=\"1\">\n        <div class=\"module-buttons-item tf_in_flx\">\n                        <a href=\"\/wp-content\/uploads\/conseils_emploi_couteau_cuisine.pdf\" class=\"ui builder_button tf_in_flx tb_default_color\" target=\"_blank\" rel=\"noopener\">\n                                                Download the file in PDF format                                        <\/a>\n                <\/div>\n            <\/div>\n<!-- \/module buttons -->\n        <\/div>\n                        <\/div>\n        <\/div>\n        <\/div>\n<!--\/themify_builder_content-->","protected":false},"excerpt":{"rendered":"<p>Conseils d&#8217;entretienCouteau cuisine RANGEMENT\/ STOCKAGE : Ne jamais ranger ses couteaux de cuisine dans un tiroir fourre-tout : risque de coupe en fouillant, risque d&#8217;ab\u00eemer la lame (micro-chocs sur le fil de la lame). L&#8217;id\u00e9al est d&#8217;installer une barre aimant\u00e9e dans votre cuisine, hors de port\u00e9e des enfants : vos couteaux seront accessibles plus rapidement [&hellip;]<\/p>\n","protected":false},"author":1,"featured_media":0,"parent":0,"menu_order":0,"comment_status":"closed","ping_status":"closed","template":"","meta":{"_monsterinsights_skip_tracking":false,"_monsterinsights_sitenote_active":false,"_monsterinsights_sitenote_note":"","_monsterinsights_sitenote_category":0,"footnotes":""},"class_list":["post-731","page","type-page","status-publish","hentry","has-post-title","has-post-date","has-post-category","has-post-tag","has-post-comment","has-post-author",""],"yoast_head":"<!-- This site is optimized with the Yoast SEO plugin v27.4 - https:\/\/yoast.com\/product\/yoast-seo-wordpress\/ -->\n<title>Advice - Kleos<\/title>\n<meta name=\"description\" content=\"Fabrication artisanale de couteaux de cuisine et de couteaux destin\u00e9s \u00e0 l&#039;ext\u00e9rieur (outdoor). Pi\u00e8ces uniques. Couteaux fabriqu\u00e9s en France.\" \/>\n<meta name=\"robots\" content=\"index, follow, max-snippet:-1, max-image-preview:large, max-video-preview:-1\" \/>\n<link rel=\"canonical\" href=\"https:\/\/kleos-artisan-coutelier.com\/en\/advice\/\" \/>\n<meta property=\"og:locale\" content=\"en_US\" \/>\n<meta property=\"og:type\" content=\"article\" \/>\n<meta property=\"og:title\" content=\"Advice - Kleos\" \/>\n<meta property=\"og:description\" content=\"Fabrication artisanale de couteaux de cuisine et de couteaux destin\u00e9s \u00e0 l&#039;ext\u00e9rieur (outdoor). Pi\u00e8ces uniques. Couteaux fabriqu\u00e9s en France.\" \/>\n<meta property=\"og:url\" content=\"https:\/\/kleos-artisan-coutelier.com\/en\/advice\/\" \/>\n<meta property=\"og:site_name\" content=\"Kleos\" \/>\n<meta property=\"article:publisher\" content=\"https:\/\/www.facebook.com\/kleos.knives\/\" \/>\n<meta name=\"twitter:card\" content=\"summary_large_image\" \/>\n<meta name=\"twitter:label1\" content=\"Est. reading time\" \/>\n\t<meta name=\"twitter:data1\" content=\"2 minutes\" \/>\n<script type=\"application\/ld+json\" class=\"yoast-schema-graph\">{\"@context\":\"https:\\\/\\\/schema.org\",\"@graph\":[{\"@type\":\"WebPage\",\"@id\":\"https:\\\/\\\/kleos-artisan-coutelier.com\\\/en\\\/advice\\\/\",\"url\":\"https:\\\/\\\/kleos-artisan-coutelier.com\\\/en\\\/advice\\\/\",\"name\":\"Advice - Kleos\",\"isPartOf\":{\"@id\":\"https:\\\/\\\/kleos-artisan-coutelier.com\\\/en\\\/#website\"},\"datePublished\":\"2021-12-05T15:30:59+00:00\",\"description\":\"Fabrication artisanale de couteaux de cuisine et de couteaux destin\u00e9s \u00e0 l'ext\u00e9rieur (outdoor). Pi\u00e8ces uniques. Couteaux fabriqu\u00e9s en France.\",\"breadcrumb\":{\"@id\":\"https:\\\/\\\/kleos-artisan-coutelier.com\\\/en\\\/advice\\\/#breadcrumb\"},\"inLanguage\":\"en-US\",\"potentialAction\":[{\"@type\":\"ReadAction\",\"target\":[\"https:\\\/\\\/kleos-artisan-coutelier.com\\\/en\\\/advice\\\/\"]}]},{\"@type\":\"BreadcrumbList\",\"@id\":\"https:\\\/\\\/kleos-artisan-coutelier.com\\\/en\\\/advice\\\/#breadcrumb\",\"itemListElement\":[{\"@type\":\"ListItem\",\"position\":1,\"name\":\"Accueil\",\"item\":\"https:\\\/\\\/kleos-artisan-coutelier.com\\\/en\\\/\"},{\"@type\":\"ListItem\",\"position\":2,\"name\":\"Advice\"}]},{\"@type\":\"WebSite\",\"@id\":\"https:\\\/\\\/kleos-artisan-coutelier.com\\\/en\\\/#website\",\"url\":\"https:\\\/\\\/kleos-artisan-coutelier.com\\\/en\\\/\",\"name\":\"Kleos\",\"description\":\"Kleos Artisan Coutelier\",\"publisher\":{\"@id\":\"https:\\\/\\\/kleos-artisan-coutelier.com\\\/en\\\/#organization\"},\"potentialAction\":[{\"@type\":\"SearchAction\",\"target\":{\"@type\":\"EntryPoint\",\"urlTemplate\":\"https:\\\/\\\/kleos-artisan-coutelier.com\\\/en\\\/?s={search_term_string}\"},\"query-input\":{\"@type\":\"PropertyValueSpecification\",\"valueRequired\":true,\"valueName\":\"search_term_string\"}}],\"inLanguage\":\"en-US\"},{\"@type\":\"Organization\",\"@id\":\"https:\\\/\\\/kleos-artisan-coutelier.com\\\/en\\\/#organization\",\"name\":\"Kleos\",\"url\":\"https:\\\/\\\/kleos-artisan-coutelier.com\\\/en\\\/\",\"logo\":{\"@type\":\"ImageObject\",\"inLanguage\":\"en-US\",\"@id\":\"https:\\\/\\\/kleos-artisan-coutelier.com\\\/en\\\/#\\\/schema\\\/logo\\\/image\\\/\",\"url\":\"https:\\\/\\\/kleos-artisan-coutelier.com\\\/wp-content\\\/uploads\\\/2021\\\/11\\\/FICHIERLOGO2-copie-2-1.png\",\"contentUrl\":\"https:\\\/\\\/kleos-artisan-coutelier.com\\\/wp-content\\\/uploads\\\/2021\\\/11\\\/FICHIERLOGO2-copie-2-1.png\",\"width\":185,\"height\":50,\"caption\":\"Kleos\"},\"image\":{\"@id\":\"https:\\\/\\\/kleos-artisan-coutelier.com\\\/en\\\/#\\\/schema\\\/logo\\\/image\\\/\"},\"sameAs\":[\"https:\\\/\\\/www.facebook.com\\\/kleos.knives\\\/\",\"https:\\\/\\\/www.instagram.com\\\/kleos.knives\"]}]}<\/script>\n<!-- \/ Yoast SEO plugin. -->","yoast_head_json":{"title":"Advice - Kleos","description":"Fabrication artisanale de couteaux de cuisine et de couteaux destin\u00e9s \u00e0 l'ext\u00e9rieur (outdoor). Pi\u00e8ces uniques. Couteaux fabriqu\u00e9s en France.","robots":{"index":"index","follow":"follow","max-snippet":"max-snippet:-1","max-image-preview":"max-image-preview:large","max-video-preview":"max-video-preview:-1"},"canonical":"https:\/\/kleos-artisan-coutelier.com\/en\/advice\/","og_locale":"en_US","og_type":"article","og_title":"Advice - Kleos","og_description":"Fabrication artisanale de couteaux de cuisine et de couteaux destin\u00e9s \u00e0 l'ext\u00e9rieur (outdoor). Pi\u00e8ces uniques. Couteaux fabriqu\u00e9s en France.","og_url":"https:\/\/kleos-artisan-coutelier.com\/en\/advice\/","og_site_name":"Kleos","article_publisher":"https:\/\/www.facebook.com\/kleos.knives\/","twitter_card":"summary_large_image","twitter_misc":{"Est. reading time":"2 minutes"},"schema":{"@context":"https:\/\/schema.org","@graph":[{"@type":"WebPage","@id":"https:\/\/kleos-artisan-coutelier.com\/en\/advice\/","url":"https:\/\/kleos-artisan-coutelier.com\/en\/advice\/","name":"Advice - Kleos","isPartOf":{"@id":"https:\/\/kleos-artisan-coutelier.com\/en\/#website"},"datePublished":"2021-12-05T15:30:59+00:00","description":"Fabrication artisanale de couteaux de cuisine et de couteaux destin\u00e9s \u00e0 l'ext\u00e9rieur (outdoor). Pi\u00e8ces uniques. Couteaux fabriqu\u00e9s en France.","breadcrumb":{"@id":"https:\/\/kleos-artisan-coutelier.com\/en\/advice\/#breadcrumb"},"inLanguage":"en-US","potentialAction":[{"@type":"ReadAction","target":["https:\/\/kleos-artisan-coutelier.com\/en\/advice\/"]}]},{"@type":"BreadcrumbList","@id":"https:\/\/kleos-artisan-coutelier.com\/en\/advice\/#breadcrumb","itemListElement":[{"@type":"ListItem","position":1,"name":"Accueil","item":"https:\/\/kleos-artisan-coutelier.com\/en\/"},{"@type":"ListItem","position":2,"name":"Advice"}]},{"@type":"WebSite","@id":"https:\/\/kleos-artisan-coutelier.com\/en\/#website","url":"https:\/\/kleos-artisan-coutelier.com\/en\/","name":"Kleos","description":"Kleos Artisan Coutelier","publisher":{"@id":"https:\/\/kleos-artisan-coutelier.com\/en\/#organization"},"potentialAction":[{"@type":"SearchAction","target":{"@type":"EntryPoint","urlTemplate":"https:\/\/kleos-artisan-coutelier.com\/en\/?s={search_term_string}"},"query-input":{"@type":"PropertyValueSpecification","valueRequired":true,"valueName":"search_term_string"}}],"inLanguage":"en-US"},{"@type":"Organization","@id":"https:\/\/kleos-artisan-coutelier.com\/en\/#organization","name":"Kleos","url":"https:\/\/kleos-artisan-coutelier.com\/en\/","logo":{"@type":"ImageObject","inLanguage":"en-US","@id":"https:\/\/kleos-artisan-coutelier.com\/en\/#\/schema\/logo\/image\/","url":"https:\/\/kleos-artisan-coutelier.com\/wp-content\/uploads\/2021\/11\/FICHIERLOGO2-copie-2-1.png","contentUrl":"https:\/\/kleos-artisan-coutelier.com\/wp-content\/uploads\/2021\/11\/FICHIERLOGO2-copie-2-1.png","width":185,"height":50,"caption":"Kleos"},"image":{"@id":"https:\/\/kleos-artisan-coutelier.com\/en\/#\/schema\/logo\/image\/"},"sameAs":["https:\/\/www.facebook.com\/kleos.knives\/","https:\/\/www.instagram.com\/kleos.knives"]}]}},"jetpack_sharing_enabled":true,"builder_content":"<h1>Maintenance tips<br\/>Kitchen knife<\/h1>\n<h3>STORAGE \/ STORAGE:<\/h3><p>Never store kitchen knives in a tote drawer: risk of cutting when rummaging, risk of damaging the blade (micro-shocks on the edge of the blade).<\/p><p>The ideal is to install a magnetic bar in your kitchen, out of the reach of children: your knives will be accessible more quickly and will be secure. Alternatively, you can store it in the box provided.<\/p><p>Avoid storage in damp places or when the ambient temperature is high (in a cellar, laundry room, near a stove, etc.). Indeed, some wood reacts badly to humidity or to strong variations in temperature: there is a significant risk of swelling, shrinkage of the material, or even cracking.<\/p><h3>USAGE TIPS :<\/h3><p>Use your knives only on a suitable cutting board! Always use a wooden board or, failing that, food-grade plastic.<br>Hard materials are prohibited (marble \/ glass \/ stainless steel, etc.). The same goes for pots, pans, plates: this will damage your container and your knife.<\/p><p>Never use your knife for any purpose other than that for which it was designed: cutting in the kitchen! It is by no means a screwdriver, a can opener or an oyster knife ...<\/p><p>Always secure your knife when using it: do not let it balance on the edge of a cutting board, on the edge of a table or counter, or with its edge facing up.<\/p>\n<h3>CLEANING YOUR KNIVES:<\/h3><p><strong>The dishwasher is strictly prohibited !!<\/strong><br>Wash the blade in hot soapy water immediately after use, with a soft sponge (do not use the abrasive green side, in order to avoid scratches).<br>Immediately wipe your knife with a cotton cloth or anti-scratch cloth and then store it on your magnetic bar. The wooden handle must be dried thoroughly.<\/p>\n<h3>MAINTENANCE OF YOUR KNIFE EDGE:<\/h3><p>It is imperative to maintain the knives as a preventative rather than a corrective one, so sharpen it when it is still cutting.<br>Sharpening should be done regularly: at least once a week if you use it daily. Take a sharpening gun with an oval bit, available in supermarkets.<\/p><p>Place your gun on a hard surface for better stability (work surface, cutting board). Lightly press the edge of the knife against your rifle as you slide it: no need to apply too much force. The important thing is to keep the same angle as the sharpening angle.<\/p><p>Repeat several times on both sides. Take your time in order to master the gesture, it is not the speed that determines the result. I remain at your disposal if you have any questions!<\/p>\n<a href=\"\/wp-content\/uploads\/conseils_emploi_couteau_cuisine.pdf\" target=\"_blank\" rel=\"noopener\"> Download the file in PDF format <\/a>","_links":{"self":[{"href":"https:\/\/kleos-artisan-coutelier.com\/en\/wp-json\/wp\/v2\/pages\/731","targetHints":{"allow":["GET"]}}],"collection":[{"href":"https:\/\/kleos-artisan-coutelier.com\/en\/wp-json\/wp\/v2\/pages"}],"about":[{"href":"https:\/\/kleos-artisan-coutelier.com\/en\/wp-json\/wp\/v2\/types\/page"}],"author":[{"embeddable":true,"href":"https:\/\/kleos-artisan-coutelier.com\/en\/wp-json\/wp\/v2\/users\/1"}],"replies":[{"embeddable":true,"href":"https:\/\/kleos-artisan-coutelier.com\/en\/wp-json\/wp\/v2\/comments?post=731"}],"version-history":[{"count":1,"href":"https:\/\/kleos-artisan-coutelier.com\/en\/wp-json\/wp\/v2\/pages\/731\/revisions"}],"predecessor-version":[{"id":732,"href":"https:\/\/kleos-artisan-coutelier.com\/en\/wp-json\/wp\/v2\/pages\/731\/revisions\/732"}],"wp:attachment":[{"href":"https:\/\/kleos-artisan-coutelier.com\/en\/wp-json\/wp\/v2\/media?parent=731"}],"curies":[{"name":"wp","href":"https:\/\/api.w.org\/{rel}","templated":true}]}}