{"id":13768,"date":"2021-12-13T09:25:42","date_gmt":"2021-12-13T08:25:42","guid":{"rendered":"https:\/\/kleos-artisan-coutelier.com\/?post_type=product&#038;p=13768"},"modified":"2024-01-31T16:53:48","modified_gmt":"2024-01-31T15:53:48","slug":"office-en-loupe-de-bois-de-fer","status":"publish","type":"product","link":"https:\/\/kleos-artisan-coutelier.com\/en\/produit\/office-en-loupe-de-bois-de-fer\/","title":{"rendered":"Office en loupe de bois de fer"},"content":{"rendered":"<div dir=\"auto\"><strong>Couteau d&#8217;office en loupe de bois de fer d&#8217;Arizona.<\/strong><\/div>\n<div dir=\"auto\"><\/div>\n<div dir=\"auto\">Fixation par vis et inserts mosa\u00efque.<\/div>\n<div dir=\"auto\">Livr\u00e9 dans sa bo\u00eete haut de gamme.<\/div>\n<div dir=\"auto\"><\/div>\n<div dir=\"auto\">Caract\u00e9ristiques du couteau :<\/div>\n<div dir=\"auto\">&#8211; Longueur totale : 20,5cm<\/div>\n<div dir=\"auto\">&#8211; 10cm de tranchant<\/div>\n<div dir=\"auto\">&#8211; manche de 9,5cm<\/div>\n<div dir=\"auto\">&#8211; Epaisseur de la lame : 2mm<\/div>\n<div dir=\"auto\">&#8211; Acier Alenox18Cr<\/div>\n<div dir=\"auto\">&#8211; Poids : 60g<\/div>\n<!--themify_builder_content-->\n<div id=\"themify_builder_content-13768\" data-postid=\"13768\" class=\"themify_builder_content themify_builder_content-13768 themify_builder tf_clear\">\n    <\/div>\n<!--\/themify_builder_content-->\n","protected":false},"excerpt":{"rendered":"<p>Couteau d&#8217;office en loupe de bois de fer d&#8217;Arizona. Fixation par vis et inserts mosa\u00efque. Livr\u00e9 dans sa bo\u00eete haut de gamme. Caract\u00e9ristiques du couteau : &#8211; Longueur totale : 20,5cm &#8211; 10cm de tranchant &#8211; manche de 9,5cm &#8211; Epaisseur de la lame : 2mm &#8211; Acier Alenox18Cr &#8211; Poids : 60g<\/p>\n","protected":false},"featured_media":13770,"template":"","meta":{"_monsterinsights_skip_tracking":false,"_monsterinsights_sitenote_active":false,"_monsterinsights_sitenote_note":"","_monsterinsights_sitenote_category":0},"product_brand":[],"product_cat":[46,63,64],"product_tag":[],"class_list":{"0":"post-13768","1":"product","2":"type-product","3":"status-publish","4":"has-post-thumbnail","6":"product_cat-la-cuisine","7":"product_cat-modernite","8":"product_cat-office","9":"has-post-title","10":"has-post-date","11":"has-post-category","12":"has-post-tag","13":"has-post-comment","14":"has-post-author","15":"","17":"first","18":"outofstock","19":"sold-individually","20":"shipping-taxable","21":"purchasable","22":"product-type-simple"},"yoast_head":"<!-- This site is optimized with the Yoast SEO plugin v27.4 - https:\/\/yoast.com\/product\/yoast-seo-wordpress\/ -->\n<title>Office en loupe de bois de fer - Kleos<\/title>\n<meta name=\"description\" content=\"Fabrication artisanale de couteaux de cuisine et de couteaux destin\u00e9s \u00e0 l&#039;ext\u00e9rieur (outdoor). Pi\u00e8ces uniques. Couteaux fabriqu\u00e9s en France.\" \/>\n<meta name=\"robots\" content=\"index, follow, max-snippet:-1, max-image-preview:large, max-video-preview:-1\" \/>\n<link rel=\"canonical\" href=\"https:\/\/kleos-artisan-coutelier.com\/en\/produit\/office-en-loupe-de-bois-de-fer\/\" \/>\n<meta property=\"og:locale\" content=\"en_US\" \/>\n<meta property=\"og:type\" content=\"article\" \/>\n<meta property=\"og:title\" content=\"Office en loupe de bois de fer - Kleos\" \/>\n<meta property=\"og:description\" content=\"Fabrication artisanale de couteaux de cuisine et de couteaux destin\u00e9s \u00e0 l&#039;ext\u00e9rieur (outdoor). Pi\u00e8ces uniques. Couteaux fabriqu\u00e9s en France.\" \/>\n<meta property=\"og:url\" content=\"https:\/\/kleos-artisan-coutelier.com\/en\/produit\/office-en-loupe-de-bois-de-fer\/\" \/>\n<meta property=\"og:site_name\" content=\"Kleos\" \/>\n<meta property=\"article:publisher\" content=\"https:\/\/www.facebook.com\/kleos.knives\/\" \/>\n<meta property=\"article:modified_time\" content=\"2024-01-31T15:53:48+00:00\" \/>\n<meta property=\"og:image\" content=\"https:\/\/kleos-artisan-coutelier.com\/wp-content\/uploads\/2021\/12\/office-bois-de-fer-scaled.jpg\" \/>\n\t<meta property=\"og:image:width\" content=\"2560\" \/>\n\t<meta property=\"og:image:height\" content=\"2560\" \/>\n\t<meta property=\"og:image:type\" content=\"image\/jpeg\" \/>\n<meta name=\"twitter:card\" content=\"summary_large_image\" \/>\n<meta name=\"twitter:label1\" content=\"Est. reading time\" \/>\n\t<meta name=\"twitter:data1\" content=\"1 minute\" \/>\n<script type=\"application\/ld+json\" class=\"yoast-schema-graph\">{\"@context\":\"https:\\\/\\\/schema.org\",\"@graph\":[{\"@type\":\"WebPage\",\"@id\":\"https:\\\/\\\/kleos-artisan-coutelier.com\\\/en\\\/produit\\\/office-en-loupe-de-bois-de-fer\\\/\",\"url\":\"https:\\\/\\\/kleos-artisan-coutelier.com\\\/en\\\/produit\\\/office-en-loupe-de-bois-de-fer\\\/\",\"name\":\"Office en loupe de bois de fer - Kleos\",\"isPartOf\":{\"@id\":\"https:\\\/\\\/kleos-artisan-coutelier.com\\\/en\\\/#website\"},\"primaryImageOfPage\":{\"@id\":\"https:\\\/\\\/kleos-artisan-coutelier.com\\\/en\\\/produit\\\/office-en-loupe-de-bois-de-fer\\\/#primaryimage\"},\"image\":{\"@id\":\"https:\\\/\\\/kleos-artisan-coutelier.com\\\/en\\\/produit\\\/office-en-loupe-de-bois-de-fer\\\/#primaryimage\"},\"thumbnailUrl\":\"https:\\\/\\\/kleos-artisan-coutelier.com\\\/wp-content\\\/uploads\\\/2021\\\/12\\\/office-bois-de-fer-scaled.jpg\",\"datePublished\":\"2021-12-13T08:25:42+00:00\",\"dateModified\":\"2024-01-31T15:53:48+00:00\",\"description\":\"Fabrication artisanale de couteaux de cuisine et de couteaux destin\u00e9s \u00e0 l'ext\u00e9rieur (outdoor). Pi\u00e8ces uniques. Couteaux fabriqu\u00e9s en France.\",\"breadcrumb\":{\"@id\":\"https:\\\/\\\/kleos-artisan-coutelier.com\\\/en\\\/produit\\\/office-en-loupe-de-bois-de-fer\\\/#breadcrumb\"},\"inLanguage\":\"en-US\",\"potentialAction\":[{\"@type\":\"ReadAction\",\"target\":[\"https:\\\/\\\/kleos-artisan-coutelier.com\\\/en\\\/produit\\\/office-en-loupe-de-bois-de-fer\\\/\"]}]},{\"@type\":\"ImageObject\",\"inLanguage\":\"en-US\",\"@id\":\"https:\\\/\\\/kleos-artisan-coutelier.com\\\/en\\\/produit\\\/office-en-loupe-de-bois-de-fer\\\/#primaryimage\",\"url\":\"https:\\\/\\\/kleos-artisan-coutelier.com\\\/wp-content\\\/uploads\\\/2021\\\/12\\\/office-bois-de-fer-scaled.jpg\",\"contentUrl\":\"https:\\\/\\\/kleos-artisan-coutelier.com\\\/wp-content\\\/uploads\\\/2021\\\/12\\\/office-bois-de-fer-scaled.jpg\",\"width\":2560,\"height\":2560},{\"@type\":\"BreadcrumbList\",\"@id\":\"https:\\\/\\\/kleos-artisan-coutelier.com\\\/en\\\/produit\\\/office-en-loupe-de-bois-de-fer\\\/#breadcrumb\",\"itemListElement\":[{\"@type\":\"ListItem\",\"position\":1,\"name\":\"Accueil\",\"item\":\"https:\\\/\\\/kleos-artisan-coutelier.com\\\/en\\\/\"},{\"@type\":\"ListItem\",\"position\":2,\"name\":\"Shop\",\"item\":\"https:\\\/\\\/kleos-artisan-coutelier.com\\\/en\\\/shop-2\\\/\"},{\"@type\":\"ListItem\",\"position\":3,\"name\":\"Office en loupe de bois de fer\"}]},{\"@type\":\"WebSite\",\"@id\":\"https:\\\/\\\/kleos-artisan-coutelier.com\\\/en\\\/#website\",\"url\":\"https:\\\/\\\/kleos-artisan-coutelier.com\\\/en\\\/\",\"name\":\"Kleos\",\"description\":\"Kleos Artisan Coutelier\",\"publisher\":{\"@id\":\"https:\\\/\\\/kleos-artisan-coutelier.com\\\/en\\\/#organization\"},\"potentialAction\":[{\"@type\":\"SearchAction\",\"target\":{\"@type\":\"EntryPoint\",\"urlTemplate\":\"https:\\\/\\\/kleos-artisan-coutelier.com\\\/en\\\/?s={search_term_string}\"},\"query-input\":{\"@type\":\"PropertyValueSpecification\",\"valueRequired\":true,\"valueName\":\"search_term_string\"}}],\"inLanguage\":\"en-US\"},{\"@type\":\"Organization\",\"@id\":\"https:\\\/\\\/kleos-artisan-coutelier.com\\\/en\\\/#organization\",\"name\":\"Kleos\",\"url\":\"https:\\\/\\\/kleos-artisan-coutelier.com\\\/en\\\/\",\"logo\":{\"@type\":\"ImageObject\",\"inLanguage\":\"en-US\",\"@id\":\"https:\\\/\\\/kleos-artisan-coutelier.com\\\/en\\\/#\\\/schema\\\/logo\\\/image\\\/\",\"url\":\"https:\\\/\\\/kleos-artisan-coutelier.com\\\/wp-content\\\/uploads\\\/2021\\\/11\\\/FICHIERLOGO2-copie-2-1.png\",\"contentUrl\":\"https:\\\/\\\/kleos-artisan-coutelier.com\\\/wp-content\\\/uploads\\\/2021\\\/11\\\/FICHIERLOGO2-copie-2-1.png\",\"width\":185,\"height\":50,\"caption\":\"Kleos\"},\"image\":{\"@id\":\"https:\\\/\\\/kleos-artisan-coutelier.com\\\/en\\\/#\\\/schema\\\/logo\\\/image\\\/\"},\"sameAs\":[\"https:\\\/\\\/www.facebook.com\\\/kleos.knives\\\/\",\"https:\\\/\\\/www.instagram.com\\\/kleos.knives\"]}]}<\/script>\n<!-- \/ Yoast SEO plugin. -->","yoast_head_json":{"title":"Office en loupe de bois de fer - Kleos","description":"Fabrication artisanale de couteaux de cuisine et de couteaux destin\u00e9s \u00e0 l'ext\u00e9rieur (outdoor). Pi\u00e8ces uniques. Couteaux fabriqu\u00e9s en France.","robots":{"index":"index","follow":"follow","max-snippet":"max-snippet:-1","max-image-preview":"max-image-preview:large","max-video-preview":"max-video-preview:-1"},"canonical":"https:\/\/kleos-artisan-coutelier.com\/en\/produit\/office-en-loupe-de-bois-de-fer\/","og_locale":"en_US","og_type":"article","og_title":"Office en loupe de bois de fer - Kleos","og_description":"Fabrication artisanale de couteaux de cuisine et de couteaux destin\u00e9s \u00e0 l'ext\u00e9rieur (outdoor). Pi\u00e8ces uniques. Couteaux fabriqu\u00e9s en France.","og_url":"https:\/\/kleos-artisan-coutelier.com\/en\/produit\/office-en-loupe-de-bois-de-fer\/","og_site_name":"Kleos","article_publisher":"https:\/\/www.facebook.com\/kleos.knives\/","article_modified_time":"2024-01-31T15:53:48+00:00","og_image":[{"width":2560,"height":2560,"url":"https:\/\/kleos-artisan-coutelier.com\/wp-content\/uploads\/2021\/12\/office-bois-de-fer-scaled.jpg","type":"image\/jpeg"}],"twitter_card":"summary_large_image","twitter_misc":{"Est. reading time":"1 minute"},"schema":{"@context":"https:\/\/schema.org","@graph":[{"@type":"WebPage","@id":"https:\/\/kleos-artisan-coutelier.com\/en\/produit\/office-en-loupe-de-bois-de-fer\/","url":"https:\/\/kleos-artisan-coutelier.com\/en\/produit\/office-en-loupe-de-bois-de-fer\/","name":"Office en loupe de bois de fer - Kleos","isPartOf":{"@id":"https:\/\/kleos-artisan-coutelier.com\/en\/#website"},"primaryImageOfPage":{"@id":"https:\/\/kleos-artisan-coutelier.com\/en\/produit\/office-en-loupe-de-bois-de-fer\/#primaryimage"},"image":{"@id":"https:\/\/kleos-artisan-coutelier.com\/en\/produit\/office-en-loupe-de-bois-de-fer\/#primaryimage"},"thumbnailUrl":"https:\/\/kleos-artisan-coutelier.com\/wp-content\/uploads\/2021\/12\/office-bois-de-fer-scaled.jpg","datePublished":"2021-12-13T08:25:42+00:00","dateModified":"2024-01-31T15:53:48+00:00","description":"Fabrication artisanale de couteaux de cuisine et de couteaux destin\u00e9s \u00e0 l'ext\u00e9rieur (outdoor). Pi\u00e8ces uniques. Couteaux fabriqu\u00e9s en France.","breadcrumb":{"@id":"https:\/\/kleos-artisan-coutelier.com\/en\/produit\/office-en-loupe-de-bois-de-fer\/#breadcrumb"},"inLanguage":"en-US","potentialAction":[{"@type":"ReadAction","target":["https:\/\/kleos-artisan-coutelier.com\/en\/produit\/office-en-loupe-de-bois-de-fer\/"]}]},{"@type":"ImageObject","inLanguage":"en-US","@id":"https:\/\/kleos-artisan-coutelier.com\/en\/produit\/office-en-loupe-de-bois-de-fer\/#primaryimage","url":"https:\/\/kleos-artisan-coutelier.com\/wp-content\/uploads\/2021\/12\/office-bois-de-fer-scaled.jpg","contentUrl":"https:\/\/kleos-artisan-coutelier.com\/wp-content\/uploads\/2021\/12\/office-bois-de-fer-scaled.jpg","width":2560,"height":2560},{"@type":"BreadcrumbList","@id":"https:\/\/kleos-artisan-coutelier.com\/en\/produit\/office-en-loupe-de-bois-de-fer\/#breadcrumb","itemListElement":[{"@type":"ListItem","position":1,"name":"Accueil","item":"https:\/\/kleos-artisan-coutelier.com\/en\/"},{"@type":"ListItem","position":2,"name":"Shop","item":"https:\/\/kleos-artisan-coutelier.com\/en\/shop-2\/"},{"@type":"ListItem","position":3,"name":"Office en loupe de bois de fer"}]},{"@type":"WebSite","@id":"https:\/\/kleos-artisan-coutelier.com\/en\/#website","url":"https:\/\/kleos-artisan-coutelier.com\/en\/","name":"Kleos","description":"Kleos Artisan Coutelier","publisher":{"@id":"https:\/\/kleos-artisan-coutelier.com\/en\/#organization"},"potentialAction":[{"@type":"SearchAction","target":{"@type":"EntryPoint","urlTemplate":"https:\/\/kleos-artisan-coutelier.com\/en\/?s={search_term_string}"},"query-input":{"@type":"PropertyValueSpecification","valueRequired":true,"valueName":"search_term_string"}}],"inLanguage":"en-US"},{"@type":"Organization","@id":"https:\/\/kleos-artisan-coutelier.com\/en\/#organization","name":"Kleos","url":"https:\/\/kleos-artisan-coutelier.com\/en\/","logo":{"@type":"ImageObject","inLanguage":"en-US","@id":"https:\/\/kleos-artisan-coutelier.com\/en\/#\/schema\/logo\/image\/","url":"https:\/\/kleos-artisan-coutelier.com\/wp-content\/uploads\/2021\/11\/FICHIERLOGO2-copie-2-1.png","contentUrl":"https:\/\/kleos-artisan-coutelier.com\/wp-content\/uploads\/2021\/11\/FICHIERLOGO2-copie-2-1.png","width":185,"height":50,"caption":"Kleos"},"image":{"@id":"https:\/\/kleos-artisan-coutelier.com\/en\/#\/schema\/logo\/image\/"},"sameAs":["https:\/\/www.facebook.com\/kleos.knives\/","https:\/\/www.instagram.com\/kleos.knives"]}]}},"jetpack_sharing_enabled":true,"builder_content":"","_links":{"self":[{"href":"https:\/\/kleos-artisan-coutelier.com\/en\/wp-json\/wp\/v2\/product\/13768","targetHints":{"allow":["GET"]}}],"collection":[{"href":"https:\/\/kleos-artisan-coutelier.com\/en\/wp-json\/wp\/v2\/product"}],"about":[{"href":"https:\/\/kleos-artisan-coutelier.com\/en\/wp-json\/wp\/v2\/types\/product"}],"wp:featuredmedia":[{"embeddable":true,"href":"https:\/\/kleos-artisan-coutelier.com\/en\/wp-json\/wp\/v2\/media\/13770"}],"wp:attachment":[{"href":"https:\/\/kleos-artisan-coutelier.com\/en\/wp-json\/wp\/v2\/media?parent=13768"}],"wp:term":[{"taxonomy":"product_brand","embeddable":true,"href":"https:\/\/kleos-artisan-coutelier.com\/en\/wp-json\/wp\/v2\/product_brand?post=13768"},{"taxonomy":"product_cat","embeddable":true,"href":"https:\/\/kleos-artisan-coutelier.com\/en\/wp-json\/wp\/v2\/product_cat?post=13768"},{"taxonomy":"product_tag","embeddable":true,"href":"https:\/\/kleos-artisan-coutelier.com\/en\/wp-json\/wp\/v2\/product_tag?post=13768"}],"curies":[{"name":"wp","href":"https:\/\/api.w.org\/{rel}","templated":true}]}}