{"id":14033,"date":"2022-01-06T14:55:22","date_gmt":"2022-01-06T13:55:22","guid":{"rendered":"https:\/\/kleos-artisan-coutelier.com\/?post_type=product&#038;p=14033"},"modified":"2026-04-03T15:43:27","modified_gmt":"2026-04-03T13:43:27","slug":"couteau-de-cuisine-thiers","status":"publish","type":"product","link":"https:\/\/kleos-artisan-coutelier.com\/en\/produit\/couteau-de-cuisine-thiers\/","title":{"rendered":"Couteau de cuisine Thiers"},"content":{"rendered":"<div class=\"o9v6fnle cxmmr5t8 oygrvhab hcukyx3x c1et5uql ii04i59q\">\n<div dir=\"auto\">\n<h1 data-section-id=\"npowrd\" data-start=\"203\" data-end=\"263\"><span role=\"text\"><strong data-start=\"205\" data-end=\"261\">Couteau de cuisine Thiers \u2013 \u00c9minceur Bunka artisanal<\/strong><\/span><\/h1>\n<p data-start=\"264\" data-end=\"317\">Tradition couteli\u00e8re fran\u00e7aise.<\/p>\n<h2 data-section-id=\"l2e4p4\" data-start=\"319\" data-end=\"369\">Un couteau de cuisine Thiers inspir\u00e9 du Bunka<\/h2>\n<p data-start=\"371\" data-end=\"761\">Ce <strong data-start=\"374\" data-end=\"403\">couteau de cuisine Thiers<\/strong> s\u2019inspire du profil japonais <strong data-start=\"433\" data-end=\"442\">Bunka<\/strong>, appr\u00e9ci\u00e9 pour sa pr\u00e9cision et sa polyvalence. Sa pointe fine et sa lame l\u00e9g\u00e8rement anguleuse permettent des d\u00e9coupes nettes et ma\u00eetris\u00e9es, id\u00e9ales pour travailler aussi bien les l\u00e9gumes que les viandes.<br data-start=\"646\" data-end=\"649\" \/>Pens\u00e9 et r\u00e9alis\u00e9 dans l\u2019esprit de la coutellerie thiernoise, il allie tradition fran\u00e7aise et efficacit\u00e9 moderne.<\/p>\n<h2 data-section-id=\"xkapc4\" data-start=\"763\" data-end=\"804\">Une lame performante en acier 14C28n<\/h2>\n<p data-start=\"806\" data-end=\"1184\">La lame en <strong data-start=\"817\" data-end=\"844\">acier inoxydable 14C28n<\/strong>, tremp\u00e9e \u00e0 <strong data-start=\"856\" data-end=\"866\">58 HRC<\/strong>, offre un excellent compromis entre tranchant, durabilit\u00e9 et facilit\u00e9 d\u2019entretien.<br data-start=\"949\" data-end=\"952\" \/>Avec <strong data-start=\"957\" data-end=\"979\">17 cm de tranchant<\/strong> et une <strong data-start=\"987\" data-end=\"1010\">\u00e9paisseur de 2,5 mm<\/strong>, elle garantit une coupe pr\u00e9cise et fluide.<br data-start=\"1054\" data-end=\"1057\" \/>Sa <strong data-start=\"1060\" data-end=\"1088\">longueur totale de 29 cm<\/strong> et son <strong data-start=\"1096\" data-end=\"1114\">poids de 190 g<\/strong> assurent un \u00e9quilibre optimal pour un usage confortable au quotidien.<\/p>\n<h2 data-section-id=\"11pcwkm\" data-start=\"1186\" data-end=\"1225\">Une construction solide et durable<\/h2>\n<p data-start=\"1227\" data-end=\"1509\">Ce couteau adopte une <strong data-start=\"1249\" data-end=\"1279\">construction plate semelle<\/strong>, reconnue pour sa robustesse. La <strong data-start=\"1313\" data-end=\"1333\">fixation par vis<\/strong> garantit un assemblage fiable dans le temps.<br data-start=\"1378\" data-end=\"1381\" \/>Les <strong data-start=\"1385\" data-end=\"1407\">inserts en carbone<\/strong>, sobres et \u00e9l\u00e9gants, apportent une touche contemporaine \u00e0 l\u2019ensemble.<\/p>\n<h2 data-section-id=\"14qirlr\" data-start=\"1511\" data-end=\"1552\">Un manche en h\u00eatre stabilis\u00e9 naturel<\/h2>\n<p data-start=\"1554\" data-end=\"1897\">Le manche est r\u00e9alis\u00e9 en <strong data-start=\"1579\" data-end=\"1616\">h\u00eatre stabilis\u00e9, teinte naturelle<\/strong>, offrant une esth\u00e9tique claire, douce et authentique. Le bois r\u00e9v\u00e8le un veinage discret et \u00e9l\u00e9gant, tout en b\u00e9n\u00e9ficiant d\u2019une excellente r\u00e9sistance gr\u00e2ce \u00e0 la stabilisation.<br data-start=\"1790\" data-end=\"1793\" \/>Ce choix de mat\u00e9riau assure une <strong data-start=\"1825\" data-end=\"1854\">prise en main confortable<\/strong>, id\u00e9ale pour un usage prolong\u00e9 en cuisine.<\/p>\n<h2 data-section-id=\"q359yw\" data-start=\"1899\" data-end=\"1934\">Un fourreau en cuir sur mesure<\/h2>\n<p data-start=\"1936\" data-end=\"2149\">Ce <strong data-start=\"1939\" data-end=\"1968\">couteau de cuisine Thiers<\/strong> est livr\u00e9 avec un <strong data-start=\"1987\" data-end=\"2031\">fourreau en cuir noir r\u00e9alis\u00e9 sur mesure<\/strong>. Il prot\u00e8ge efficacement la lame et facilite le transport, tout en renfor\u00e7ant le caract\u00e8re haut de gamme de la pi\u00e8ce.<\/p>\n<h2 data-section-id=\"1g4cq7o\" data-start=\"2151\" data-end=\"2208\">Un couteau pour les passionn\u00e9s et les professionnels<\/h2>\n<p data-start=\"2210\" data-end=\"2442\">\u00c0 la fois pr\u00e9cis, robuste et esth\u00e9tique, ce <strong data-start=\"2254\" data-end=\"2283\">couteau de cuisine Thiers<\/strong> incarne le savoir-faire artisanal fran\u00e7ais. Il accompagne vos gestes avec fluidit\u00e9 et devient un outil incontournable pour toutes vos pr\u00e9parations culinaires.<\/p>\n<\/div>\n<p data-start=\"2486\" data-end=\"2678\">\ud83d\udc49 Pour entretenir votre <strong data-start=\"2511\" data-end=\"2540\">couteau de cuisine Thiers<\/strong> et pr\u00e9server son tranchant, consultez notre guide complet : <a class=\"decorated-link\" href=\"https:\/\/kleos-artisan-coutelier.com\/conseils-dentretien-couteau-de-cuisine\/\" target=\"_blank\" rel=\"noopener\" data-start=\"235\" data-end=\"310\">Conseils d\u2019entretien<\/a><\/p>\n<p data-start=\"2680\" data-end=\"2807\">\ud83d\udc49 D\u00e9couvrez ce mod\u00e8le en situation et suivez nos derni\u00e8res cr\u00e9ations sur Instagram : <a class=\"decorated-link\" href=\"https:\/\/www.instagram.com\/kleos.knives\/\" target=\"_blank\" rel=\"noopener\" data-start=\"414\" data-end=\"453\">@kleos.knives<\/a><\/p>\n<\/div>\n","protected":false},"excerpt":{"rendered":"<p>Frais de port et assurance transport offerts pour la France m\u00e9tropolitaine.<\/p>\n","protected":false},"featured_media":20147,"template":"","meta":{"_monsterinsights_skip_tracking":false,"_monsterinsights_sitenote_active":false,"_monsterinsights_sitenote_note":"","_monsterinsights_sitenote_category":0},"product_brand":[],"product_cat":[46,63,65],"product_tag":[106,60,75],"class_list":{"0":"post-14033","1":"product","2":"type-product","3":"status-publish","4":"has-post-thumbnail","6":"product_cat-la-cuisine","7":"product_cat-modernite","8":"product_cat-eminceurs","9":"product_tag-bunka","10":"product_tag-inox","11":"product_tag-stabilise","12":"has-post-title","13":"has-post-date","14":"has-post-category","15":"has-post-tag","16":"has-post-comment","17":"has-post-author","18":"","20":"first","21":"instock","22":"sold-individually","23":"shipping-taxable","24":"purchasable","25":"product-type-simple"},"yoast_head":"<!-- This site is optimized with the Yoast SEO plugin v27.3 - https:\/\/yoast.com\/product\/yoast-seo-wordpress\/ -->\n<title>Couteau de cuisine Thiers - Kleos<\/title>\n<meta name=\"description\" content=\"Couteau de cuisine Thiers : lame 14C28n, manche en h\u00eatre stabilis\u00e9 naturel, inserts carbone et fourreau cuir sur mesure. Pr\u00e9cision artisanale fran\u00e7aise.\" \/>\n<meta name=\"robots\" content=\"index, follow, max-snippet:-1, max-image-preview:large, max-video-preview:-1\" \/>\n<link rel=\"canonical\" href=\"https:\/\/kleos-artisan-coutelier.com\/en\/produit\/couteau-de-cuisine-thiers\/\" \/>\n<meta property=\"og:locale\" content=\"en_US\" \/>\n<meta property=\"og:type\" content=\"article\" \/>\n<meta property=\"og:title\" content=\"Couteau de cuisine Thiers - Kleos\" \/>\n<meta property=\"og:description\" content=\"Couteau de cuisine Thiers : lame 14C28n, manche en h\u00eatre stabilis\u00e9 naturel, inserts carbone et fourreau cuir sur mesure. Pr\u00e9cision artisanale fran\u00e7aise.\" \/>\n<meta property=\"og:url\" content=\"https:\/\/kleos-artisan-coutelier.com\/en\/produit\/couteau-de-cuisine-thiers\/\" \/>\n<meta property=\"og:site_name\" content=\"Kleos\" \/>\n<meta property=\"article:publisher\" content=\"https:\/\/www.facebook.com\/kleos.knives\/\" \/>\n<meta property=\"article:modified_time\" content=\"2026-04-03T13:43:27+00:00\" \/>\n<meta property=\"og:image\" content=\"https:\/\/kleos-artisan-coutelier.com\/wp-content\/uploads\/2026\/04\/WhatsApp-Image-2026-04-02-at-15.27.56-1.jpeg\" \/>\n\t<meta property=\"og:image:width\" content=\"2048\" \/>\n\t<meta property=\"og:image:height\" content=\"2048\" \/>\n\t<meta property=\"og:image:type\" content=\"image\/jpeg\" \/>\n<meta name=\"twitter:card\" content=\"summary_large_image\" \/>\n<meta name=\"twitter:label1\" content=\"Est. reading time\" \/>\n\t<meta name=\"twitter:data1\" content=\"3 minutes\" \/>\n<script type=\"application\/ld+json\" class=\"yoast-schema-graph\">{\"@context\":\"https:\\\/\\\/schema.org\",\"@graph\":[{\"@type\":\"WebPage\",\"@id\":\"https:\\\/\\\/kleos-artisan-coutelier.com\\\/en\\\/produit\\\/couteau-de-cuisine-thiers\\\/\",\"url\":\"https:\\\/\\\/kleos-artisan-coutelier.com\\\/en\\\/produit\\\/couteau-de-cuisine-thiers\\\/\",\"name\":\"Couteau de cuisine Thiers - Kleos\",\"isPartOf\":{\"@id\":\"https:\\\/\\\/kleos-artisan-coutelier.com\\\/en\\\/#website\"},\"primaryImageOfPage\":{\"@id\":\"https:\\\/\\\/kleos-artisan-coutelier.com\\\/en\\\/produit\\\/couteau-de-cuisine-thiers\\\/#primaryimage\"},\"image\":{\"@id\":\"https:\\\/\\\/kleos-artisan-coutelier.com\\\/en\\\/produit\\\/couteau-de-cuisine-thiers\\\/#primaryimage\"},\"thumbnailUrl\":\"https:\\\/\\\/kleos-artisan-coutelier.com\\\/wp-content\\\/uploads\\\/2026\\\/04\\\/WhatsApp-Image-2026-04-02-at-15.27.56-1.jpeg\",\"datePublished\":\"2022-01-06T13:55:22+00:00\",\"dateModified\":\"2026-04-03T13:43:27+00:00\",\"description\":\"Couteau de cuisine Thiers : lame 14C28n, manche en h\u00eatre stabilis\u00e9 naturel, inserts carbone et fourreau cuir sur mesure. Pr\u00e9cision artisanale fran\u00e7aise.\",\"breadcrumb\":{\"@id\":\"https:\\\/\\\/kleos-artisan-coutelier.com\\\/en\\\/produit\\\/couteau-de-cuisine-thiers\\\/#breadcrumb\"},\"inLanguage\":\"en-US\",\"potentialAction\":[{\"@type\":\"ReadAction\",\"target\":[\"https:\\\/\\\/kleos-artisan-coutelier.com\\\/en\\\/produit\\\/couteau-de-cuisine-thiers\\\/\"]}]},{\"@type\":\"ImageObject\",\"inLanguage\":\"en-US\",\"@id\":\"https:\\\/\\\/kleos-artisan-coutelier.com\\\/en\\\/produit\\\/couteau-de-cuisine-thiers\\\/#primaryimage\",\"url\":\"https:\\\/\\\/kleos-artisan-coutelier.com\\\/wp-content\\\/uploads\\\/2026\\\/04\\\/WhatsApp-Image-2026-04-02-at-15.27.56-1.jpeg\",\"contentUrl\":\"https:\\\/\\\/kleos-artisan-coutelier.com\\\/wp-content\\\/uploads\\\/2026\\\/04\\\/WhatsApp-Image-2026-04-02-at-15.27.56-1.jpeg\",\"width\":2048,\"height\":2048,\"caption\":\"couteau de cuisine Thiers\"},{\"@type\":\"BreadcrumbList\",\"@id\":\"https:\\\/\\\/kleos-artisan-coutelier.com\\\/en\\\/produit\\\/couteau-de-cuisine-thiers\\\/#breadcrumb\",\"itemListElement\":[{\"@type\":\"ListItem\",\"position\":1,\"name\":\"Accueil\",\"item\":\"https:\\\/\\\/kleos-artisan-coutelier.com\\\/en\\\/\"},{\"@type\":\"ListItem\",\"position\":2,\"name\":\"Shop\",\"item\":\"https:\\\/\\\/kleos-artisan-coutelier.com\\\/en\\\/shop-2\\\/\"},{\"@type\":\"ListItem\",\"position\":3,\"name\":\"Couteau de cuisine Thiers\"}]},{\"@type\":\"WebSite\",\"@id\":\"https:\\\/\\\/kleos-artisan-coutelier.com\\\/en\\\/#website\",\"url\":\"https:\\\/\\\/kleos-artisan-coutelier.com\\\/en\\\/\",\"name\":\"Kleos\",\"description\":\"Kleos Artisan Coutelier\",\"publisher\":{\"@id\":\"https:\\\/\\\/kleos-artisan-coutelier.com\\\/en\\\/#organization\"},\"potentialAction\":[{\"@type\":\"SearchAction\",\"target\":{\"@type\":\"EntryPoint\",\"urlTemplate\":\"https:\\\/\\\/kleos-artisan-coutelier.com\\\/en\\\/?s={search_term_string}\"},\"query-input\":{\"@type\":\"PropertyValueSpecification\",\"valueRequired\":true,\"valueName\":\"search_term_string\"}}],\"inLanguage\":\"en-US\"},{\"@type\":\"Organization\",\"@id\":\"https:\\\/\\\/kleos-artisan-coutelier.com\\\/en\\\/#organization\",\"name\":\"Kleos\",\"url\":\"https:\\\/\\\/kleos-artisan-coutelier.com\\\/en\\\/\",\"logo\":{\"@type\":\"ImageObject\",\"inLanguage\":\"en-US\",\"@id\":\"https:\\\/\\\/kleos-artisan-coutelier.com\\\/en\\\/#\\\/schema\\\/logo\\\/image\\\/\",\"url\":\"https:\\\/\\\/kleos-artisan-coutelier.com\\\/wp-content\\\/uploads\\\/2021\\\/11\\\/FICHIERLOGO2-copie-2-1.png\",\"contentUrl\":\"https:\\\/\\\/kleos-artisan-coutelier.com\\\/wp-content\\\/uploads\\\/2021\\\/11\\\/FICHIERLOGO2-copie-2-1.png\",\"width\":185,\"height\":50,\"caption\":\"Kleos\"},\"image\":{\"@id\":\"https:\\\/\\\/kleos-artisan-coutelier.com\\\/en\\\/#\\\/schema\\\/logo\\\/image\\\/\"},\"sameAs\":[\"https:\\\/\\\/www.facebook.com\\\/kleos.knives\\\/\",\"https:\\\/\\\/www.instagram.com\\\/kleos.knives\"]}]}<\/script>\n<!-- \/ Yoast SEO plugin. -->","yoast_head_json":{"title":"Couteau de cuisine Thiers - Kleos","description":"Couteau de cuisine Thiers : lame 14C28n, manche en h\u00eatre stabilis\u00e9 naturel, inserts carbone et fourreau cuir sur mesure. Pr\u00e9cision artisanale fran\u00e7aise.","robots":{"index":"index","follow":"follow","max-snippet":"max-snippet:-1","max-image-preview":"max-image-preview:large","max-video-preview":"max-video-preview:-1"},"canonical":"https:\/\/kleos-artisan-coutelier.com\/en\/produit\/couteau-de-cuisine-thiers\/","og_locale":"en_US","og_type":"article","og_title":"Couteau de cuisine Thiers - Kleos","og_description":"Couteau de cuisine Thiers : lame 14C28n, manche en h\u00eatre stabilis\u00e9 naturel, inserts carbone et fourreau cuir sur mesure. Pr\u00e9cision artisanale fran\u00e7aise.","og_url":"https:\/\/kleos-artisan-coutelier.com\/en\/produit\/couteau-de-cuisine-thiers\/","og_site_name":"Kleos","article_publisher":"https:\/\/www.facebook.com\/kleos.knives\/","article_modified_time":"2026-04-03T13:43:27+00:00","og_image":[{"width":2048,"height":2048,"url":"https:\/\/kleos-artisan-coutelier.com\/wp-content\/uploads\/2026\/04\/WhatsApp-Image-2026-04-02-at-15.27.56-1.jpeg","type":"image\/jpeg"}],"twitter_card":"summary_large_image","twitter_misc":{"Est. reading time":"3 minutes"},"schema":{"@context":"https:\/\/schema.org","@graph":[{"@type":"WebPage","@id":"https:\/\/kleos-artisan-coutelier.com\/en\/produit\/couteau-de-cuisine-thiers\/","url":"https:\/\/kleos-artisan-coutelier.com\/en\/produit\/couteau-de-cuisine-thiers\/","name":"Couteau de cuisine Thiers - Kleos","isPartOf":{"@id":"https:\/\/kleos-artisan-coutelier.com\/en\/#website"},"primaryImageOfPage":{"@id":"https:\/\/kleos-artisan-coutelier.com\/en\/produit\/couteau-de-cuisine-thiers\/#primaryimage"},"image":{"@id":"https:\/\/kleos-artisan-coutelier.com\/en\/produit\/couteau-de-cuisine-thiers\/#primaryimage"},"thumbnailUrl":"https:\/\/kleos-artisan-coutelier.com\/wp-content\/uploads\/2026\/04\/WhatsApp-Image-2026-04-02-at-15.27.56-1.jpeg","datePublished":"2022-01-06T13:55:22+00:00","dateModified":"2026-04-03T13:43:27+00:00","description":"Couteau de cuisine Thiers : lame 14C28n, manche en h\u00eatre stabilis\u00e9 naturel, inserts carbone et fourreau cuir sur mesure. Pr\u00e9cision artisanale fran\u00e7aise.","breadcrumb":{"@id":"https:\/\/kleos-artisan-coutelier.com\/en\/produit\/couteau-de-cuisine-thiers\/#breadcrumb"},"inLanguage":"en-US","potentialAction":[{"@type":"ReadAction","target":["https:\/\/kleos-artisan-coutelier.com\/en\/produit\/couteau-de-cuisine-thiers\/"]}]},{"@type":"ImageObject","inLanguage":"en-US","@id":"https:\/\/kleos-artisan-coutelier.com\/en\/produit\/couteau-de-cuisine-thiers\/#primaryimage","url":"https:\/\/kleos-artisan-coutelier.com\/wp-content\/uploads\/2026\/04\/WhatsApp-Image-2026-04-02-at-15.27.56-1.jpeg","contentUrl":"https:\/\/kleos-artisan-coutelier.com\/wp-content\/uploads\/2026\/04\/WhatsApp-Image-2026-04-02-at-15.27.56-1.jpeg","width":2048,"height":2048,"caption":"couteau de cuisine Thiers"},{"@type":"BreadcrumbList","@id":"https:\/\/kleos-artisan-coutelier.com\/en\/produit\/couteau-de-cuisine-thiers\/#breadcrumb","itemListElement":[{"@type":"ListItem","position":1,"name":"Accueil","item":"https:\/\/kleos-artisan-coutelier.com\/en\/"},{"@type":"ListItem","position":2,"name":"Shop","item":"https:\/\/kleos-artisan-coutelier.com\/en\/shop-2\/"},{"@type":"ListItem","position":3,"name":"Couteau de cuisine Thiers"}]},{"@type":"WebSite","@id":"https:\/\/kleos-artisan-coutelier.com\/en\/#website","url":"https:\/\/kleos-artisan-coutelier.com\/en\/","name":"Kleos","description":"Kleos Artisan Coutelier","publisher":{"@id":"https:\/\/kleos-artisan-coutelier.com\/en\/#organization"},"potentialAction":[{"@type":"SearchAction","target":{"@type":"EntryPoint","urlTemplate":"https:\/\/kleos-artisan-coutelier.com\/en\/?s={search_term_string}"},"query-input":{"@type":"PropertyValueSpecification","valueRequired":true,"valueName":"search_term_string"}}],"inLanguage":"en-US"},{"@type":"Organization","@id":"https:\/\/kleos-artisan-coutelier.com\/en\/#organization","name":"Kleos","url":"https:\/\/kleos-artisan-coutelier.com\/en\/","logo":{"@type":"ImageObject","inLanguage":"en-US","@id":"https:\/\/kleos-artisan-coutelier.com\/en\/#\/schema\/logo\/image\/","url":"https:\/\/kleos-artisan-coutelier.com\/wp-content\/uploads\/2021\/11\/FICHIERLOGO2-copie-2-1.png","contentUrl":"https:\/\/kleos-artisan-coutelier.com\/wp-content\/uploads\/2021\/11\/FICHIERLOGO2-copie-2-1.png","width":185,"height":50,"caption":"Kleos"},"image":{"@id":"https:\/\/kleos-artisan-coutelier.com\/en\/#\/schema\/logo\/image\/"},"sameAs":["https:\/\/www.facebook.com\/kleos.knives\/","https:\/\/www.instagram.com\/kleos.knives"]}]}},"jetpack_sharing_enabled":true,"builder_content":"","_links":{"self":[{"href":"https:\/\/kleos-artisan-coutelier.com\/en\/wp-json\/wp\/v2\/product\/14033","targetHints":{"allow":["GET"]}}],"collection":[{"href":"https:\/\/kleos-artisan-coutelier.com\/en\/wp-json\/wp\/v2\/product"}],"about":[{"href":"https:\/\/kleos-artisan-coutelier.com\/en\/wp-json\/wp\/v2\/types\/product"}],"wp:featuredmedia":[{"embeddable":true,"href":"https:\/\/kleos-artisan-coutelier.com\/en\/wp-json\/wp\/v2\/media\/20147"}],"wp:attachment":[{"href":"https:\/\/kleos-artisan-coutelier.com\/en\/wp-json\/wp\/v2\/media?parent=14033"}],"wp:term":[{"taxonomy":"product_brand","embeddable":true,"href":"https:\/\/kleos-artisan-coutelier.com\/en\/wp-json\/wp\/v2\/product_brand?post=14033"},{"taxonomy":"product_cat","embeddable":true,"href":"https:\/\/kleos-artisan-coutelier.com\/en\/wp-json\/wp\/v2\/product_cat?post=14033"},{"taxonomy":"product_tag","embeddable":true,"href":"https:\/\/kleos-artisan-coutelier.com\/en\/wp-json\/wp\/v2\/product_tag?post=14033"}],"curies":[{"name":"wp","href":"https:\/\/api.w.org\/{rel}","templated":true}]}}