{"id":14466,"date":"2022-03-19T18:38:46","date_gmt":"2022-03-19T17:38:46","guid":{"rendered":"https:\/\/kleos-artisan-coutelier.com\/?post_type=product&#038;p=14466"},"modified":"2022-12-27T10:06:27","modified_gmt":"2022-12-27T09:06:27","slug":"office-hybride-blue-copper","status":"publish","type":"product","link":"https:\/\/kleos-artisan-coutelier.com\/en\/produit\/office-hybride-blue-copper\/","title":{"rendered":"Office hybride &#8220;Blue copper&#8221;"},"content":{"rendered":"<div dir=\"auto\"><strong>Couteau d&#8217;office hybride (bois\/r\u00e9sine bleue + paillettes cuivre).<\/strong><\/div>\n<div dir=\"auto\"><\/div>\n<div dir=\"auto\">Fixation par vis et inserts en nacre blanche.<\/div>\n<div dir=\"auto\">Livr\u00e9 dans sa bo\u00eete haut de gamme.<\/div>\n<div dir=\"auto\"><\/div>\n<div dir=\"auto\">Caract\u00e9ristiques du couteau :<\/div>\n<div dir=\"auto\">&#8211; Longueur totale : 20,5cm<\/div>\n<div dir=\"auto\">&#8211; 10cm de tranchant<\/div>\n<div dir=\"auto\">&#8211; manche de 9,5cm<\/div>\n<div dir=\"auto\">&#8211; Epaisseur de la lame : 2mm<\/div>\n<div dir=\"auto\">&#8211; Acier Alenox18Cr<\/div>\n<div dir=\"auto\">&#8211; Poids : 60g<\/div>\n<!--themify_builder_content-->\n<div id=\"themify_builder_content-14466\" data-postid=\"14466\" class=\"themify_builder_content themify_builder_content-14466 themify_builder tf_clear\">\n    <\/div>\n<!--\/themify_builder_content-->\n","protected":false},"excerpt":{"rendered":"<p>Couteau d&#8217;office hybride (bois\/r\u00e9sine bleue + paillettes cuivre). Fixation par vis et inserts en nacre blanche. Livr\u00e9 dans sa bo\u00eete haut de gamme. Caract\u00e9ristiques du couteau : &#8211; Longueur totale : 20,5cm &#8211; 10cm de tranchant &#8211; manche de 9,5cm &#8211; Epaisseur de la lame : 2mm &#8211; Acier Alenox18Cr &#8211; Poids : 60g<\/p>\n","protected":false},"featured_media":14468,"template":"","meta":{"_monsterinsights_skip_tracking":false,"_monsterinsights_sitenote_active":false,"_monsterinsights_sitenote_note":"","_monsterinsights_sitenote_category":0},"product_brand":[],"product_cat":[46,63,64],"product_tag":[56,60,51],"class_list":{"0":"post-14466","1":"product","2":"type-product","3":"status-publish","4":"has-post-thumbnail","6":"product_cat-la-cuisine","7":"product_cat-modernite","8":"product_cat-office","9":"product_tag-hybride","10":"product_tag-inox","11":"product_tag-office","12":"has-post-title","13":"has-post-date","14":"has-post-category","15":"has-post-tag","16":"has-post-comment","17":"has-post-author","18":"","20":"first","21":"outofstock","22":"sold-individually","23":"shipping-taxable","24":"purchasable","25":"product-type-simple"},"yoast_head":"<!-- This site is optimized with the Yoast SEO plugin v27.3 - https:\/\/yoast.com\/product\/yoast-seo-wordpress\/ -->\n<title>Office hybride &quot;Blue copper&quot; - Kleos<\/title>\n<meta name=\"description\" content=\"Fabrication artisanale de couteaux de cuisine et de couteaux destin\u00e9s \u00e0 l&#039;ext\u00e9rieur (outdoor). Pi\u00e8ces uniques. Couteaux fabriqu\u00e9s en France.\" \/>\n<meta name=\"robots\" content=\"index, follow, max-snippet:-1, max-image-preview:large, max-video-preview:-1\" \/>\n<link rel=\"canonical\" href=\"https:\/\/kleos-artisan-coutelier.com\/en\/produit\/office-hybride-blue-copper\/\" \/>\n<meta property=\"og:locale\" content=\"en_US\" \/>\n<meta property=\"og:type\" content=\"article\" \/>\n<meta property=\"og:title\" content=\"Office hybride &quot;Blue copper&quot; - Kleos\" \/>\n<meta property=\"og:description\" content=\"Fabrication artisanale de couteaux de cuisine et de couteaux destin\u00e9s \u00e0 l&#039;ext\u00e9rieur (outdoor). Pi\u00e8ces uniques. Couteaux fabriqu\u00e9s en France.\" \/>\n<meta property=\"og:url\" content=\"https:\/\/kleos-artisan-coutelier.com\/en\/produit\/office-hybride-blue-copper\/\" \/>\n<meta property=\"og:site_name\" content=\"Kleos\" \/>\n<meta property=\"article:publisher\" content=\"https:\/\/www.facebook.com\/kleos.knives\/\" \/>\n<meta property=\"article:modified_time\" content=\"2022-12-27T09:06:27+00:00\" \/>\n<meta property=\"og:image\" content=\"https:\/\/kleos-artisan-coutelier.com\/wp-content\/uploads\/2022\/03\/DSC_0048_edited-scaled.jpg\" \/>\n\t<meta property=\"og:image:width\" content=\"2560\" \/>\n\t<meta property=\"og:image:height\" content=\"2557\" \/>\n\t<meta property=\"og:image:type\" content=\"image\/jpeg\" \/>\n<meta name=\"twitter:card\" content=\"summary_large_image\" \/>\n<script type=\"application\/ld+json\" class=\"yoast-schema-graph\">{\"@context\":\"https:\\\/\\\/schema.org\",\"@graph\":[{\"@type\":\"WebPage\",\"@id\":\"https:\\\/\\\/kleos-artisan-coutelier.com\\\/en\\\/produit\\\/office-hybride-blue-copper\\\/\",\"url\":\"https:\\\/\\\/kleos-artisan-coutelier.com\\\/en\\\/produit\\\/office-hybride-blue-copper\\\/\",\"name\":\"Office hybride \\\"Blue copper\\\" - Kleos\",\"isPartOf\":{\"@id\":\"https:\\\/\\\/kleos-artisan-coutelier.com\\\/en\\\/#website\"},\"primaryImageOfPage\":{\"@id\":\"https:\\\/\\\/kleos-artisan-coutelier.com\\\/en\\\/produit\\\/office-hybride-blue-copper\\\/#primaryimage\"},\"image\":{\"@id\":\"https:\\\/\\\/kleos-artisan-coutelier.com\\\/en\\\/produit\\\/office-hybride-blue-copper\\\/#primaryimage\"},\"thumbnailUrl\":\"https:\\\/\\\/kleos-artisan-coutelier.com\\\/wp-content\\\/uploads\\\/2022\\\/03\\\/DSC_0048_edited-scaled.jpg\",\"datePublished\":\"2022-03-19T17:38:46+00:00\",\"dateModified\":\"2022-12-27T09:06:27+00:00\",\"description\":\"Fabrication artisanale de couteaux de cuisine et de couteaux destin\u00e9s \u00e0 l'ext\u00e9rieur (outdoor). Pi\u00e8ces uniques. Couteaux fabriqu\u00e9s en France.\",\"breadcrumb\":{\"@id\":\"https:\\\/\\\/kleos-artisan-coutelier.com\\\/en\\\/produit\\\/office-hybride-blue-copper\\\/#breadcrumb\"},\"inLanguage\":\"en-US\",\"potentialAction\":[{\"@type\":\"ReadAction\",\"target\":[\"https:\\\/\\\/kleos-artisan-coutelier.com\\\/en\\\/produit\\\/office-hybride-blue-copper\\\/\"]}]},{\"@type\":\"ImageObject\",\"inLanguage\":\"en-US\",\"@id\":\"https:\\\/\\\/kleos-artisan-coutelier.com\\\/en\\\/produit\\\/office-hybride-blue-copper\\\/#primaryimage\",\"url\":\"https:\\\/\\\/kleos-artisan-coutelier.com\\\/wp-content\\\/uploads\\\/2022\\\/03\\\/DSC_0048_edited-scaled.jpg\",\"contentUrl\":\"https:\\\/\\\/kleos-artisan-coutelier.com\\\/wp-content\\\/uploads\\\/2022\\\/03\\\/DSC_0048_edited-scaled.jpg\",\"width\":2560,\"height\":2557},{\"@type\":\"BreadcrumbList\",\"@id\":\"https:\\\/\\\/kleos-artisan-coutelier.com\\\/en\\\/produit\\\/office-hybride-blue-copper\\\/#breadcrumb\",\"itemListElement\":[{\"@type\":\"ListItem\",\"position\":1,\"name\":\"Accueil\",\"item\":\"https:\\\/\\\/kleos-artisan-coutelier.com\\\/en\\\/\"},{\"@type\":\"ListItem\",\"position\":2,\"name\":\"Shop\",\"item\":\"https:\\\/\\\/kleos-artisan-coutelier.com\\\/en\\\/shop-2\\\/\"},{\"@type\":\"ListItem\",\"position\":3,\"name\":\"Office hybride &#8220;Blue copper&#8221;\"}]},{\"@type\":\"WebSite\",\"@id\":\"https:\\\/\\\/kleos-artisan-coutelier.com\\\/en\\\/#website\",\"url\":\"https:\\\/\\\/kleos-artisan-coutelier.com\\\/en\\\/\",\"name\":\"Kleos\",\"description\":\"Kleos Artisan Coutelier\",\"publisher\":{\"@id\":\"https:\\\/\\\/kleos-artisan-coutelier.com\\\/en\\\/#organization\"},\"potentialAction\":[{\"@type\":\"SearchAction\",\"target\":{\"@type\":\"EntryPoint\",\"urlTemplate\":\"https:\\\/\\\/kleos-artisan-coutelier.com\\\/en\\\/?s={search_term_string}\"},\"query-input\":{\"@type\":\"PropertyValueSpecification\",\"valueRequired\":true,\"valueName\":\"search_term_string\"}}],\"inLanguage\":\"en-US\"},{\"@type\":\"Organization\",\"@id\":\"https:\\\/\\\/kleos-artisan-coutelier.com\\\/en\\\/#organization\",\"name\":\"Kleos\",\"url\":\"https:\\\/\\\/kleos-artisan-coutelier.com\\\/en\\\/\",\"logo\":{\"@type\":\"ImageObject\",\"inLanguage\":\"en-US\",\"@id\":\"https:\\\/\\\/kleos-artisan-coutelier.com\\\/en\\\/#\\\/schema\\\/logo\\\/image\\\/\",\"url\":\"https:\\\/\\\/kleos-artisan-coutelier.com\\\/wp-content\\\/uploads\\\/2021\\\/11\\\/FICHIERLOGO2-copie-2-1.png\",\"contentUrl\":\"https:\\\/\\\/kleos-artisan-coutelier.com\\\/wp-content\\\/uploads\\\/2021\\\/11\\\/FICHIERLOGO2-copie-2-1.png\",\"width\":185,\"height\":50,\"caption\":\"Kleos\"},\"image\":{\"@id\":\"https:\\\/\\\/kleos-artisan-coutelier.com\\\/en\\\/#\\\/schema\\\/logo\\\/image\\\/\"},\"sameAs\":[\"https:\\\/\\\/www.facebook.com\\\/kleos.knives\\\/\",\"https:\\\/\\\/www.instagram.com\\\/kleos.knives\"]}]}<\/script>\n<!-- \/ Yoast SEO plugin. -->","yoast_head_json":{"title":"Office hybride \"Blue copper\" - Kleos","description":"Fabrication artisanale de couteaux de cuisine et de couteaux destin\u00e9s \u00e0 l'ext\u00e9rieur (outdoor). Pi\u00e8ces uniques. Couteaux fabriqu\u00e9s en France.","robots":{"index":"index","follow":"follow","max-snippet":"max-snippet:-1","max-image-preview":"max-image-preview:large","max-video-preview":"max-video-preview:-1"},"canonical":"https:\/\/kleos-artisan-coutelier.com\/en\/produit\/office-hybride-blue-copper\/","og_locale":"en_US","og_type":"article","og_title":"Office hybride \"Blue copper\" - Kleos","og_description":"Fabrication artisanale de couteaux de cuisine et de couteaux destin\u00e9s \u00e0 l'ext\u00e9rieur (outdoor). Pi\u00e8ces uniques. Couteaux fabriqu\u00e9s en France.","og_url":"https:\/\/kleos-artisan-coutelier.com\/en\/produit\/office-hybride-blue-copper\/","og_site_name":"Kleos","article_publisher":"https:\/\/www.facebook.com\/kleos.knives\/","article_modified_time":"2022-12-27T09:06:27+00:00","og_image":[{"width":2560,"height":2557,"url":"https:\/\/kleos-artisan-coutelier.com\/wp-content\/uploads\/2022\/03\/DSC_0048_edited-scaled.jpg","type":"image\/jpeg"}],"twitter_card":"summary_large_image","schema":{"@context":"https:\/\/schema.org","@graph":[{"@type":"WebPage","@id":"https:\/\/kleos-artisan-coutelier.com\/en\/produit\/office-hybride-blue-copper\/","url":"https:\/\/kleos-artisan-coutelier.com\/en\/produit\/office-hybride-blue-copper\/","name":"Office hybride \"Blue copper\" - Kleos","isPartOf":{"@id":"https:\/\/kleos-artisan-coutelier.com\/en\/#website"},"primaryImageOfPage":{"@id":"https:\/\/kleos-artisan-coutelier.com\/en\/produit\/office-hybride-blue-copper\/#primaryimage"},"image":{"@id":"https:\/\/kleos-artisan-coutelier.com\/en\/produit\/office-hybride-blue-copper\/#primaryimage"},"thumbnailUrl":"https:\/\/kleos-artisan-coutelier.com\/wp-content\/uploads\/2022\/03\/DSC_0048_edited-scaled.jpg","datePublished":"2022-03-19T17:38:46+00:00","dateModified":"2022-12-27T09:06:27+00:00","description":"Fabrication artisanale de couteaux de cuisine et de couteaux destin\u00e9s \u00e0 l'ext\u00e9rieur (outdoor). Pi\u00e8ces uniques. Couteaux fabriqu\u00e9s en France.","breadcrumb":{"@id":"https:\/\/kleos-artisan-coutelier.com\/en\/produit\/office-hybride-blue-copper\/#breadcrumb"},"inLanguage":"en-US","potentialAction":[{"@type":"ReadAction","target":["https:\/\/kleos-artisan-coutelier.com\/en\/produit\/office-hybride-blue-copper\/"]}]},{"@type":"ImageObject","inLanguage":"en-US","@id":"https:\/\/kleos-artisan-coutelier.com\/en\/produit\/office-hybride-blue-copper\/#primaryimage","url":"https:\/\/kleos-artisan-coutelier.com\/wp-content\/uploads\/2022\/03\/DSC_0048_edited-scaled.jpg","contentUrl":"https:\/\/kleos-artisan-coutelier.com\/wp-content\/uploads\/2022\/03\/DSC_0048_edited-scaled.jpg","width":2560,"height":2557},{"@type":"BreadcrumbList","@id":"https:\/\/kleos-artisan-coutelier.com\/en\/produit\/office-hybride-blue-copper\/#breadcrumb","itemListElement":[{"@type":"ListItem","position":1,"name":"Accueil","item":"https:\/\/kleos-artisan-coutelier.com\/en\/"},{"@type":"ListItem","position":2,"name":"Shop","item":"https:\/\/kleos-artisan-coutelier.com\/en\/shop-2\/"},{"@type":"ListItem","position":3,"name":"Office hybride &#8220;Blue copper&#8221;"}]},{"@type":"WebSite","@id":"https:\/\/kleos-artisan-coutelier.com\/en\/#website","url":"https:\/\/kleos-artisan-coutelier.com\/en\/","name":"Kleos","description":"Kleos Artisan Coutelier","publisher":{"@id":"https:\/\/kleos-artisan-coutelier.com\/en\/#organization"},"potentialAction":[{"@type":"SearchAction","target":{"@type":"EntryPoint","urlTemplate":"https:\/\/kleos-artisan-coutelier.com\/en\/?s={search_term_string}"},"query-input":{"@type":"PropertyValueSpecification","valueRequired":true,"valueName":"search_term_string"}}],"inLanguage":"en-US"},{"@type":"Organization","@id":"https:\/\/kleos-artisan-coutelier.com\/en\/#organization","name":"Kleos","url":"https:\/\/kleos-artisan-coutelier.com\/en\/","logo":{"@type":"ImageObject","inLanguage":"en-US","@id":"https:\/\/kleos-artisan-coutelier.com\/en\/#\/schema\/logo\/image\/","url":"https:\/\/kleos-artisan-coutelier.com\/wp-content\/uploads\/2021\/11\/FICHIERLOGO2-copie-2-1.png","contentUrl":"https:\/\/kleos-artisan-coutelier.com\/wp-content\/uploads\/2021\/11\/FICHIERLOGO2-copie-2-1.png","width":185,"height":50,"caption":"Kleos"},"image":{"@id":"https:\/\/kleos-artisan-coutelier.com\/en\/#\/schema\/logo\/image\/"},"sameAs":["https:\/\/www.facebook.com\/kleos.knives\/","https:\/\/www.instagram.com\/kleos.knives"]}]}},"jetpack_sharing_enabled":true,"builder_content":"","_links":{"self":[{"href":"https:\/\/kleos-artisan-coutelier.com\/en\/wp-json\/wp\/v2\/product\/14466","targetHints":{"allow":["GET"]}}],"collection":[{"href":"https:\/\/kleos-artisan-coutelier.com\/en\/wp-json\/wp\/v2\/product"}],"about":[{"href":"https:\/\/kleos-artisan-coutelier.com\/en\/wp-json\/wp\/v2\/types\/product"}],"wp:featuredmedia":[{"embeddable":true,"href":"https:\/\/kleos-artisan-coutelier.com\/en\/wp-json\/wp\/v2\/media\/14468"}],"wp:attachment":[{"href":"https:\/\/kleos-artisan-coutelier.com\/en\/wp-json\/wp\/v2\/media?parent=14466"}],"wp:term":[{"taxonomy":"product_brand","embeddable":true,"href":"https:\/\/kleos-artisan-coutelier.com\/en\/wp-json\/wp\/v2\/product_brand?post=14466"},{"taxonomy":"product_cat","embeddable":true,"href":"https:\/\/kleos-artisan-coutelier.com\/en\/wp-json\/wp\/v2\/product_cat?post=14466"},{"taxonomy":"product_tag","embeddable":true,"href":"https:\/\/kleos-artisan-coutelier.com\/en\/wp-json\/wp\/v2\/product_tag?post=14466"}],"curies":[{"name":"wp","href":"https:\/\/api.w.org\/{rel}","templated":true}]}}