{"id":14618,"date":"2022-04-30T15:03:17","date_gmt":"2022-04-30T13:03:17","guid":{"rendered":"https:\/\/kleos-artisan-coutelier.com\/?post_type=product&#038;p=14618"},"modified":"2025-09-15T10:32:39","modified_gmt":"2025-09-15T08:32:39","slug":"mallette-souple-en-liege-noir","status":"publish","type":"product","link":"https:\/\/kleos-artisan-coutelier.com\/en\/produit\/mallette-souple-en-liege-noir\/","title":{"rendered":"Mallette souple en li\u00e8ge Noir"},"content":{"rendered":"<p><strong>Mallette Souple en Li\u00e8ge noir BIO \u2013 Un Duo \u00c9thique et Pratique pour Votre Couteau KLEOS<\/strong><\/p>\n<h2 data-start=\"169\" data-end=\"230\">Une mallette \u00e9thique et pratique pour vos couteaux KLEOS<\/h2>\n<p data-start=\"232\" data-end=\"490\">D\u00e9couvrez notre <strong data-start=\"248\" data-end=\"285\">Mallette Souple en Li\u00e8ge noir BIO<\/strong>, l\u2019accessoire id\u00e9al pour transporter et prot\u00e9ger vos couteaux de cuisine. Con\u00e7ue sp\u00e9cialement pour accueillir le <strong data-start=\"399\" data-end=\"430\">duo Office &amp; \u00c9minceur KLEOS<\/strong>, elle allie praticit\u00e9, \u00e9l\u00e9gance et engagement \u00e9cologique.<\/p>\n<h2 data-start=\"492\" data-end=\"542\">Un savoir-faire artisanal du bassin thiernois<\/h2>\n<p data-start=\"544\" data-end=\"813\">Nous fabriquons cette mallette sur mesure et artisanalement gr\u00e2ce au talent d\u2019une maroquini\u00e8re du bassin thiernois. Son <strong data-start=\"664\" data-end=\"697\">design minimaliste et raffin\u00e9<\/strong> met en valeur un <strong data-start=\"715\" data-end=\"738\">tissu de li\u00e8ge noir<\/strong>, offrant ainsi une alternative vegan et respectueuse de l\u2019environnement.<\/p>\n<h2 data-start=\"815\" data-end=\"867\">Un mat\u00e9riau durable issu des for\u00eats portugaises<\/h2>\n<p data-start=\"869\" data-end=\"1400\">Le <strong data-start=\"872\" data-end=\"889\">li\u00e8ge utilis\u00e9<\/strong> provient des <strong data-start=\"903\" data-end=\"932\">ch\u00eanes-li\u00e8ges du Portugal<\/strong>. L\u2019\u00e9corce est r\u00e9colt\u00e9e \u00e0 la main tous les neuf ans, sans abattre l\u2019arbre. Ce proc\u00e9d\u00e9 pr\u00e9serve la biodiversit\u00e9 et contribue activement \u00e0 r\u00e9duire les gaz \u00e0 effet de serre. En effet, apr\u00e8s chaque r\u00e9colte, l\u2019arbre lib\u00e8re <strong data-start=\"1150\" data-end=\"1176\">30 % d\u2019oxyg\u00e8ne en plus<\/strong>, apportant un v\u00e9ritable bienfait \u00e9cologique.<br data-start=\"1221\" data-end=\"1224\" \/>De plus, le ch\u00eane-li\u00e8ge, qui peut vivre entre <strong data-start=\"1270\" data-end=\"1288\">200 et 500 ans<\/strong>, se transmet de g\u00e9n\u00e9ration en g\u00e9n\u00e9ration. Cette long\u00e9vit\u00e9 renforce encore l\u2019aspect durable de votre mallette.<\/p>\n<h2 data-start=\"1402\" data-end=\"1461\">Une conception int\u00e9rieure protectrice et haut de gamme<\/h2>\n<p data-start=\"1463\" data-end=\"1878\">L\u2019ext\u00e9rieur de la mallette est en <strong data-start=\"1497\" data-end=\"1514\">li\u00e8ge naturel<\/strong>, tandis que l\u2019int\u00e9rieur combine <strong data-start=\"1547\" data-end=\"1583\">polyur\u00e9thane, coton et polyester<\/strong>. Cette association prot\u00e8ge efficacement vos couteaux tout en garantissant une <strong data-start=\"1662\" data-end=\"1688\">finition haut de gamme<\/strong>.<br data-start=\"1689\" data-end=\"1692\" \/>En outre, nous avons renforc\u00e9 l\u2019int\u00e9rieur par une <strong data-start=\"1742\" data-end=\"1778\">gaine solide au niveau des lames<\/strong>. Vous b\u00e9n\u00e9ficiez ainsi d\u2019une protection optimale lors de vos d\u00e9placements ou ateliers culinaires.<\/p>\n<h2 data-start=\"1880\" data-end=\"1932\">Un must-have pour les passionn\u00e9s de coutellerie<\/h2>\n<p data-start=\"1934\" data-end=\"2212\">En choisissant notre <strong data-start=\"1955\" data-end=\"1992\">Mallette Souple en Li\u00e8ge noir BIO<\/strong>, vous optez pour une solution durable et \u00e9l\u00e9gante. Elle vous accompagne partout et valorise vos couteaux KLEOS tout en affirmant vos valeurs. Un indispensable pour les passionn\u00e9s de coutellerie et les chefs exigeants.<\/p>\n<p>Vous pouvez retrouver le post Instagram de cet article\u00a0<a href=\"https:\/\/www.instagram.com\/p\/Cdyg0HWIpdY\/\" target=\"_blank\" rel=\"noopener\">ICI<\/a> .<\/p>\n<p>Vous pouvez \u00e9galement retrouver tous nos accessoires et mallettes souples <a href=\"https:\/\/kleos-artisan-coutelier.com\/categorie-produit\/la-cuisine\/accessoires\/\">ICI<\/a>.<\/p>\n","protected":false},"excerpt":{"rendered":"<p><em>Couteaux vendus s\u00e9par\u00e9ment.\u00a0<\/em><\/p>\n","protected":false},"featured_media":14621,"template":"","meta":{"_monsterinsights_skip_tracking":false,"_monsterinsights_sitenote_active":false,"_monsterinsights_sitenote_note":"","_monsterinsights_sitenote_category":0},"product_brand":[],"product_cat":[89,46,53,63,66],"product_tag":[90,93,91],"class_list":{"0":"post-14618","1":"product","2":"type-product","3":"status-publish","4":"has-post-thumbnail","6":"product_cat-accessoires","7":"product_cat-la-cuisine","8":"product_cat-simplicite","9":"product_cat-modernite","10":"product_cat-prestige","11":"product_tag-accessoire","12":"product_tag-liege","13":"product_tag-mallette","14":"has-post-title","15":"has-post-date","16":"has-post-category","17":"has-post-tag","18":"has-post-comment","19":"has-post-author","20":"","22":"first","23":"instock","24":"sold-individually","25":"shipping-taxable","26":"purchasable","27":"product-type-simple"},"yoast_head":"<!-- This site is optimized with the Yoast SEO plugin v27.3 - https:\/\/yoast.com\/product\/yoast-seo-wordpress\/ -->\n<title>Mallette souple en li\u00e8ge Noir - Kleos<\/title>\n<meta name=\"description\" content=\"Mallette souple en li\u00e8ge noir BIO pour couteaux *office &amp; \u00e9minceur* KLEOS. Confectionn\u00e9e artisanalement. Pratique, \u00e9cologique et durable.\" \/>\n<meta name=\"robots\" content=\"index, follow, max-snippet:-1, max-image-preview:large, max-video-preview:-1\" \/>\n<link rel=\"canonical\" href=\"https:\/\/kleos-artisan-coutelier.com\/en\/produit\/mallette-souple-en-liege-noir\/\" \/>\n<meta property=\"og:locale\" content=\"en_US\" \/>\n<meta property=\"og:type\" content=\"article\" \/>\n<meta property=\"og:title\" content=\"Mallette souple en li\u00e8ge Noir - Kleos\" \/>\n<meta property=\"og:description\" content=\"Mallette souple en li\u00e8ge noir BIO pour couteaux *office &amp; \u00e9minceur* KLEOS. Confectionn\u00e9e artisanalement. Pratique, \u00e9cologique et durable.\" \/>\n<meta property=\"og:url\" content=\"https:\/\/kleos-artisan-coutelier.com\/en\/produit\/mallette-souple-en-liege-noir\/\" \/>\n<meta property=\"og:site_name\" content=\"Kleos\" \/>\n<meta property=\"article:publisher\" content=\"https:\/\/www.facebook.com\/kleos.knives\/\" \/>\n<meta property=\"article:modified_time\" content=\"2025-09-15T08:32:39+00:00\" \/>\n<meta property=\"og:image\" content=\"https:\/\/kleos-artisan-coutelier.com\/wp-content\/uploads\/2022\/04\/DSC_0037_edited-scaled.jpg\" \/>\n\t<meta property=\"og:image:width\" content=\"2560\" \/>\n\t<meta property=\"og:image:height\" content=\"2560\" \/>\n\t<meta property=\"og:image:type\" content=\"image\/jpeg\" \/>\n<meta name=\"twitter:card\" content=\"summary_large_image\" \/>\n<meta name=\"twitter:label1\" content=\"Est. reading time\" \/>\n\t<meta name=\"twitter:data1\" content=\"2 minutes\" \/>\n<script type=\"application\/ld+json\" class=\"yoast-schema-graph\">{\"@context\":\"https:\\\/\\\/schema.org\",\"@graph\":[{\"@type\":\"WebPage\",\"@id\":\"https:\\\/\\\/kleos-artisan-coutelier.com\\\/en\\\/produit\\\/mallette-souple-en-liege-noir\\\/\",\"url\":\"https:\\\/\\\/kleos-artisan-coutelier.com\\\/en\\\/produit\\\/mallette-souple-en-liege-noir\\\/\",\"name\":\"Mallette souple en li\u00e8ge Noir - Kleos\",\"isPartOf\":{\"@id\":\"https:\\\/\\\/kleos-artisan-coutelier.com\\\/en\\\/#website\"},\"primaryImageOfPage\":{\"@id\":\"https:\\\/\\\/kleos-artisan-coutelier.com\\\/en\\\/produit\\\/mallette-souple-en-liege-noir\\\/#primaryimage\"},\"image\":{\"@id\":\"https:\\\/\\\/kleos-artisan-coutelier.com\\\/en\\\/produit\\\/mallette-souple-en-liege-noir\\\/#primaryimage\"},\"thumbnailUrl\":\"https:\\\/\\\/kleos-artisan-coutelier.com\\\/wp-content\\\/uploads\\\/2022\\\/04\\\/DSC_0037_edited-scaled.jpg\",\"datePublished\":\"2022-04-30T13:03:17+00:00\",\"dateModified\":\"2025-09-15T08:32:39+00:00\",\"description\":\"Mallette souple en li\u00e8ge noir BIO pour couteaux *office & \u00e9minceur* KLEOS. Confectionn\u00e9e artisanalement. Pratique, \u00e9cologique et durable.\",\"breadcrumb\":{\"@id\":\"https:\\\/\\\/kleos-artisan-coutelier.com\\\/en\\\/produit\\\/mallette-souple-en-liege-noir\\\/#breadcrumb\"},\"inLanguage\":\"en-US\",\"potentialAction\":[{\"@type\":\"ReadAction\",\"target\":[\"https:\\\/\\\/kleos-artisan-coutelier.com\\\/en\\\/produit\\\/mallette-souple-en-liege-noir\\\/\"]}]},{\"@type\":\"ImageObject\",\"inLanguage\":\"en-US\",\"@id\":\"https:\\\/\\\/kleos-artisan-coutelier.com\\\/en\\\/produit\\\/mallette-souple-en-liege-noir\\\/#primaryimage\",\"url\":\"https:\\\/\\\/kleos-artisan-coutelier.com\\\/wp-content\\\/uploads\\\/2022\\\/04\\\/DSC_0037_edited-scaled.jpg\",\"contentUrl\":\"https:\\\/\\\/kleos-artisan-coutelier.com\\\/wp-content\\\/uploads\\\/2022\\\/04\\\/DSC_0037_edited-scaled.jpg\",\"width\":2560,\"height\":2560,\"caption\":\"Mallette souple en li\u00e8ge Noir\"},{\"@type\":\"BreadcrumbList\",\"@id\":\"https:\\\/\\\/kleos-artisan-coutelier.com\\\/en\\\/produit\\\/mallette-souple-en-liege-noir\\\/#breadcrumb\",\"itemListElement\":[{\"@type\":\"ListItem\",\"position\":1,\"name\":\"Accueil\",\"item\":\"https:\\\/\\\/kleos-artisan-coutelier.com\\\/en\\\/\"},{\"@type\":\"ListItem\",\"position\":2,\"name\":\"Shop\",\"item\":\"https:\\\/\\\/kleos-artisan-coutelier.com\\\/en\\\/shop-2\\\/\"},{\"@type\":\"ListItem\",\"position\":3,\"name\":\"Mallette souple en li\u00e8ge Noir\"}]},{\"@type\":\"WebSite\",\"@id\":\"https:\\\/\\\/kleos-artisan-coutelier.com\\\/en\\\/#website\",\"url\":\"https:\\\/\\\/kleos-artisan-coutelier.com\\\/en\\\/\",\"name\":\"Kleos\",\"description\":\"Kleos Artisan Coutelier\",\"publisher\":{\"@id\":\"https:\\\/\\\/kleos-artisan-coutelier.com\\\/en\\\/#organization\"},\"potentialAction\":[{\"@type\":\"SearchAction\",\"target\":{\"@type\":\"EntryPoint\",\"urlTemplate\":\"https:\\\/\\\/kleos-artisan-coutelier.com\\\/en\\\/?s={search_term_string}\"},\"query-input\":{\"@type\":\"PropertyValueSpecification\",\"valueRequired\":true,\"valueName\":\"search_term_string\"}}],\"inLanguage\":\"en-US\"},{\"@type\":\"Organization\",\"@id\":\"https:\\\/\\\/kleos-artisan-coutelier.com\\\/en\\\/#organization\",\"name\":\"Kleos\",\"url\":\"https:\\\/\\\/kleos-artisan-coutelier.com\\\/en\\\/\",\"logo\":{\"@type\":\"ImageObject\",\"inLanguage\":\"en-US\",\"@id\":\"https:\\\/\\\/kleos-artisan-coutelier.com\\\/en\\\/#\\\/schema\\\/logo\\\/image\\\/\",\"url\":\"https:\\\/\\\/kleos-artisan-coutelier.com\\\/wp-content\\\/uploads\\\/2021\\\/11\\\/FICHIERLOGO2-copie-2-1.png\",\"contentUrl\":\"https:\\\/\\\/kleos-artisan-coutelier.com\\\/wp-content\\\/uploads\\\/2021\\\/11\\\/FICHIERLOGO2-copie-2-1.png\",\"width\":185,\"height\":50,\"caption\":\"Kleos\"},\"image\":{\"@id\":\"https:\\\/\\\/kleos-artisan-coutelier.com\\\/en\\\/#\\\/schema\\\/logo\\\/image\\\/\"},\"sameAs\":[\"https:\\\/\\\/www.facebook.com\\\/kleos.knives\\\/\",\"https:\\\/\\\/www.instagram.com\\\/kleos.knives\"]}]}<\/script>\n<!-- \/ Yoast SEO plugin. -->","yoast_head_json":{"title":"Mallette souple en li\u00e8ge Noir - Kleos","description":"Mallette souple en li\u00e8ge noir BIO pour couteaux *office & \u00e9minceur* KLEOS. Confectionn\u00e9e artisanalement. Pratique, \u00e9cologique et durable.","robots":{"index":"index","follow":"follow","max-snippet":"max-snippet:-1","max-image-preview":"max-image-preview:large","max-video-preview":"max-video-preview:-1"},"canonical":"https:\/\/kleos-artisan-coutelier.com\/en\/produit\/mallette-souple-en-liege-noir\/","og_locale":"en_US","og_type":"article","og_title":"Mallette souple en li\u00e8ge Noir - Kleos","og_description":"Mallette souple en li\u00e8ge noir BIO pour couteaux *office & \u00e9minceur* KLEOS. Confectionn\u00e9e artisanalement. Pratique, \u00e9cologique et durable.","og_url":"https:\/\/kleos-artisan-coutelier.com\/en\/produit\/mallette-souple-en-liege-noir\/","og_site_name":"Kleos","article_publisher":"https:\/\/www.facebook.com\/kleos.knives\/","article_modified_time":"2025-09-15T08:32:39+00:00","og_image":[{"width":2560,"height":2560,"url":"https:\/\/kleos-artisan-coutelier.com\/wp-content\/uploads\/2022\/04\/DSC_0037_edited-scaled.jpg","type":"image\/jpeg"}],"twitter_card":"summary_large_image","twitter_misc":{"Est. reading time":"2 minutes"},"schema":{"@context":"https:\/\/schema.org","@graph":[{"@type":"WebPage","@id":"https:\/\/kleos-artisan-coutelier.com\/en\/produit\/mallette-souple-en-liege-noir\/","url":"https:\/\/kleos-artisan-coutelier.com\/en\/produit\/mallette-souple-en-liege-noir\/","name":"Mallette souple en li\u00e8ge Noir - Kleos","isPartOf":{"@id":"https:\/\/kleos-artisan-coutelier.com\/en\/#website"},"primaryImageOfPage":{"@id":"https:\/\/kleos-artisan-coutelier.com\/en\/produit\/mallette-souple-en-liege-noir\/#primaryimage"},"image":{"@id":"https:\/\/kleos-artisan-coutelier.com\/en\/produit\/mallette-souple-en-liege-noir\/#primaryimage"},"thumbnailUrl":"https:\/\/kleos-artisan-coutelier.com\/wp-content\/uploads\/2022\/04\/DSC_0037_edited-scaled.jpg","datePublished":"2022-04-30T13:03:17+00:00","dateModified":"2025-09-15T08:32:39+00:00","description":"Mallette souple en li\u00e8ge noir BIO pour couteaux *office & \u00e9minceur* KLEOS. Confectionn\u00e9e artisanalement. Pratique, \u00e9cologique et durable.","breadcrumb":{"@id":"https:\/\/kleos-artisan-coutelier.com\/en\/produit\/mallette-souple-en-liege-noir\/#breadcrumb"},"inLanguage":"en-US","potentialAction":[{"@type":"ReadAction","target":["https:\/\/kleos-artisan-coutelier.com\/en\/produit\/mallette-souple-en-liege-noir\/"]}]},{"@type":"ImageObject","inLanguage":"en-US","@id":"https:\/\/kleos-artisan-coutelier.com\/en\/produit\/mallette-souple-en-liege-noir\/#primaryimage","url":"https:\/\/kleos-artisan-coutelier.com\/wp-content\/uploads\/2022\/04\/DSC_0037_edited-scaled.jpg","contentUrl":"https:\/\/kleos-artisan-coutelier.com\/wp-content\/uploads\/2022\/04\/DSC_0037_edited-scaled.jpg","width":2560,"height":2560,"caption":"Mallette souple en li\u00e8ge Noir"},{"@type":"BreadcrumbList","@id":"https:\/\/kleos-artisan-coutelier.com\/en\/produit\/mallette-souple-en-liege-noir\/#breadcrumb","itemListElement":[{"@type":"ListItem","position":1,"name":"Accueil","item":"https:\/\/kleos-artisan-coutelier.com\/en\/"},{"@type":"ListItem","position":2,"name":"Shop","item":"https:\/\/kleos-artisan-coutelier.com\/en\/shop-2\/"},{"@type":"ListItem","position":3,"name":"Mallette souple en li\u00e8ge Noir"}]},{"@type":"WebSite","@id":"https:\/\/kleos-artisan-coutelier.com\/en\/#website","url":"https:\/\/kleos-artisan-coutelier.com\/en\/","name":"Kleos","description":"Kleos Artisan Coutelier","publisher":{"@id":"https:\/\/kleos-artisan-coutelier.com\/en\/#organization"},"potentialAction":[{"@type":"SearchAction","target":{"@type":"EntryPoint","urlTemplate":"https:\/\/kleos-artisan-coutelier.com\/en\/?s={search_term_string}"},"query-input":{"@type":"PropertyValueSpecification","valueRequired":true,"valueName":"search_term_string"}}],"inLanguage":"en-US"},{"@type":"Organization","@id":"https:\/\/kleos-artisan-coutelier.com\/en\/#organization","name":"Kleos","url":"https:\/\/kleos-artisan-coutelier.com\/en\/","logo":{"@type":"ImageObject","inLanguage":"en-US","@id":"https:\/\/kleos-artisan-coutelier.com\/en\/#\/schema\/logo\/image\/","url":"https:\/\/kleos-artisan-coutelier.com\/wp-content\/uploads\/2021\/11\/FICHIERLOGO2-copie-2-1.png","contentUrl":"https:\/\/kleos-artisan-coutelier.com\/wp-content\/uploads\/2021\/11\/FICHIERLOGO2-copie-2-1.png","width":185,"height":50,"caption":"Kleos"},"image":{"@id":"https:\/\/kleos-artisan-coutelier.com\/en\/#\/schema\/logo\/image\/"},"sameAs":["https:\/\/www.facebook.com\/kleos.knives\/","https:\/\/www.instagram.com\/kleos.knives"]}]}},"jetpack_sharing_enabled":true,"builder_content":"","_links":{"self":[{"href":"https:\/\/kleos-artisan-coutelier.com\/en\/wp-json\/wp\/v2\/product\/14618","targetHints":{"allow":["GET"]}}],"collection":[{"href":"https:\/\/kleos-artisan-coutelier.com\/en\/wp-json\/wp\/v2\/product"}],"about":[{"href":"https:\/\/kleos-artisan-coutelier.com\/en\/wp-json\/wp\/v2\/types\/product"}],"wp:featuredmedia":[{"embeddable":true,"href":"https:\/\/kleos-artisan-coutelier.com\/en\/wp-json\/wp\/v2\/media\/14621"}],"wp:attachment":[{"href":"https:\/\/kleos-artisan-coutelier.com\/en\/wp-json\/wp\/v2\/media?parent=14618"}],"wp:term":[{"taxonomy":"product_brand","embeddable":true,"href":"https:\/\/kleos-artisan-coutelier.com\/en\/wp-json\/wp\/v2\/product_brand?post=14618"},{"taxonomy":"product_cat","embeddable":true,"href":"https:\/\/kleos-artisan-coutelier.com\/en\/wp-json\/wp\/v2\/product_cat?post=14618"},{"taxonomy":"product_tag","embeddable":true,"href":"https:\/\/kleos-artisan-coutelier.com\/en\/wp-json\/wp\/v2\/product_tag?post=14618"}],"curies":[{"name":"wp","href":"https:\/\/api.w.org\/{rel}","templated":true}]}}