{"id":14657,"date":"2022-05-07T15:30:02","date_gmt":"2022-05-07T13:30:02","guid":{"rendered":"https:\/\/kleos-artisan-coutelier.com\/?post_type=product&#038;p=14657"},"modified":"2024-01-31T16:51:38","modified_gmt":"2024-01-31T15:51:38","slug":"6-couteaux-de-table-ebene-du-gabon","status":"publish","type":"product","link":"https:\/\/kleos-artisan-coutelier.com\/en\/produit\/6-couteaux-de-table-ebene-du-gabon\/","title":{"rendered":"6 Couteaux de table &#8211; Eb\u00e8ne du Gabon"},"content":{"rendered":"<p align=\"LEFT\"><strong>6 Couteaux de table &#8211; Eb\u00e8ne du Gabon<\/strong><\/p>\n<ul>\n<li>Lame en acier 14C28n<\/li>\n<li>Manche en bois naturel<\/li>\n<li>Intercalaires en G10 noir<\/li>\n<li>Clous laiton<\/li>\n<li style=\"list-style-type: none;\"><\/li>\n<\/ul>\n<p><strong>Ces couteaux de table sont livr\u00e9s sans coffret, avec un fourreau cartonn\u00e9 kraft.<\/strong><\/p>\n<p>Dimensions :<\/p>\n<ul>\n<li>Longueur lame : 10,5cm<\/li>\n<li>Largeur max lame : 2cm<\/li>\n<li>Longueur totale couteau : 22cm<\/li>\n<\/ul>\n<!--themify_builder_content-->\n<div id=\"themify_builder_content-14657\" data-postid=\"14657\" class=\"themify_builder_content themify_builder_content-14657 themify_builder tf_clear\">\n    <\/div>\n<!--\/themify_builder_content-->\n","protected":false},"excerpt":{"rendered":"<p><strong>Compter 1 mois de d\u00e9lai de fabrication \u00e0 partir de la commande.<\/strong><\/p>\n<p>Tarif pour l&#8217;ensemble des 6 couteaux.<\/p>\n<p>Livr\u00e9s avec un fourreau cartonn\u00e9 kraft.<\/p>\n<p>Frais de port offerts.<\/p>\n","protected":false},"featured_media":14668,"template":"","meta":{"_monsterinsights_skip_tracking":false,"_monsterinsights_sitenote_active":false,"_monsterinsights_sitenote_note":"","_monsterinsights_sitenote_category":0},"product_brand":[],"product_cat":[95,46],"product_tag":[52,60,43],"class_list":{"0":"post-14657","1":"product","2":"type-product","3":"status-publish","4":"has-post-thumbnail","6":"product_cat-couteaux_de_table","7":"product_cat-la-cuisine","8":"product_tag-bois","9":"product_tag-inox","10":"product_tag-table","11":"has-post-title","12":"has-post-date","13":"has-post-category","14":"has-post-tag","15":"has-post-comment","16":"has-post-author","17":"","19":"first","20":"outofstock","21":"sold-individually","22":"shipping-taxable","23":"purchasable","24":"product-type-simple"},"yoast_head":"<!-- This site is optimized with the Yoast SEO plugin v27.4 - https:\/\/yoast.com\/product\/yoast-seo-wordpress\/ -->\n<title>6 Couteaux de table - Eb\u00e8ne du Gabon - Kleos<\/title>\n<meta name=\"description\" content=\"Fabrication artisanale de couteaux de cuisine et de couteaux destin\u00e9s \u00e0 l&#039;ext\u00e9rieur (outdoor). Pi\u00e8ces uniques. Couteaux fabriqu\u00e9s en France.\" \/>\n<meta name=\"robots\" content=\"index, follow, max-snippet:-1, max-image-preview:large, max-video-preview:-1\" \/>\n<link rel=\"canonical\" href=\"https:\/\/kleos-artisan-coutelier.com\/en\/produit\/6-couteaux-de-table-ebene-du-gabon\/\" \/>\n<meta property=\"og:locale\" content=\"en_US\" \/>\n<meta property=\"og:type\" content=\"article\" \/>\n<meta property=\"og:title\" content=\"6 Couteaux de table - Eb\u00e8ne du Gabon - Kleos\" \/>\n<meta property=\"og:description\" content=\"Fabrication artisanale de couteaux de cuisine et de couteaux destin\u00e9s \u00e0 l&#039;ext\u00e9rieur (outdoor). Pi\u00e8ces uniques. Couteaux fabriqu\u00e9s en France.\" \/>\n<meta property=\"og:url\" content=\"https:\/\/kleos-artisan-coutelier.com\/en\/produit\/6-couteaux-de-table-ebene-du-gabon\/\" \/>\n<meta property=\"og:site_name\" content=\"Kleos\" \/>\n<meta property=\"article:publisher\" content=\"https:\/\/www.facebook.com\/kleos.knives\/\" \/>\n<meta property=\"article:modified_time\" content=\"2024-01-31T15:51:38+00:00\" \/>\n<meta property=\"og:image\" content=\"https:\/\/kleos-artisan-coutelier.com\/wp-content\/uploads\/2022\/05\/DSC_0012-1_edited-scaled.jpg\" \/>\n\t<meta property=\"og:image:width\" content=\"2560\" \/>\n\t<meta property=\"og:image:height\" content=\"2560\" \/>\n\t<meta property=\"og:image:type\" content=\"image\/jpeg\" \/>\n<meta name=\"twitter:card\" content=\"summary_large_image\" \/>\n<meta name=\"twitter:label1\" content=\"Est. reading time\" \/>\n\t<meta name=\"twitter:data1\" content=\"1 minute\" \/>\n<script type=\"application\/ld+json\" class=\"yoast-schema-graph\">{\"@context\":\"https:\\\/\\\/schema.org\",\"@graph\":[{\"@type\":\"WebPage\",\"@id\":\"https:\\\/\\\/kleos-artisan-coutelier.com\\\/en\\\/produit\\\/6-couteaux-de-table-ebene-du-gabon\\\/\",\"url\":\"https:\\\/\\\/kleos-artisan-coutelier.com\\\/en\\\/produit\\\/6-couteaux-de-table-ebene-du-gabon\\\/\",\"name\":\"6 Couteaux de table - Eb\u00e8ne du Gabon - Kleos\",\"isPartOf\":{\"@id\":\"https:\\\/\\\/kleos-artisan-coutelier.com\\\/en\\\/#website\"},\"primaryImageOfPage\":{\"@id\":\"https:\\\/\\\/kleos-artisan-coutelier.com\\\/en\\\/produit\\\/6-couteaux-de-table-ebene-du-gabon\\\/#primaryimage\"},\"image\":{\"@id\":\"https:\\\/\\\/kleos-artisan-coutelier.com\\\/en\\\/produit\\\/6-couteaux-de-table-ebene-du-gabon\\\/#primaryimage\"},\"thumbnailUrl\":\"https:\\\/\\\/kleos-artisan-coutelier.com\\\/wp-content\\\/uploads\\\/2022\\\/05\\\/DSC_0012-1_edited-scaled.jpg\",\"datePublished\":\"2022-05-07T13:30:02+00:00\",\"dateModified\":\"2024-01-31T15:51:38+00:00\",\"description\":\"Fabrication artisanale de couteaux de cuisine et de couteaux destin\u00e9s \u00e0 l'ext\u00e9rieur (outdoor). Pi\u00e8ces uniques. Couteaux fabriqu\u00e9s en France.\",\"breadcrumb\":{\"@id\":\"https:\\\/\\\/kleos-artisan-coutelier.com\\\/en\\\/produit\\\/6-couteaux-de-table-ebene-du-gabon\\\/#breadcrumb\"},\"inLanguage\":\"en-US\",\"potentialAction\":[{\"@type\":\"ReadAction\",\"target\":[\"https:\\\/\\\/kleos-artisan-coutelier.com\\\/en\\\/produit\\\/6-couteaux-de-table-ebene-du-gabon\\\/\"]}]},{\"@type\":\"ImageObject\",\"inLanguage\":\"en-US\",\"@id\":\"https:\\\/\\\/kleos-artisan-coutelier.com\\\/en\\\/produit\\\/6-couteaux-de-table-ebene-du-gabon\\\/#primaryimage\",\"url\":\"https:\\\/\\\/kleos-artisan-coutelier.com\\\/wp-content\\\/uploads\\\/2022\\\/05\\\/DSC_0012-1_edited-scaled.jpg\",\"contentUrl\":\"https:\\\/\\\/kleos-artisan-coutelier.com\\\/wp-content\\\/uploads\\\/2022\\\/05\\\/DSC_0012-1_edited-scaled.jpg\",\"width\":2560,\"height\":2560},{\"@type\":\"BreadcrumbList\",\"@id\":\"https:\\\/\\\/kleos-artisan-coutelier.com\\\/en\\\/produit\\\/6-couteaux-de-table-ebene-du-gabon\\\/#breadcrumb\",\"itemListElement\":[{\"@type\":\"ListItem\",\"position\":1,\"name\":\"Accueil\",\"item\":\"https:\\\/\\\/kleos-artisan-coutelier.com\\\/en\\\/\"},{\"@type\":\"ListItem\",\"position\":2,\"name\":\"Shop\",\"item\":\"https:\\\/\\\/kleos-artisan-coutelier.com\\\/en\\\/shop-2\\\/\"},{\"@type\":\"ListItem\",\"position\":3,\"name\":\"6 Couteaux de table &#8211; Eb\u00e8ne du Gabon\"}]},{\"@type\":\"WebSite\",\"@id\":\"https:\\\/\\\/kleos-artisan-coutelier.com\\\/en\\\/#website\",\"url\":\"https:\\\/\\\/kleos-artisan-coutelier.com\\\/en\\\/\",\"name\":\"Kleos\",\"description\":\"Kleos Artisan Coutelier\",\"publisher\":{\"@id\":\"https:\\\/\\\/kleos-artisan-coutelier.com\\\/en\\\/#organization\"},\"potentialAction\":[{\"@type\":\"SearchAction\",\"target\":{\"@type\":\"EntryPoint\",\"urlTemplate\":\"https:\\\/\\\/kleos-artisan-coutelier.com\\\/en\\\/?s={search_term_string}\"},\"query-input\":{\"@type\":\"PropertyValueSpecification\",\"valueRequired\":true,\"valueName\":\"search_term_string\"}}],\"inLanguage\":\"en-US\"},{\"@type\":\"Organization\",\"@id\":\"https:\\\/\\\/kleos-artisan-coutelier.com\\\/en\\\/#organization\",\"name\":\"Kleos\",\"url\":\"https:\\\/\\\/kleos-artisan-coutelier.com\\\/en\\\/\",\"logo\":{\"@type\":\"ImageObject\",\"inLanguage\":\"en-US\",\"@id\":\"https:\\\/\\\/kleos-artisan-coutelier.com\\\/en\\\/#\\\/schema\\\/logo\\\/image\\\/\",\"url\":\"https:\\\/\\\/kleos-artisan-coutelier.com\\\/wp-content\\\/uploads\\\/2021\\\/11\\\/FICHIERLOGO2-copie-2-1.png\",\"contentUrl\":\"https:\\\/\\\/kleos-artisan-coutelier.com\\\/wp-content\\\/uploads\\\/2021\\\/11\\\/FICHIERLOGO2-copie-2-1.png\",\"width\":185,\"height\":50,\"caption\":\"Kleos\"},\"image\":{\"@id\":\"https:\\\/\\\/kleos-artisan-coutelier.com\\\/en\\\/#\\\/schema\\\/logo\\\/image\\\/\"},\"sameAs\":[\"https:\\\/\\\/www.facebook.com\\\/kleos.knives\\\/\",\"https:\\\/\\\/www.instagram.com\\\/kleos.knives\"]}]}<\/script>\n<!-- \/ Yoast SEO plugin. -->","yoast_head_json":{"title":"6 Couteaux de table - Eb\u00e8ne du Gabon - Kleos","description":"Fabrication artisanale de couteaux de cuisine et de couteaux destin\u00e9s \u00e0 l'ext\u00e9rieur (outdoor). Pi\u00e8ces uniques. Couteaux fabriqu\u00e9s en France.","robots":{"index":"index","follow":"follow","max-snippet":"max-snippet:-1","max-image-preview":"max-image-preview:large","max-video-preview":"max-video-preview:-1"},"canonical":"https:\/\/kleos-artisan-coutelier.com\/en\/produit\/6-couteaux-de-table-ebene-du-gabon\/","og_locale":"en_US","og_type":"article","og_title":"6 Couteaux de table - Eb\u00e8ne du Gabon - Kleos","og_description":"Fabrication artisanale de couteaux de cuisine et de couteaux destin\u00e9s \u00e0 l'ext\u00e9rieur (outdoor). Pi\u00e8ces uniques. Couteaux fabriqu\u00e9s en France.","og_url":"https:\/\/kleos-artisan-coutelier.com\/en\/produit\/6-couteaux-de-table-ebene-du-gabon\/","og_site_name":"Kleos","article_publisher":"https:\/\/www.facebook.com\/kleos.knives\/","article_modified_time":"2024-01-31T15:51:38+00:00","og_image":[{"width":2560,"height":2560,"url":"https:\/\/kleos-artisan-coutelier.com\/wp-content\/uploads\/2022\/05\/DSC_0012-1_edited-scaled.jpg","type":"image\/jpeg"}],"twitter_card":"summary_large_image","twitter_misc":{"Est. reading time":"1 minute"},"schema":{"@context":"https:\/\/schema.org","@graph":[{"@type":"WebPage","@id":"https:\/\/kleos-artisan-coutelier.com\/en\/produit\/6-couteaux-de-table-ebene-du-gabon\/","url":"https:\/\/kleos-artisan-coutelier.com\/en\/produit\/6-couteaux-de-table-ebene-du-gabon\/","name":"6 Couteaux de table - Eb\u00e8ne du Gabon - Kleos","isPartOf":{"@id":"https:\/\/kleos-artisan-coutelier.com\/en\/#website"},"primaryImageOfPage":{"@id":"https:\/\/kleos-artisan-coutelier.com\/en\/produit\/6-couteaux-de-table-ebene-du-gabon\/#primaryimage"},"image":{"@id":"https:\/\/kleos-artisan-coutelier.com\/en\/produit\/6-couteaux-de-table-ebene-du-gabon\/#primaryimage"},"thumbnailUrl":"https:\/\/kleos-artisan-coutelier.com\/wp-content\/uploads\/2022\/05\/DSC_0012-1_edited-scaled.jpg","datePublished":"2022-05-07T13:30:02+00:00","dateModified":"2024-01-31T15:51:38+00:00","description":"Fabrication artisanale de couteaux de cuisine et de couteaux destin\u00e9s \u00e0 l'ext\u00e9rieur (outdoor). Pi\u00e8ces uniques. Couteaux fabriqu\u00e9s en France.","breadcrumb":{"@id":"https:\/\/kleos-artisan-coutelier.com\/en\/produit\/6-couteaux-de-table-ebene-du-gabon\/#breadcrumb"},"inLanguage":"en-US","potentialAction":[{"@type":"ReadAction","target":["https:\/\/kleos-artisan-coutelier.com\/en\/produit\/6-couteaux-de-table-ebene-du-gabon\/"]}]},{"@type":"ImageObject","inLanguage":"en-US","@id":"https:\/\/kleos-artisan-coutelier.com\/en\/produit\/6-couteaux-de-table-ebene-du-gabon\/#primaryimage","url":"https:\/\/kleos-artisan-coutelier.com\/wp-content\/uploads\/2022\/05\/DSC_0012-1_edited-scaled.jpg","contentUrl":"https:\/\/kleos-artisan-coutelier.com\/wp-content\/uploads\/2022\/05\/DSC_0012-1_edited-scaled.jpg","width":2560,"height":2560},{"@type":"BreadcrumbList","@id":"https:\/\/kleos-artisan-coutelier.com\/en\/produit\/6-couteaux-de-table-ebene-du-gabon\/#breadcrumb","itemListElement":[{"@type":"ListItem","position":1,"name":"Accueil","item":"https:\/\/kleos-artisan-coutelier.com\/en\/"},{"@type":"ListItem","position":2,"name":"Shop","item":"https:\/\/kleos-artisan-coutelier.com\/en\/shop-2\/"},{"@type":"ListItem","position":3,"name":"6 Couteaux de table &#8211; Eb\u00e8ne du Gabon"}]},{"@type":"WebSite","@id":"https:\/\/kleos-artisan-coutelier.com\/en\/#website","url":"https:\/\/kleos-artisan-coutelier.com\/en\/","name":"Kleos","description":"Kleos Artisan Coutelier","publisher":{"@id":"https:\/\/kleos-artisan-coutelier.com\/en\/#organization"},"potentialAction":[{"@type":"SearchAction","target":{"@type":"EntryPoint","urlTemplate":"https:\/\/kleos-artisan-coutelier.com\/en\/?s={search_term_string}"},"query-input":{"@type":"PropertyValueSpecification","valueRequired":true,"valueName":"search_term_string"}}],"inLanguage":"en-US"},{"@type":"Organization","@id":"https:\/\/kleos-artisan-coutelier.com\/en\/#organization","name":"Kleos","url":"https:\/\/kleos-artisan-coutelier.com\/en\/","logo":{"@type":"ImageObject","inLanguage":"en-US","@id":"https:\/\/kleos-artisan-coutelier.com\/en\/#\/schema\/logo\/image\/","url":"https:\/\/kleos-artisan-coutelier.com\/wp-content\/uploads\/2021\/11\/FICHIERLOGO2-copie-2-1.png","contentUrl":"https:\/\/kleos-artisan-coutelier.com\/wp-content\/uploads\/2021\/11\/FICHIERLOGO2-copie-2-1.png","width":185,"height":50,"caption":"Kleos"},"image":{"@id":"https:\/\/kleos-artisan-coutelier.com\/en\/#\/schema\/logo\/image\/"},"sameAs":["https:\/\/www.facebook.com\/kleos.knives\/","https:\/\/www.instagram.com\/kleos.knives"]}]}},"jetpack_sharing_enabled":true,"builder_content":"","_links":{"self":[{"href":"https:\/\/kleos-artisan-coutelier.com\/en\/wp-json\/wp\/v2\/product\/14657","targetHints":{"allow":["GET"]}}],"collection":[{"href":"https:\/\/kleos-artisan-coutelier.com\/en\/wp-json\/wp\/v2\/product"}],"about":[{"href":"https:\/\/kleos-artisan-coutelier.com\/en\/wp-json\/wp\/v2\/types\/product"}],"wp:featuredmedia":[{"embeddable":true,"href":"https:\/\/kleos-artisan-coutelier.com\/en\/wp-json\/wp\/v2\/media\/14668"}],"wp:attachment":[{"href":"https:\/\/kleos-artisan-coutelier.com\/en\/wp-json\/wp\/v2\/media?parent=14657"}],"wp:term":[{"taxonomy":"product_brand","embeddable":true,"href":"https:\/\/kleos-artisan-coutelier.com\/en\/wp-json\/wp\/v2\/product_brand?post=14657"},{"taxonomy":"product_cat","embeddable":true,"href":"https:\/\/kleos-artisan-coutelier.com\/en\/wp-json\/wp\/v2\/product_cat?post=14657"},{"taxonomy":"product_tag","embeddable":true,"href":"https:\/\/kleos-artisan-coutelier.com\/en\/wp-json\/wp\/v2\/product_tag?post=14657"}],"curies":[{"name":"wp","href":"https:\/\/api.w.org\/{rel}","templated":true}]}}