{"id":15678,"date":"2022-11-24T18:33:51","date_gmt":"2022-11-24T17:33:51","guid":{"rendered":"https:\/\/kleos-artisan-coutelier.com\/?post_type=product&#038;p=15678"},"modified":"2025-09-15T10:27:36","modified_gmt":"2025-09-15T08:27:36","slug":"couteau-de-chef-gyuto-prestige","status":"publish","type":"product","link":"https:\/\/kleos-artisan-coutelier.com\/en\/produit\/couteau-de-chef-gyuto-prestige\/","title":{"rendered":"Couteau de chef Gyuto Prestige"},"content":{"rendered":"<div class=\"\" data-block=\"true\" data-editor=\"cd1fm\" data-offset-key=\"c9uni-0-0\">\n<h2 data-start=\"199\" data-end=\"236\">Un couteau de chef haut de gamme<\/h2>\n<p data-start=\"238\" data-end=\"511\">Le <strong data-start=\"241\" data-end=\"283\">Couteau de Chef Gyuto Prestige Hybride<\/strong> est un outil d\u2019exception. Il incarne le savoir-faire artisanal et l\u2019innovation contemporaine. Con\u00e7u pour les chefs exigeants comme pour les passionn\u00e9s de cuisine, il offre un \u00e9quilibre parfait entre esth\u00e9tique et performance.<\/p>\n<h2 data-start=\"513\" data-end=\"558\">Une lame Suminagashi VG10 exceptionnelle<\/h2>\n<p data-start=\"560\" data-end=\"999\">Sa <strong data-start=\"563\" data-end=\"610\">lame en acier Suminagashi VG10 (67 couches)<\/strong> affiche des motifs ondoyants \u00e9l\u00e9gants, caract\u00e9ristiques de ce damas japonais. Gr\u00e2ce \u00e0 son <strong data-start=\"701\" data-end=\"741\">\u00e2me centrale en VG10 tremp\u00e9e \u00e0 61HRC<\/strong>, elle garantit un tranchant pr\u00e9cis et durable. Avec <strong data-start=\"794\" data-end=\"816\">20 cm de tranchant<\/strong> et <strong data-start=\"820\" data-end=\"842\">2,5 mm d\u2019\u00e9paisseur<\/strong>, cette lame combine robustesse et finesse de coupe. Sa <strong data-start=\"898\" data-end=\"926\">longueur totale de 33 cm<\/strong> permet une grande amplitude de mouvement pour toutes vos pr\u00e9parations.<\/p>\n<h2 data-start=\"1001\" data-end=\"1041\">Un manche hybride unique et raffin\u00e9<\/h2>\n<p data-start=\"1043\" data-end=\"1533\">Le <strong data-start=\"1046\" data-end=\"1064\">manche hybride<\/strong> marie <strong data-start=\"1071\" data-end=\"1087\">bois naturel<\/strong> et <strong data-start=\"1091\" data-end=\"1126\">galets coul\u00e9s dans de la r\u00e9sine<\/strong>, cr\u00e9ant un effet min\u00e9ral spectaculaire. Chaque pi\u00e8ce devient ainsi unique, avec des nuances et textures singuli\u00e8res.<br data-start=\"1243\" data-end=\"1246\" \/>De plus, la <strong data-start=\"1258\" data-end=\"1278\">fixation par vis<\/strong> assure une solidit\u00e9 irr\u00e9prochable. Les <strong data-start=\"1318\" data-end=\"1346\">inserts en nacre blanche<\/strong> ajoutent une touche d\u2019\u00e9l\u00e9gance et de sophistication \u00e0 l\u2019ensemble. Avec ses <strong data-start=\"1422\" data-end=\"1433\">11,5 cm<\/strong>, ce manche offre une prise en main confortable et s\u00e9curis\u00e9e, m\u00eame lors d\u2019utilisations prolong\u00e9es.<\/p>\n<h2 data-start=\"1535\" data-end=\"1570\">Un fourreau en cuir sur mesure<\/h2>\n<p data-start=\"1572\" data-end=\"1830\">Pour prot\u00e9ger et transporter ce bijou de coutellerie, le <strong>Couteau de chef Gyuto Prestige<\/strong>\u00a0est livr\u00e9 avec un <strong data-start=\"1674\" data-end=\"1713\">fourreau en cuir r\u00e9alis\u00e9 sur mesure<\/strong>. Ce fourreau noir, sobre et \u00e9l\u00e9gant, met en valeur la finesse de la lame tout en assurant une protection optimale.<\/p>\n<h2 data-start=\"1832\" data-end=\"1869\">L\u2019alli\u00e9 des cuisiniers exigeants<\/h2>\n<p data-start=\"1871\" data-end=\"2118\">Gr\u00e2ce \u00e0 sa <strong data-start=\"1882\" data-end=\"1906\">construction soign\u00e9e<\/strong>, sa <strong data-start=\"1911\" data-end=\"1937\">duret\u00e9 de lame \u00e0 61HRC<\/strong> et son <strong data-start=\"1945\" data-end=\"1962\">design unique<\/strong>, ce couteau devient un partenaire fiable pour toutes vos cr\u00e9ations culinaires. Il allie pr\u00e9cision, confort et beaut\u00e9 pour sublimer vos gestes en cuisine.<\/p>\n<p data-start=\"1871\" data-end=\"2118\">Vous pouvez retrouver la fiche &#8220;conseils d&#8217;entretien&#8221; pour ce couteau <a href=\"https:\/\/kleos-artisan-coutelier.com\/conseils\/\" target=\"_blank\" rel=\"noopener\">ICI<\/a> .<\/p>\n<p data-start=\"1871\" data-end=\"2118\">Vous souhaitez passer commande ? Essayez notre page <a href=\"https:\/\/www.instagram.com\/kleos.knives\/\" target=\"_blank\" rel=\"noopener\">Instagram<\/a> pour trouver l&#8217;inspiration !<\/p>\n<\/div>\n","protected":false},"excerpt":{"rendered":"<p>Frais de port et assurance transport offerts pour la France m\u00e9tropolitaine.<\/p>\n","protected":false},"featured_media":18922,"template":"","meta":{"_monsterinsights_skip_tracking":false,"_monsterinsights_sitenote_active":false,"_monsterinsights_sitenote_note":"","_monsterinsights_sitenote_category":0},"product_brand":[],"product_cat":[46,66,49],"product_tag":[76,55],"class_list":{"0":"post-15678","1":"product","2":"type-product","3":"status-publish","4":"has-post-thumbnail","6":"product_cat-la-cuisine","7":"product_cat-prestige","8":"product_cat-eminceurs-prestige","9":"product_tag-prestige","10":"product_tag-vg10","11":"has-post-title","12":"has-post-date","13":"has-post-category","14":"has-post-tag","15":"has-post-comment","16":"has-post-author","17":"","19":"first","20":"instock","21":"sold-individually","22":"shipping-taxable","23":"purchasable","24":"product-type-simple"},"yoast_head":"<!-- This site is optimized with the Yoast SEO plugin v27.4 - https:\/\/yoast.com\/product\/yoast-seo-wordpress\/ -->\n<title>Couteau de chef Gyuto Prestige - Kleos<\/title>\n<meta name=\"description\" content=\"Couteau de chef Gyuto Prestige Hybride. Fabrication artisanale de couteaux de cuisine. Pi\u00e8ces uniques. Couteaux fabriqu\u00e9s en France \u00e0 Thiers.\" \/>\n<meta name=\"robots\" content=\"index, follow, max-snippet:-1, max-image-preview:large, max-video-preview:-1\" \/>\n<link rel=\"canonical\" href=\"https:\/\/kleos-artisan-coutelier.com\/en\/produit\/couteau-de-chef-gyuto-prestige\/\" \/>\n<meta property=\"og:locale\" content=\"en_US\" \/>\n<meta property=\"og:type\" content=\"article\" \/>\n<meta property=\"og:title\" content=\"Couteau de chef Gyuto Prestige - Kleos\" \/>\n<meta property=\"og:description\" content=\"Couteau de chef Gyuto Prestige Hybride. Fabrication artisanale de couteaux de cuisine. Pi\u00e8ces uniques. Couteaux fabriqu\u00e9s en France \u00e0 Thiers.\" \/>\n<meta property=\"og:url\" content=\"https:\/\/kleos-artisan-coutelier.com\/en\/produit\/couteau-de-chef-gyuto-prestige\/\" \/>\n<meta property=\"og:site_name\" content=\"Kleos\" \/>\n<meta property=\"article:publisher\" content=\"https:\/\/www.facebook.com\/kleos.knives\/\" \/>\n<meta property=\"article:modified_time\" content=\"2025-09-15T08:27:36+00:00\" \/>\n<meta property=\"og:image\" content=\"https:\/\/kleos-artisan-coutelier.com\/wp-content\/uploads\/2022\/11\/1000008029.jpg\" \/>\n\t<meta property=\"og:image:width\" content=\"1287\" \/>\n\t<meta property=\"og:image:height\" content=\"1822\" \/>\n\t<meta property=\"og:image:type\" content=\"image\/jpeg\" \/>\n<meta name=\"twitter:card\" content=\"summary_large_image\" \/>\n<meta name=\"twitter:label1\" content=\"Est. reading time\" \/>\n\t<meta name=\"twitter:data1\" content=\"2 minutes\" \/>\n<script type=\"application\/ld+json\" class=\"yoast-schema-graph\">{\"@context\":\"https:\\\/\\\/schema.org\",\"@graph\":[{\"@type\":\"WebPage\",\"@id\":\"https:\\\/\\\/kleos-artisan-coutelier.com\\\/en\\\/produit\\\/couteau-de-chef-gyuto-prestige\\\/\",\"url\":\"https:\\\/\\\/kleos-artisan-coutelier.com\\\/en\\\/produit\\\/couteau-de-chef-gyuto-prestige\\\/\",\"name\":\"Couteau de chef Gyuto Prestige - Kleos\",\"isPartOf\":{\"@id\":\"https:\\\/\\\/kleos-artisan-coutelier.com\\\/en\\\/#website\"},\"primaryImageOfPage\":{\"@id\":\"https:\\\/\\\/kleos-artisan-coutelier.com\\\/en\\\/produit\\\/couteau-de-chef-gyuto-prestige\\\/#primaryimage\"},\"image\":{\"@id\":\"https:\\\/\\\/kleos-artisan-coutelier.com\\\/en\\\/produit\\\/couteau-de-chef-gyuto-prestige\\\/#primaryimage\"},\"thumbnailUrl\":\"https:\\\/\\\/kleos-artisan-coutelier.com\\\/wp-content\\\/uploads\\\/2022\\\/11\\\/1000008029.jpg\",\"datePublished\":\"2022-11-24T17:33:51+00:00\",\"dateModified\":\"2025-09-15T08:27:36+00:00\",\"description\":\"Couteau de chef Gyuto Prestige Hybride. Fabrication artisanale de couteaux de cuisine. Pi\u00e8ces uniques. Couteaux fabriqu\u00e9s en France \u00e0 Thiers.\",\"breadcrumb\":{\"@id\":\"https:\\\/\\\/kleos-artisan-coutelier.com\\\/en\\\/produit\\\/couteau-de-chef-gyuto-prestige\\\/#breadcrumb\"},\"inLanguage\":\"en-US\",\"potentialAction\":[{\"@type\":\"ReadAction\",\"target\":[\"https:\\\/\\\/kleos-artisan-coutelier.com\\\/en\\\/produit\\\/couteau-de-chef-gyuto-prestige\\\/\"]}]},{\"@type\":\"ImageObject\",\"inLanguage\":\"en-US\",\"@id\":\"https:\\\/\\\/kleos-artisan-coutelier.com\\\/en\\\/produit\\\/couteau-de-chef-gyuto-prestige\\\/#primaryimage\",\"url\":\"https:\\\/\\\/kleos-artisan-coutelier.com\\\/wp-content\\\/uploads\\\/2022\\\/11\\\/1000008029.jpg\",\"contentUrl\":\"https:\\\/\\\/kleos-artisan-coutelier.com\\\/wp-content\\\/uploads\\\/2022\\\/11\\\/1000008029.jpg\",\"width\":1287,\"height\":1822,\"caption\":\"Couteau de chef Gyuto Prestige\"},{\"@type\":\"BreadcrumbList\",\"@id\":\"https:\\\/\\\/kleos-artisan-coutelier.com\\\/en\\\/produit\\\/couteau-de-chef-gyuto-prestige\\\/#breadcrumb\",\"itemListElement\":[{\"@type\":\"ListItem\",\"position\":1,\"name\":\"Accueil\",\"item\":\"https:\\\/\\\/kleos-artisan-coutelier.com\\\/en\\\/\"},{\"@type\":\"ListItem\",\"position\":2,\"name\":\"Shop\",\"item\":\"https:\\\/\\\/kleos-artisan-coutelier.com\\\/en\\\/shop-2\\\/\"},{\"@type\":\"ListItem\",\"position\":3,\"name\":\"Couteau de chef Gyuto Prestige\"}]},{\"@type\":\"WebSite\",\"@id\":\"https:\\\/\\\/kleos-artisan-coutelier.com\\\/en\\\/#website\",\"url\":\"https:\\\/\\\/kleos-artisan-coutelier.com\\\/en\\\/\",\"name\":\"Kleos\",\"description\":\"Kleos Artisan Coutelier\",\"publisher\":{\"@id\":\"https:\\\/\\\/kleos-artisan-coutelier.com\\\/en\\\/#organization\"},\"potentialAction\":[{\"@type\":\"SearchAction\",\"target\":{\"@type\":\"EntryPoint\",\"urlTemplate\":\"https:\\\/\\\/kleos-artisan-coutelier.com\\\/en\\\/?s={search_term_string}\"},\"query-input\":{\"@type\":\"PropertyValueSpecification\",\"valueRequired\":true,\"valueName\":\"search_term_string\"}}],\"inLanguage\":\"en-US\"},{\"@type\":\"Organization\",\"@id\":\"https:\\\/\\\/kleos-artisan-coutelier.com\\\/en\\\/#organization\",\"name\":\"Kleos\",\"url\":\"https:\\\/\\\/kleos-artisan-coutelier.com\\\/en\\\/\",\"logo\":{\"@type\":\"ImageObject\",\"inLanguage\":\"en-US\",\"@id\":\"https:\\\/\\\/kleos-artisan-coutelier.com\\\/en\\\/#\\\/schema\\\/logo\\\/image\\\/\",\"url\":\"https:\\\/\\\/kleos-artisan-coutelier.com\\\/wp-content\\\/uploads\\\/2021\\\/11\\\/FICHIERLOGO2-copie-2-1.png\",\"contentUrl\":\"https:\\\/\\\/kleos-artisan-coutelier.com\\\/wp-content\\\/uploads\\\/2021\\\/11\\\/FICHIERLOGO2-copie-2-1.png\",\"width\":185,\"height\":50,\"caption\":\"Kleos\"},\"image\":{\"@id\":\"https:\\\/\\\/kleos-artisan-coutelier.com\\\/en\\\/#\\\/schema\\\/logo\\\/image\\\/\"},\"sameAs\":[\"https:\\\/\\\/www.facebook.com\\\/kleos.knives\\\/\",\"https:\\\/\\\/www.instagram.com\\\/kleos.knives\"]}]}<\/script>\n<!-- \/ Yoast SEO plugin. -->","yoast_head_json":{"title":"Couteau de chef Gyuto Prestige - Kleos","description":"Couteau de chef Gyuto Prestige Hybride. Fabrication artisanale de couteaux de cuisine. Pi\u00e8ces uniques. Couteaux fabriqu\u00e9s en France \u00e0 Thiers.","robots":{"index":"index","follow":"follow","max-snippet":"max-snippet:-1","max-image-preview":"max-image-preview:large","max-video-preview":"max-video-preview:-1"},"canonical":"https:\/\/kleos-artisan-coutelier.com\/en\/produit\/couteau-de-chef-gyuto-prestige\/","og_locale":"en_US","og_type":"article","og_title":"Couteau de chef Gyuto Prestige - Kleos","og_description":"Couteau de chef Gyuto Prestige Hybride. Fabrication artisanale de couteaux de cuisine. Pi\u00e8ces uniques. Couteaux fabriqu\u00e9s en France \u00e0 Thiers.","og_url":"https:\/\/kleos-artisan-coutelier.com\/en\/produit\/couteau-de-chef-gyuto-prestige\/","og_site_name":"Kleos","article_publisher":"https:\/\/www.facebook.com\/kleos.knives\/","article_modified_time":"2025-09-15T08:27:36+00:00","og_image":[{"width":1287,"height":1822,"url":"https:\/\/kleos-artisan-coutelier.com\/wp-content\/uploads\/2022\/11\/1000008029.jpg","type":"image\/jpeg"}],"twitter_card":"summary_large_image","twitter_misc":{"Est. reading time":"2 minutes"},"schema":{"@context":"https:\/\/schema.org","@graph":[{"@type":"WebPage","@id":"https:\/\/kleos-artisan-coutelier.com\/en\/produit\/couteau-de-chef-gyuto-prestige\/","url":"https:\/\/kleos-artisan-coutelier.com\/en\/produit\/couteau-de-chef-gyuto-prestige\/","name":"Couteau de chef Gyuto Prestige - Kleos","isPartOf":{"@id":"https:\/\/kleos-artisan-coutelier.com\/en\/#website"},"primaryImageOfPage":{"@id":"https:\/\/kleos-artisan-coutelier.com\/en\/produit\/couteau-de-chef-gyuto-prestige\/#primaryimage"},"image":{"@id":"https:\/\/kleos-artisan-coutelier.com\/en\/produit\/couteau-de-chef-gyuto-prestige\/#primaryimage"},"thumbnailUrl":"https:\/\/kleos-artisan-coutelier.com\/wp-content\/uploads\/2022\/11\/1000008029.jpg","datePublished":"2022-11-24T17:33:51+00:00","dateModified":"2025-09-15T08:27:36+00:00","description":"Couteau de chef Gyuto Prestige Hybride. Fabrication artisanale de couteaux de cuisine. Pi\u00e8ces uniques. Couteaux fabriqu\u00e9s en France \u00e0 Thiers.","breadcrumb":{"@id":"https:\/\/kleos-artisan-coutelier.com\/en\/produit\/couteau-de-chef-gyuto-prestige\/#breadcrumb"},"inLanguage":"en-US","potentialAction":[{"@type":"ReadAction","target":["https:\/\/kleos-artisan-coutelier.com\/en\/produit\/couteau-de-chef-gyuto-prestige\/"]}]},{"@type":"ImageObject","inLanguage":"en-US","@id":"https:\/\/kleos-artisan-coutelier.com\/en\/produit\/couteau-de-chef-gyuto-prestige\/#primaryimage","url":"https:\/\/kleos-artisan-coutelier.com\/wp-content\/uploads\/2022\/11\/1000008029.jpg","contentUrl":"https:\/\/kleos-artisan-coutelier.com\/wp-content\/uploads\/2022\/11\/1000008029.jpg","width":1287,"height":1822,"caption":"Couteau de chef Gyuto Prestige"},{"@type":"BreadcrumbList","@id":"https:\/\/kleos-artisan-coutelier.com\/en\/produit\/couteau-de-chef-gyuto-prestige\/#breadcrumb","itemListElement":[{"@type":"ListItem","position":1,"name":"Accueil","item":"https:\/\/kleos-artisan-coutelier.com\/en\/"},{"@type":"ListItem","position":2,"name":"Shop","item":"https:\/\/kleos-artisan-coutelier.com\/en\/shop-2\/"},{"@type":"ListItem","position":3,"name":"Couteau de chef Gyuto Prestige"}]},{"@type":"WebSite","@id":"https:\/\/kleos-artisan-coutelier.com\/en\/#website","url":"https:\/\/kleos-artisan-coutelier.com\/en\/","name":"Kleos","description":"Kleos Artisan Coutelier","publisher":{"@id":"https:\/\/kleos-artisan-coutelier.com\/en\/#organization"},"potentialAction":[{"@type":"SearchAction","target":{"@type":"EntryPoint","urlTemplate":"https:\/\/kleos-artisan-coutelier.com\/en\/?s={search_term_string}"},"query-input":{"@type":"PropertyValueSpecification","valueRequired":true,"valueName":"search_term_string"}}],"inLanguage":"en-US"},{"@type":"Organization","@id":"https:\/\/kleos-artisan-coutelier.com\/en\/#organization","name":"Kleos","url":"https:\/\/kleos-artisan-coutelier.com\/en\/","logo":{"@type":"ImageObject","inLanguage":"en-US","@id":"https:\/\/kleos-artisan-coutelier.com\/en\/#\/schema\/logo\/image\/","url":"https:\/\/kleos-artisan-coutelier.com\/wp-content\/uploads\/2021\/11\/FICHIERLOGO2-copie-2-1.png","contentUrl":"https:\/\/kleos-artisan-coutelier.com\/wp-content\/uploads\/2021\/11\/FICHIERLOGO2-copie-2-1.png","width":185,"height":50,"caption":"Kleos"},"image":{"@id":"https:\/\/kleos-artisan-coutelier.com\/en\/#\/schema\/logo\/image\/"},"sameAs":["https:\/\/www.facebook.com\/kleos.knives\/","https:\/\/www.instagram.com\/kleos.knives"]}]}},"jetpack_sharing_enabled":true,"builder_content":"","_links":{"self":[{"href":"https:\/\/kleos-artisan-coutelier.com\/en\/wp-json\/wp\/v2\/product\/15678","targetHints":{"allow":["GET"]}}],"collection":[{"href":"https:\/\/kleos-artisan-coutelier.com\/en\/wp-json\/wp\/v2\/product"}],"about":[{"href":"https:\/\/kleos-artisan-coutelier.com\/en\/wp-json\/wp\/v2\/types\/product"}],"wp:featuredmedia":[{"embeddable":true,"href":"https:\/\/kleos-artisan-coutelier.com\/en\/wp-json\/wp\/v2\/media\/18922"}],"wp:attachment":[{"href":"https:\/\/kleos-artisan-coutelier.com\/en\/wp-json\/wp\/v2\/media?parent=15678"}],"wp:term":[{"taxonomy":"product_brand","embeddable":true,"href":"https:\/\/kleos-artisan-coutelier.com\/en\/wp-json\/wp\/v2\/product_brand?post=15678"},{"taxonomy":"product_cat","embeddable":true,"href":"https:\/\/kleos-artisan-coutelier.com\/en\/wp-json\/wp\/v2\/product_cat?post=15678"},{"taxonomy":"product_tag","embeddable":true,"href":"https:\/\/kleos-artisan-coutelier.com\/en\/wp-json\/wp\/v2\/product_tag?post=15678"}],"curies":[{"name":"wp","href":"https:\/\/api.w.org\/{rel}","templated":true}]}}