{"id":17628,"date":"2024-06-22T16:27:36","date_gmt":"2024-06-22T14:27:36","guid":{"rendered":"https:\/\/kleos-artisan-coutelier.com\/?post_type=product&#038;p=17628"},"modified":"2024-12-08T17:17:57","modified_gmt":"2024-12-08T16:17:57","slug":"couteau-de-cuisine-damas","status":"publish","type":"product","link":"https:\/\/kleos-artisan-coutelier.com\/en\/produit\/couteau-de-cuisine-damas\/","title":{"rendered":"Couteau de cuisine damas"},"content":{"rendered":"<div class=\"\" data-block=\"true\" data-editor=\"88o7k\" data-offset-key=\"dgq2r-0-0\">\n<div class=\"_1mf _1mj\" data-offset-key=\"dgq2r-0-0\"><span data-offset-key=\"dgq2r-0-0\">Couteau de cuisine damas<\/span><\/div>\n<div class=\"_1mf _1mj\" data-offset-key=\"dgq2r-0-0\"><span data-offset-key=\"dgq2r-0-0\">.<\/span><\/div>\n<div class=\"_1mf _1mj\" data-offset-key=\"dgq2r-0-0\"><span data-offset-key=\"dgq2r-0-0\">Lame en acier damas, motif &#8220;Bjorkman&#8217;s Twist&#8221; DS93X<\/span><\/div>\n<\/div>\n<div class=\"\" data-block=\"true\" data-editor=\"88o7k\" data-offset-key=\"3llgp-0-0\">\n<div class=\"_1mf _1mj\" data-offset-key=\"3llgp-0-0\"><span data-offset-key=\"3llgp-0-0\">Manche en bouleau stabilis\u00e9 et teint\u00e9.<\/span><\/div>\n<\/div>\n<div class=\"\" data-block=\"true\" data-editor=\"88o7k\" data-offset-key=\"8innc-0-0\">\n<div class=\"_1mf _1mj\" data-offset-key=\"8innc-0-0\"><span data-offset-key=\"8innc-0-0\">Fixation par vis et inserts en carbone.<\/span><\/div>\n<\/div>\n<div class=\"\" data-block=\"true\" data-editor=\"88o7k\" data-offset-key=\"7i3bb-0-0\">\n<div class=\"_1mf _1mj\" data-offset-key=\"7i3bb-0-0\"><span data-offset-key=\"7i3bb-0-0\">Livr\u00e9 avec sa bo\u00eete cartonn\u00e9e haut de gamme.<\/span><\/div>\n<\/div>\n<div class=\"\" data-block=\"true\" data-editor=\"88o7k\" data-offset-key=\"4qi3g-0-0\">\n<div class=\"_1mf _1mj\" data-offset-key=\"4qi3g-0-0\"><span data-offset-key=\"4qi3g-0-0\">.<\/span><\/div>\n<\/div>\n<div class=\"\" data-block=\"true\" data-editor=\"88o7k\" data-offset-key=\"5un3q-0-0\">\n<div class=\"_1mf _1mj\" data-offset-key=\"5un3q-0-0\"><span data-offset-key=\"5un3q-0-0\">Caract\u00e9ristiques : <\/span><\/div>\n<\/div>\n<div class=\"\" data-block=\"true\" data-editor=\"88o7k\" data-offset-key=\"fpbvh-0-0\">\n<div class=\"_1mf _1mj\" data-offset-key=\"fpbvh-0-0\"><span data-offset-key=\"fpbvh-0-0\">27cm de longueur totale<\/span><\/div>\n<\/div>\n<div class=\"\" data-block=\"true\" data-editor=\"88o7k\" data-offset-key=\"bmrf6-0-0\">\n<div class=\"_1mf _1mj\" data-offset-key=\"bmrf6-0-0\"><span data-offset-key=\"bmrf6-0-0\">15cm de tranchant<\/span><\/div>\n<\/div>\n<div class=\"\" data-block=\"true\" data-editor=\"88o7k\" data-offset-key=\"d9a4e-0-0\">\n<div class=\"_1mf _1mj\" data-offset-key=\"d9a4e-0-0\"><span data-offset-key=\"d9a4e-0-0\">11cm de manche<\/span><\/div>\n<\/div>\n<div class=\"\" data-block=\"true\" data-editor=\"88o7k\" data-offset-key=\"72dbm-0-0\">\n<div class=\"_1mf _1mj\" data-offset-key=\"72dbm-0-0\"><span data-offset-key=\"72dbm-0-0\">4,5cm de largeur de lame (au plus large)<\/span><\/div>\n<\/div>\n<div class=\"\" data-block=\"true\" data-editor=\"88o7k\" data-offset-key=\"do11j-0-0\">\n<div class=\"_1mf _1mj\" data-offset-key=\"do11j-0-0\"><span data-offset-key=\"do11j-0-0\">2,5mm d&#8217;\u00e9paisseur de lame (au plus \u00e9pais)<\/span><\/div>\n<\/div>\n<div class=\"\" data-block=\"true\" data-editor=\"88o7k\" data-offset-key=\"7psop-0-0\">\n<div class=\"_1mf _1mj\" data-offset-key=\"7psop-0-0\"><span data-offset-key=\"7psop-0-0\">Poids plume de 163g<\/span><\/div>\n<div data-offset-key=\"7psop-0-0\">.<\/div>\n<div data-offset-key=\"7psop-0-0\">\n<p>D\u00e9couvrez le couteau de cuisine damas. Dot\u00e9 d&#8217;une lame en acier damas avec le magnifique motif &#8220;Bjorkman&#8217;s Twist&#8221;, ce couteau offre une combinaison parfaite de performance et de style. Ce motif unique, en plus de son aspect visuel attractif, assure une lame durable et incroyablement tranchante, id\u00e9ale pour toutes vos d\u00e9coupes.<\/p>\n<p>Le manche en bouleau stabilis\u00e9 et teint\u00e9 apporte non seulement une touche d&#8217;\u00e9l\u00e9gance, mais garantit \u00e9galement une prise en main confortable et s\u00fbre. La teinte subtile du manche s&#8217;harmonise parfaitement avec la lame, cr\u00e9ant un ensemble visuellement agr\u00e9able.<\/p>\n<p>Gr\u00e2ce \u00e0 la fixation par vis et inserts en carbone, ce couteau offre une robustesse exceptionnelle. Vous pouvez compter sur sa solidit\u00e9 pour toutes vos t\u00e2ches de cuisine, que ce soit pour des pr\u00e9parations quotidiennes ou des occasions sp\u00e9ciales.<\/p>\n<p>Livr\u00e9 dans une bo\u00eete cartonn\u00e9e haut de gamme, ce couteau de cuisine damas est non seulement facile \u00e0 ranger, mais aussi parfait pour \u00eatre offert en cadeau. La bo\u00eete prot\u00e8ge votre couteau lorsqu&#8217;il n&#8217;est pas utilis\u00e9 et ajoute une touche de sophistication lors de la pr\u00e9sentation.<\/p>\n<p>En choisissant ce couteau de cuisine damas, vous optez pour un outil performant et esth\u00e9tique, con\u00e7u pour vous accompagner durablement dans toutes vos aventures culinaires. Ajoutez ce couteau \u00e0 votre collection et ressentez la diff\u00e9rence d&#8217;un v\u00e9ritable couteau en acier damas dans votre cuisine.<\/p>\n<\/div>\n<div data-offset-key=\"7psop-0-0\">.<\/div>\n<div data-offset-key=\"7psop-0-0\">Retrouvez les conseils d\u2019entretien\u00a0<a href=\"https:\/\/kleos-artisan-coutelier.com\/conseils\/\" target=\"_blank\" rel=\"noopener\">ICI<\/a>\u00a0!<\/div>\n<div data-offset-key=\"7psop-0-0\">Une question ? Envie d\u2019un projet personnalis\u00e9 ? Le formulaire de contact, c\u2019est par\u00a0<a href=\"https:\/\/kleos-artisan-coutelier.com\/contact\/\" target=\"_blank\" rel=\"noopener\">ICI<\/a>\u00a0.<\/div>\n<div data-offset-key=\"7psop-0-0\">Vous pouvez retrouver le post de ce couteau sur Instagram\u00a0<a href=\"https:\/\/www.instagram.com\/p\/Cl_QIUno3z-\/\" target=\"_blank\" rel=\"noopener\">ICI<\/a>\u00a0.<\/div>\n<\/div>\n","protected":false},"excerpt":{"rendered":"<p>Frais de port et assurance transport offerts pour la France m\u00e9tropolitaine.<\/p>\n<p>Retrouvez les conseils d\u2019entretien\u00a0<a href=\"https:\/\/kleos-artisan-coutelier.com\/conseils\/\" target=\"_blank\" rel=\"noopener\">ICI<\/a>\u00a0!<\/p>\n","protected":false},"featured_media":17629,"template":"","meta":{"_monsterinsights_skip_tracking":false,"_monsterinsights_sitenote_active":false,"_monsterinsights_sitenote_note":"","_monsterinsights_sitenote_category":0},"product_brand":[],"product_cat":[46,66,49],"product_tag":[105,103,76],"class_list":{"0":"post-17628","1":"product","2":"type-product","3":"status-publish","4":"has-post-thumbnail","6":"product_cat-la-cuisine","7":"product_cat-prestige","8":"product_cat-eminceurs-prestige","9":"product_tag-bois-stabilise","10":"product_tag-lame-damas","11":"product_tag-prestige","12":"has-post-title","13":"has-post-date","14":"has-post-category","15":"has-post-tag","16":"has-post-comment","17":"has-post-author","18":"","20":"first","21":"outofstock","22":"sold-individually","23":"shipping-taxable","24":"purchasable","25":"product-type-simple"},"yoast_head":"<!-- This site is optimized with the Yoast SEO plugin v27.5 - https:\/\/yoast.com\/product\/yoast-seo-wordpress\/ -->\n<title>Couteau de cuisine damas - Kleos<\/title>\n<meta name=\"description\" content=\"Couteau de cuisine damas. Kleos - Artisan Coutelier. Fabrication artisanale de couteaux de cuisine. Pi\u00e8ces uniques. Couteaux fabriqu\u00e9s en France, \u00e0 THIERS.\" \/>\n<meta name=\"robots\" content=\"index, follow, max-snippet:-1, max-image-preview:large, max-video-preview:-1\" \/>\n<link rel=\"canonical\" href=\"https:\/\/kleos-artisan-coutelier.com\/en\/produit\/couteau-de-cuisine-damas\/\" \/>\n<meta property=\"og:locale\" content=\"en_US\" \/>\n<meta property=\"og:type\" content=\"article\" \/>\n<meta property=\"og:title\" content=\"Couteau de cuisine damas - Kleos\" \/>\n<meta property=\"og:description\" content=\"Couteau de cuisine damas. Kleos - Artisan Coutelier. Fabrication artisanale de couteaux de cuisine. Pi\u00e8ces uniques. Couteaux fabriqu\u00e9s en France, \u00e0 THIERS.\" \/>\n<meta property=\"og:url\" content=\"https:\/\/kleos-artisan-coutelier.com\/en\/produit\/couteau-de-cuisine-damas\/\" \/>\n<meta property=\"og:site_name\" content=\"Kleos\" \/>\n<meta property=\"article:publisher\" content=\"https:\/\/www.facebook.com\/kleos.knives\/\" \/>\n<meta property=\"article:modified_time\" content=\"2024-12-08T16:17:57+00:00\" \/>\n<meta property=\"og:image\" content=\"https:\/\/kleos-artisan-coutelier.com\/wp-content\/uploads\/2024\/06\/DSC_0034_edited.jpg\" \/>\n\t<meta property=\"og:image:width\" content=\"1795\" \/>\n\t<meta property=\"og:image:height\" content=\"1795\" \/>\n\t<meta property=\"og:image:type\" content=\"image\/jpeg\" \/>\n<meta name=\"twitter:card\" content=\"summary_large_image\" \/>\n<meta name=\"twitter:label1\" content=\"Est. reading time\" \/>\n\t<meta name=\"twitter:data1\" content=\"2 minutes\" \/>\n<script type=\"application\/ld+json\" class=\"yoast-schema-graph\">{\"@context\":\"https:\\\/\\\/schema.org\",\"@graph\":[{\"@type\":\"WebPage\",\"@id\":\"https:\\\/\\\/kleos-artisan-coutelier.com\\\/en\\\/produit\\\/couteau-de-cuisine-damas\\\/\",\"url\":\"https:\\\/\\\/kleos-artisan-coutelier.com\\\/en\\\/produit\\\/couteau-de-cuisine-damas\\\/\",\"name\":\"Couteau de cuisine damas - Kleos\",\"isPartOf\":{\"@id\":\"https:\\\/\\\/kleos-artisan-coutelier.com\\\/en\\\/#website\"},\"primaryImageOfPage\":{\"@id\":\"https:\\\/\\\/kleos-artisan-coutelier.com\\\/en\\\/produit\\\/couteau-de-cuisine-damas\\\/#primaryimage\"},\"image\":{\"@id\":\"https:\\\/\\\/kleos-artisan-coutelier.com\\\/en\\\/produit\\\/couteau-de-cuisine-damas\\\/#primaryimage\"},\"thumbnailUrl\":\"https:\\\/\\\/kleos-artisan-coutelier.com\\\/wp-content\\\/uploads\\\/2024\\\/06\\\/DSC_0034_edited.jpg\",\"datePublished\":\"2024-06-22T14:27:36+00:00\",\"dateModified\":\"2024-12-08T16:17:57+00:00\",\"description\":\"Couteau de cuisine damas. Kleos - Artisan Coutelier. Fabrication artisanale de couteaux de cuisine. Pi\u00e8ces uniques. Couteaux fabriqu\u00e9s en France, \u00e0 THIERS.\",\"breadcrumb\":{\"@id\":\"https:\\\/\\\/kleos-artisan-coutelier.com\\\/en\\\/produit\\\/couteau-de-cuisine-damas\\\/#breadcrumb\"},\"inLanguage\":\"en-US\",\"potentialAction\":[{\"@type\":\"ReadAction\",\"target\":[\"https:\\\/\\\/kleos-artisan-coutelier.com\\\/en\\\/produit\\\/couteau-de-cuisine-damas\\\/\"]}]},{\"@type\":\"ImageObject\",\"inLanguage\":\"en-US\",\"@id\":\"https:\\\/\\\/kleos-artisan-coutelier.com\\\/en\\\/produit\\\/couteau-de-cuisine-damas\\\/#primaryimage\",\"url\":\"https:\\\/\\\/kleos-artisan-coutelier.com\\\/wp-content\\\/uploads\\\/2024\\\/06\\\/DSC_0034_edited.jpg\",\"contentUrl\":\"https:\\\/\\\/kleos-artisan-coutelier.com\\\/wp-content\\\/uploads\\\/2024\\\/06\\\/DSC_0034_edited.jpg\",\"width\":1795,\"height\":1795,\"caption\":\"couteau de cuisine damas\"},{\"@type\":\"BreadcrumbList\",\"@id\":\"https:\\\/\\\/kleos-artisan-coutelier.com\\\/en\\\/produit\\\/couteau-de-cuisine-damas\\\/#breadcrumb\",\"itemListElement\":[{\"@type\":\"ListItem\",\"position\":1,\"name\":\"Accueil\",\"item\":\"https:\\\/\\\/kleos-artisan-coutelier.com\\\/en\\\/\"},{\"@type\":\"ListItem\",\"position\":2,\"name\":\"Shop\",\"item\":\"https:\\\/\\\/kleos-artisan-coutelier.com\\\/en\\\/shop-2\\\/\"},{\"@type\":\"ListItem\",\"position\":3,\"name\":\"Couteau de cuisine damas\"}]},{\"@type\":\"WebSite\",\"@id\":\"https:\\\/\\\/kleos-artisan-coutelier.com\\\/en\\\/#website\",\"url\":\"https:\\\/\\\/kleos-artisan-coutelier.com\\\/en\\\/\",\"name\":\"Kleos\",\"description\":\"Kleos Artisan Coutelier\",\"publisher\":{\"@id\":\"https:\\\/\\\/kleos-artisan-coutelier.com\\\/en\\\/#organization\"},\"potentialAction\":[{\"@type\":\"SearchAction\",\"target\":{\"@type\":\"EntryPoint\",\"urlTemplate\":\"https:\\\/\\\/kleos-artisan-coutelier.com\\\/en\\\/?s={search_term_string}\"},\"query-input\":{\"@type\":\"PropertyValueSpecification\",\"valueRequired\":true,\"valueName\":\"search_term_string\"}}],\"inLanguage\":\"en-US\"},{\"@type\":\"Organization\",\"@id\":\"https:\\\/\\\/kleos-artisan-coutelier.com\\\/en\\\/#organization\",\"name\":\"Kleos\",\"url\":\"https:\\\/\\\/kleos-artisan-coutelier.com\\\/en\\\/\",\"logo\":{\"@type\":\"ImageObject\",\"inLanguage\":\"en-US\",\"@id\":\"https:\\\/\\\/kleos-artisan-coutelier.com\\\/en\\\/#\\\/schema\\\/logo\\\/image\\\/\",\"url\":\"https:\\\/\\\/kleos-artisan-coutelier.com\\\/wp-content\\\/uploads\\\/2021\\\/11\\\/FICHIERLOGO2-copie-2-1.png\",\"contentUrl\":\"https:\\\/\\\/kleos-artisan-coutelier.com\\\/wp-content\\\/uploads\\\/2021\\\/11\\\/FICHIERLOGO2-copie-2-1.png\",\"width\":185,\"height\":50,\"caption\":\"Kleos\"},\"image\":{\"@id\":\"https:\\\/\\\/kleos-artisan-coutelier.com\\\/en\\\/#\\\/schema\\\/logo\\\/image\\\/\"},\"sameAs\":[\"https:\\\/\\\/www.facebook.com\\\/kleos.knives\\\/\",\"https:\\\/\\\/www.instagram.com\\\/kleos.knives\"]}]}<\/script>\n<!-- \/ Yoast SEO plugin. -->","yoast_head_json":{"title":"Couteau de cuisine damas - Kleos","description":"Couteau de cuisine damas. Kleos - Artisan Coutelier. Fabrication artisanale de couteaux de cuisine. Pi\u00e8ces uniques. Couteaux fabriqu\u00e9s en France, \u00e0 THIERS.","robots":{"index":"index","follow":"follow","max-snippet":"max-snippet:-1","max-image-preview":"max-image-preview:large","max-video-preview":"max-video-preview:-1"},"canonical":"https:\/\/kleos-artisan-coutelier.com\/en\/produit\/couteau-de-cuisine-damas\/","og_locale":"en_US","og_type":"article","og_title":"Couteau de cuisine damas - Kleos","og_description":"Couteau de cuisine damas. Kleos - Artisan Coutelier. Fabrication artisanale de couteaux de cuisine. Pi\u00e8ces uniques. Couteaux fabriqu\u00e9s en France, \u00e0 THIERS.","og_url":"https:\/\/kleos-artisan-coutelier.com\/en\/produit\/couteau-de-cuisine-damas\/","og_site_name":"Kleos","article_publisher":"https:\/\/www.facebook.com\/kleos.knives\/","article_modified_time":"2024-12-08T16:17:57+00:00","og_image":[{"width":1795,"height":1795,"url":"https:\/\/kleos-artisan-coutelier.com\/wp-content\/uploads\/2024\/06\/DSC_0034_edited.jpg","type":"image\/jpeg"}],"twitter_card":"summary_large_image","twitter_misc":{"Est. reading time":"2 minutes"},"schema":{"@context":"https:\/\/schema.org","@graph":[{"@type":"WebPage","@id":"https:\/\/kleos-artisan-coutelier.com\/en\/produit\/couteau-de-cuisine-damas\/","url":"https:\/\/kleos-artisan-coutelier.com\/en\/produit\/couteau-de-cuisine-damas\/","name":"Couteau de cuisine damas - Kleos","isPartOf":{"@id":"https:\/\/kleos-artisan-coutelier.com\/en\/#website"},"primaryImageOfPage":{"@id":"https:\/\/kleos-artisan-coutelier.com\/en\/produit\/couteau-de-cuisine-damas\/#primaryimage"},"image":{"@id":"https:\/\/kleos-artisan-coutelier.com\/en\/produit\/couteau-de-cuisine-damas\/#primaryimage"},"thumbnailUrl":"https:\/\/kleos-artisan-coutelier.com\/wp-content\/uploads\/2024\/06\/DSC_0034_edited.jpg","datePublished":"2024-06-22T14:27:36+00:00","dateModified":"2024-12-08T16:17:57+00:00","description":"Couteau de cuisine damas. Kleos - Artisan Coutelier. Fabrication artisanale de couteaux de cuisine. Pi\u00e8ces uniques. Couteaux fabriqu\u00e9s en France, \u00e0 THIERS.","breadcrumb":{"@id":"https:\/\/kleos-artisan-coutelier.com\/en\/produit\/couteau-de-cuisine-damas\/#breadcrumb"},"inLanguage":"en-US","potentialAction":[{"@type":"ReadAction","target":["https:\/\/kleos-artisan-coutelier.com\/en\/produit\/couteau-de-cuisine-damas\/"]}]},{"@type":"ImageObject","inLanguage":"en-US","@id":"https:\/\/kleos-artisan-coutelier.com\/en\/produit\/couteau-de-cuisine-damas\/#primaryimage","url":"https:\/\/kleos-artisan-coutelier.com\/wp-content\/uploads\/2024\/06\/DSC_0034_edited.jpg","contentUrl":"https:\/\/kleos-artisan-coutelier.com\/wp-content\/uploads\/2024\/06\/DSC_0034_edited.jpg","width":1795,"height":1795,"caption":"couteau de cuisine damas"},{"@type":"BreadcrumbList","@id":"https:\/\/kleos-artisan-coutelier.com\/en\/produit\/couteau-de-cuisine-damas\/#breadcrumb","itemListElement":[{"@type":"ListItem","position":1,"name":"Accueil","item":"https:\/\/kleos-artisan-coutelier.com\/en\/"},{"@type":"ListItem","position":2,"name":"Shop","item":"https:\/\/kleos-artisan-coutelier.com\/en\/shop-2\/"},{"@type":"ListItem","position":3,"name":"Couteau de cuisine damas"}]},{"@type":"WebSite","@id":"https:\/\/kleos-artisan-coutelier.com\/en\/#website","url":"https:\/\/kleos-artisan-coutelier.com\/en\/","name":"Kleos","description":"Kleos Artisan Coutelier","publisher":{"@id":"https:\/\/kleos-artisan-coutelier.com\/en\/#organization"},"potentialAction":[{"@type":"SearchAction","target":{"@type":"EntryPoint","urlTemplate":"https:\/\/kleos-artisan-coutelier.com\/en\/?s={search_term_string}"},"query-input":{"@type":"PropertyValueSpecification","valueRequired":true,"valueName":"search_term_string"}}],"inLanguage":"en-US"},{"@type":"Organization","@id":"https:\/\/kleos-artisan-coutelier.com\/en\/#organization","name":"Kleos","url":"https:\/\/kleos-artisan-coutelier.com\/en\/","logo":{"@type":"ImageObject","inLanguage":"en-US","@id":"https:\/\/kleos-artisan-coutelier.com\/en\/#\/schema\/logo\/image\/","url":"https:\/\/kleos-artisan-coutelier.com\/wp-content\/uploads\/2021\/11\/FICHIERLOGO2-copie-2-1.png","contentUrl":"https:\/\/kleos-artisan-coutelier.com\/wp-content\/uploads\/2021\/11\/FICHIERLOGO2-copie-2-1.png","width":185,"height":50,"caption":"Kleos"},"image":{"@id":"https:\/\/kleos-artisan-coutelier.com\/en\/#\/schema\/logo\/image\/"},"sameAs":["https:\/\/www.facebook.com\/kleos.knives\/","https:\/\/www.instagram.com\/kleos.knives"]}]}},"jetpack_sharing_enabled":true,"builder_content":"","_links":{"self":[{"href":"https:\/\/kleos-artisan-coutelier.com\/en\/wp-json\/wp\/v2\/product\/17628","targetHints":{"allow":["GET"]}}],"collection":[{"href":"https:\/\/kleos-artisan-coutelier.com\/en\/wp-json\/wp\/v2\/product"}],"about":[{"href":"https:\/\/kleos-artisan-coutelier.com\/en\/wp-json\/wp\/v2\/types\/product"}],"wp:featuredmedia":[{"embeddable":true,"href":"https:\/\/kleos-artisan-coutelier.com\/en\/wp-json\/wp\/v2\/media\/17629"}],"wp:attachment":[{"href":"https:\/\/kleos-artisan-coutelier.com\/en\/wp-json\/wp\/v2\/media?parent=17628"}],"wp:term":[{"taxonomy":"product_brand","embeddable":true,"href":"https:\/\/kleos-artisan-coutelier.com\/en\/wp-json\/wp\/v2\/product_brand?post=17628"},{"taxonomy":"product_cat","embeddable":true,"href":"https:\/\/kleos-artisan-coutelier.com\/en\/wp-json\/wp\/v2\/product_cat?post=17628"},{"taxonomy":"product_tag","embeddable":true,"href":"https:\/\/kleos-artisan-coutelier.com\/en\/wp-json\/wp\/v2\/product_tag?post=17628"}],"curies":[{"name":"wp","href":"https:\/\/api.w.org\/{rel}","templated":true}]}}