{"id":17920,"date":"2024-09-01T15:49:02","date_gmt":"2024-09-01T13:49:02","guid":{"rendered":"https:\/\/kleos-artisan-coutelier.com\/?post_type=product&#038;p=17920"},"modified":"2026-04-03T14:57:16","modified_gmt":"2026-04-03T12:57:16","slug":"couteau-de-cuisine-professionnel","status":"publish","type":"product","link":"https:\/\/kleos-artisan-coutelier.com\/en\/produit\/couteau-de-cuisine-professionnel\/","title":{"rendered":"Couteau de cuisine professionnel"},"content":{"rendered":"<div class=\"o9v6fnle cxmmr5t8 oygrvhab hcukyx3x c1et5uql ii04i59q\">\n<div dir=\"auto\">\n<h1 data-section-id=\"1ad10kp\" data-start=\"144\" data-end=\"211\"><span role=\"text\"><strong data-start=\"146\" data-end=\"209\">Couteau de cuisine professionnel \u2013 \u00c9minceur Bunka artisanal<\/strong><\/span><\/h1>\n<p data-start=\"212\" data-end=\"258\">Performance fran\u00e7aise et mat\u00e9riaux d\u2019exception<\/p>\n<h2 data-section-id=\"jlp0l5\" data-start=\"260\" data-end=\"326\">Un couteau de cuisine professionnel inspir\u00e9 du Bunka japonais<\/h2>\n<p data-start=\"328\" data-end=\"658\">Ce <strong data-start=\"331\" data-end=\"367\">couteau de cuisine professionnel<\/strong> s\u2019inspire du c\u00e9l\u00e8bre profil <strong data-start=\"396\" data-end=\"405\">Bunka<\/strong>, appr\u00e9ci\u00e9 pour sa polyvalence et sa pr\u00e9cision. Sa pointe fine et sa lame large permettent de r\u00e9aliser des d\u00e9coupes nettes, rapides et ma\u00eetris\u00e9es. Il devient ainsi un alli\u00e9 id\u00e9al pour les cuisiniers exigeants, qu\u2019ils soient professionnels ou passionn\u00e9s.<\/p>\n<h2 data-section-id=\"xkapc4\" data-start=\"660\" data-end=\"701\">Une lame performante en acier 14C28n<\/h2>\n<p data-start=\"703\" data-end=\"1144\">La lame en <strong data-start=\"714\" data-end=\"741\">acier inoxydable 14C28n<\/strong>, tremp\u00e9e \u00e0 <strong data-start=\"753\" data-end=\"763\">59 HRC<\/strong>, offre un excellent compromis entre tranchant, durabilit\u00e9 et facilit\u00e9 d\u2019entretien.<br data-start=\"846\" data-end=\"849\" \/>Avec <strong data-start=\"854\" data-end=\"876\">17 cm de tranchant<\/strong> et une <strong data-start=\"884\" data-end=\"907\">\u00e9paisseur de 2,5 mm<\/strong>, elle assure une coupe fluide et pr\u00e9cise, adapt\u00e9e aussi bien aux l\u00e9gumes qu\u2019aux viandes ou herbes fra\u00eeches.<br data-start=\"1015\" data-end=\"1018\" \/>Sa <strong data-start=\"1021\" data-end=\"1049\">longueur totale de 29 cm<\/strong> et son <strong data-start=\"1057\" data-end=\"1075\">poids de 190 g<\/strong> garantissent un \u00e9quilibre optimal et un grand confort d\u2019utilisation.<\/p>\n<h2 data-section-id=\"demb09\" data-start=\"1146\" data-end=\"1189\">Une construction plate semelle robuste<\/h2>\n<p data-start=\"1191\" data-end=\"1546\">Ce couteau adopte une <strong data-start=\"1213\" data-end=\"1243\">construction plate semelle<\/strong>, reconnue pour sa solidit\u00e9 et sa stabilit\u00e9. La <strong data-start=\"1291\" data-end=\"1311\">fixation par vis<\/strong>, associ\u00e9e \u00e0 des <strong data-start=\"1328\" data-end=\"1363\">inserts en carbone et mosa\u00efques d\u00e9coratifs<\/strong>, renforce la durabilit\u00e9 de l\u2019ensemble tout en apportant une finition haut de gamme.<br data-start=\"1447\" data-end=\"1450\" \/>Chaque d\u00e9tail participe \u00e0 la fiabilit\u00e9 et \u00e0 l\u2019esth\u00e9tique de ce couteau de cuisine professionnel.<\/p>\n<h2 data-section-id=\"2946sv\" data-start=\"1548\" data-end=\"1587\">Un manche unique en bois stabilis\u00e9<\/h2>\n<p data-start=\"1589\" data-end=\"1669\">Le manche se distingue par une composition originale et \u00e9l\u00e9gante. Il associe :<\/p>\n<ul data-start=\"1670\" data-end=\"1888\">\n<li data-section-id=\"1x2p3lw\" data-start=\"1670\" data-end=\"1735\">une <strong data-start=\"1676\" data-end=\"1710\">mitre en ch\u00eane morta stabilis\u00e9<\/strong>, au caract\u00e8re profond,<\/li>\n<li data-section-id=\"q4lghe\" data-start=\"1736\" data-end=\"1806\">un <strong data-start=\"1741\" data-end=\"1763\">intercalaire blanc<\/strong>, qui cr\u00e9e une transition visuelle nette,<\/li>\n<li data-section-id=\"lwghb5\" data-start=\"1807\" data-end=\"1888\">une <strong data-start=\"1813\" data-end=\"1865\">loupe de ch\u00e2taignier stabilis\u00e9e et teint\u00e9e bleue<\/strong>, aux motifs uniques.<\/li>\n<\/ul>\n<p data-start=\"1890\" data-end=\"2014\">Cette combinaison offre un contraste subtil entre tradition et modernit\u00e9, tout en garantissant une excellente prise en main.<\/p>\n<h2 data-section-id=\"q359yw\" data-start=\"2016\" data-end=\"2051\">Un fourreau en cuir sur mesure<\/h2>\n<p data-start=\"2053\" data-end=\"2261\">Pour prot\u00e9ger votre couteau, il est livr\u00e9 avec un <strong data-start=\"2103\" data-end=\"2142\">fourreau en cuir r\u00e9alis\u00e9 sur mesure<\/strong>. \u00c0 la fois \u00e9l\u00e9gant et pratique, il assure un transport s\u00e9curis\u00e9 tout en valorisant le caract\u00e8re artisanal de la pi\u00e8ce.<\/p>\n<h2 data-section-id=\"hyoq2g\" data-start=\"2263\" data-end=\"2293\">Un outil pens\u00e9 pour durer<\/h2>\n<p data-start=\"2295\" data-end=\"2574\">Ce <strong data-start=\"2298\" data-end=\"2334\">couteau de cuisine professionnel<\/strong> combine pr\u00e9cision, robustesse et esth\u00e9tique. Il accompagne vos gestes avec fluidit\u00e9 et s\u2019impose comme un outil fiable au quotidien. Que ce soit pour un usage intensif ou pour le plaisir de cuisiner, il r\u00e9pond aux attentes les plus \u00e9lev\u00e9es.<\/p>\n<\/div>\n<p data-start=\"114\" data-end=\"300\">\ud83d\udc49 Pour en savoir plus sur l\u2019entretien et prolonger la dur\u00e9e de vie de votre <strong data-start=\"191\" data-end=\"227\">couteau de cuisine professionnel<\/strong>, consultez notre guide d\u00e9di\u00e9 sur : <a class=\"decorated-link\" href=\"https:\/\/kleos-artisan-coutelier.com\/conseils-dentretien-couteau-de-cuisine\/\" rel=\"noopener\" data-start=\"263\" data-end=\"298\">Conseils d&#8217;entretien<\/a><\/p>\n<p data-start=\"302\" data-end=\"465\">\ud83d\udc49 D\u00e9couvrez \u00e9galement nos autres cr\u00e9ations artisanales et inspirations directement sur notre page Instagram : <a href=\"https:\/\/www.instagram.com\/kleos.knives\/\" target=\"_blank\" rel=\"noopener\">(@kleos.knives)<\/a><\/p>\n<\/div>\n","protected":false},"excerpt":{"rendered":"<p>Frais de port et assurance transport offerts pour la France m\u00e9tropolitaine.<\/p>\n","protected":false},"featured_media":20182,"template":"","meta":{"_monsterinsights_skip_tracking":false,"_monsterinsights_sitenote_active":false,"_monsterinsights_sitenote_note":"","_monsterinsights_sitenote_category":0},"product_brand":[],"product_cat":[46,63,65],"product_tag":[105,106,60],"class_list":{"0":"post-17920","1":"product","2":"type-product","3":"status-publish","4":"has-post-thumbnail","6":"product_cat-la-cuisine","7":"product_cat-modernite","8":"product_cat-eminceurs","9":"product_tag-bois-stabilise","10":"product_tag-bunka","11":"product_tag-inox","12":"has-post-title","13":"has-post-date","14":"has-post-category","15":"has-post-tag","16":"has-post-comment","17":"has-post-author","18":"","20":"first","21":"instock","22":"sold-individually","23":"shipping-taxable","24":"purchasable","25":"product-type-simple"},"yoast_head":"<!-- This site is optimized with the Yoast SEO plugin v27.3 - https:\/\/yoast.com\/product\/yoast-seo-wordpress\/ -->\n<title>Couteau de cuisine professionnel - Kleos<\/title>\n<meta name=\"description\" content=\"Couteau de cuisine professionnel Bunka : lame 14C28n, manche bois stabilis\u00e9 et fourreau cuir sur mesure. Pr\u00e9cision et \u00e9l\u00e9gance artisanale, KLEOS.\" \/>\n<meta name=\"robots\" content=\"index, follow, max-snippet:-1, max-image-preview:large, max-video-preview:-1\" \/>\n<link rel=\"canonical\" href=\"https:\/\/kleos-artisan-coutelier.com\/en\/produit\/couteau-de-cuisine-professionnel\/\" \/>\n<meta property=\"og:locale\" content=\"en_US\" \/>\n<meta property=\"og:type\" content=\"article\" \/>\n<meta property=\"og:title\" content=\"Couteau de cuisine professionnel - Kleos\" \/>\n<meta property=\"og:description\" content=\"Couteau de cuisine professionnel Bunka : lame 14C28n, manche bois stabilis\u00e9 et fourreau cuir sur mesure. Pr\u00e9cision et \u00e9l\u00e9gance artisanale, KLEOS.\" \/>\n<meta property=\"og:url\" content=\"https:\/\/kleos-artisan-coutelier.com\/en\/produit\/couteau-de-cuisine-professionnel\/\" \/>\n<meta property=\"og:site_name\" content=\"Kleos\" \/>\n<meta property=\"article:publisher\" content=\"https:\/\/www.facebook.com\/kleos.knives\/\" \/>\n<meta property=\"article:modified_time\" content=\"2026-04-03T12:57:16+00:00\" \/>\n<meta property=\"og:image\" content=\"https:\/\/kleos-artisan-coutelier.com\/wp-content\/uploads\/2026\/04\/WhatsApp-Image-2026-04-02-at-15.27.59-1.jpeg\" \/>\n\t<meta property=\"og:image:width\" content=\"2048\" \/>\n\t<meta property=\"og:image:height\" content=\"2048\" \/>\n\t<meta property=\"og:image:type\" content=\"image\/jpeg\" \/>\n<meta name=\"twitter:card\" content=\"summary_large_image\" \/>\n<meta name=\"twitter:label1\" content=\"Est. reading time\" \/>\n\t<meta name=\"twitter:data1\" content=\"3 minutes\" \/>\n<script type=\"application\/ld+json\" class=\"yoast-schema-graph\">{\"@context\":\"https:\\\/\\\/schema.org\",\"@graph\":[{\"@type\":\"WebPage\",\"@id\":\"https:\\\/\\\/kleos-artisan-coutelier.com\\\/en\\\/produit\\\/couteau-de-cuisine-professionnel\\\/\",\"url\":\"https:\\\/\\\/kleos-artisan-coutelier.com\\\/en\\\/produit\\\/couteau-de-cuisine-professionnel\\\/\",\"name\":\"Couteau de cuisine professionnel - Kleos\",\"isPartOf\":{\"@id\":\"https:\\\/\\\/kleos-artisan-coutelier.com\\\/en\\\/#website\"},\"primaryImageOfPage\":{\"@id\":\"https:\\\/\\\/kleos-artisan-coutelier.com\\\/en\\\/produit\\\/couteau-de-cuisine-professionnel\\\/#primaryimage\"},\"image\":{\"@id\":\"https:\\\/\\\/kleos-artisan-coutelier.com\\\/en\\\/produit\\\/couteau-de-cuisine-professionnel\\\/#primaryimage\"},\"thumbnailUrl\":\"https:\\\/\\\/kleos-artisan-coutelier.com\\\/wp-content\\\/uploads\\\/2026\\\/04\\\/WhatsApp-Image-2026-04-02-at-15.27.59-1.jpeg\",\"datePublished\":\"2024-09-01T13:49:02+00:00\",\"dateModified\":\"2026-04-03T12:57:16+00:00\",\"description\":\"Couteau de cuisine professionnel Bunka : lame 14C28n, manche bois stabilis\u00e9 et fourreau cuir sur mesure. Pr\u00e9cision et \u00e9l\u00e9gance artisanale, KLEOS.\",\"breadcrumb\":{\"@id\":\"https:\\\/\\\/kleos-artisan-coutelier.com\\\/en\\\/produit\\\/couteau-de-cuisine-professionnel\\\/#breadcrumb\"},\"inLanguage\":\"en-US\",\"potentialAction\":[{\"@type\":\"ReadAction\",\"target\":[\"https:\\\/\\\/kleos-artisan-coutelier.com\\\/en\\\/produit\\\/couteau-de-cuisine-professionnel\\\/\"]}]},{\"@type\":\"ImageObject\",\"inLanguage\":\"en-US\",\"@id\":\"https:\\\/\\\/kleos-artisan-coutelier.com\\\/en\\\/produit\\\/couteau-de-cuisine-professionnel\\\/#primaryimage\",\"url\":\"https:\\\/\\\/kleos-artisan-coutelier.com\\\/wp-content\\\/uploads\\\/2026\\\/04\\\/WhatsApp-Image-2026-04-02-at-15.27.59-1.jpeg\",\"contentUrl\":\"https:\\\/\\\/kleos-artisan-coutelier.com\\\/wp-content\\\/uploads\\\/2026\\\/04\\\/WhatsApp-Image-2026-04-02-at-15.27.59-1.jpeg\",\"width\":2048,\"height\":2048,\"caption\":\"Couteau de cuisine professionnel\"},{\"@type\":\"BreadcrumbList\",\"@id\":\"https:\\\/\\\/kleos-artisan-coutelier.com\\\/en\\\/produit\\\/couteau-de-cuisine-professionnel\\\/#breadcrumb\",\"itemListElement\":[{\"@type\":\"ListItem\",\"position\":1,\"name\":\"Accueil\",\"item\":\"https:\\\/\\\/kleos-artisan-coutelier.com\\\/en\\\/\"},{\"@type\":\"ListItem\",\"position\":2,\"name\":\"Shop\",\"item\":\"https:\\\/\\\/kleos-artisan-coutelier.com\\\/en\\\/shop-2\\\/\"},{\"@type\":\"ListItem\",\"position\":3,\"name\":\"Couteau de cuisine professionnel\"}]},{\"@type\":\"WebSite\",\"@id\":\"https:\\\/\\\/kleos-artisan-coutelier.com\\\/en\\\/#website\",\"url\":\"https:\\\/\\\/kleos-artisan-coutelier.com\\\/en\\\/\",\"name\":\"Kleos\",\"description\":\"Kleos Artisan Coutelier\",\"publisher\":{\"@id\":\"https:\\\/\\\/kleos-artisan-coutelier.com\\\/en\\\/#organization\"},\"potentialAction\":[{\"@type\":\"SearchAction\",\"target\":{\"@type\":\"EntryPoint\",\"urlTemplate\":\"https:\\\/\\\/kleos-artisan-coutelier.com\\\/en\\\/?s={search_term_string}\"},\"query-input\":{\"@type\":\"PropertyValueSpecification\",\"valueRequired\":true,\"valueName\":\"search_term_string\"}}],\"inLanguage\":\"en-US\"},{\"@type\":\"Organization\",\"@id\":\"https:\\\/\\\/kleos-artisan-coutelier.com\\\/en\\\/#organization\",\"name\":\"Kleos\",\"url\":\"https:\\\/\\\/kleos-artisan-coutelier.com\\\/en\\\/\",\"logo\":{\"@type\":\"ImageObject\",\"inLanguage\":\"en-US\",\"@id\":\"https:\\\/\\\/kleos-artisan-coutelier.com\\\/en\\\/#\\\/schema\\\/logo\\\/image\\\/\",\"url\":\"https:\\\/\\\/kleos-artisan-coutelier.com\\\/wp-content\\\/uploads\\\/2021\\\/11\\\/FICHIERLOGO2-copie-2-1.png\",\"contentUrl\":\"https:\\\/\\\/kleos-artisan-coutelier.com\\\/wp-content\\\/uploads\\\/2021\\\/11\\\/FICHIERLOGO2-copie-2-1.png\",\"width\":185,\"height\":50,\"caption\":\"Kleos\"},\"image\":{\"@id\":\"https:\\\/\\\/kleos-artisan-coutelier.com\\\/en\\\/#\\\/schema\\\/logo\\\/image\\\/\"},\"sameAs\":[\"https:\\\/\\\/www.facebook.com\\\/kleos.knives\\\/\",\"https:\\\/\\\/www.instagram.com\\\/kleos.knives\"]}]}<\/script>\n<!-- \/ Yoast SEO plugin. -->","yoast_head_json":{"title":"Couteau de cuisine professionnel - Kleos","description":"Couteau de cuisine professionnel Bunka : lame 14C28n, manche bois stabilis\u00e9 et fourreau cuir sur mesure. Pr\u00e9cision et \u00e9l\u00e9gance artisanale, KLEOS.","robots":{"index":"index","follow":"follow","max-snippet":"max-snippet:-1","max-image-preview":"max-image-preview:large","max-video-preview":"max-video-preview:-1"},"canonical":"https:\/\/kleos-artisan-coutelier.com\/en\/produit\/couteau-de-cuisine-professionnel\/","og_locale":"en_US","og_type":"article","og_title":"Couteau de cuisine professionnel - Kleos","og_description":"Couteau de cuisine professionnel Bunka : lame 14C28n, manche bois stabilis\u00e9 et fourreau cuir sur mesure. Pr\u00e9cision et \u00e9l\u00e9gance artisanale, KLEOS.","og_url":"https:\/\/kleos-artisan-coutelier.com\/en\/produit\/couteau-de-cuisine-professionnel\/","og_site_name":"Kleos","article_publisher":"https:\/\/www.facebook.com\/kleos.knives\/","article_modified_time":"2026-04-03T12:57:16+00:00","og_image":[{"width":2048,"height":2048,"url":"https:\/\/kleos-artisan-coutelier.com\/wp-content\/uploads\/2026\/04\/WhatsApp-Image-2026-04-02-at-15.27.59-1.jpeg","type":"image\/jpeg"}],"twitter_card":"summary_large_image","twitter_misc":{"Est. reading time":"3 minutes"},"schema":{"@context":"https:\/\/schema.org","@graph":[{"@type":"WebPage","@id":"https:\/\/kleos-artisan-coutelier.com\/en\/produit\/couteau-de-cuisine-professionnel\/","url":"https:\/\/kleos-artisan-coutelier.com\/en\/produit\/couteau-de-cuisine-professionnel\/","name":"Couteau de cuisine professionnel - Kleos","isPartOf":{"@id":"https:\/\/kleos-artisan-coutelier.com\/en\/#website"},"primaryImageOfPage":{"@id":"https:\/\/kleos-artisan-coutelier.com\/en\/produit\/couteau-de-cuisine-professionnel\/#primaryimage"},"image":{"@id":"https:\/\/kleos-artisan-coutelier.com\/en\/produit\/couteau-de-cuisine-professionnel\/#primaryimage"},"thumbnailUrl":"https:\/\/kleos-artisan-coutelier.com\/wp-content\/uploads\/2026\/04\/WhatsApp-Image-2026-04-02-at-15.27.59-1.jpeg","datePublished":"2024-09-01T13:49:02+00:00","dateModified":"2026-04-03T12:57:16+00:00","description":"Couteau de cuisine professionnel Bunka : lame 14C28n, manche bois stabilis\u00e9 et fourreau cuir sur mesure. Pr\u00e9cision et \u00e9l\u00e9gance artisanale, KLEOS.","breadcrumb":{"@id":"https:\/\/kleos-artisan-coutelier.com\/en\/produit\/couteau-de-cuisine-professionnel\/#breadcrumb"},"inLanguage":"en-US","potentialAction":[{"@type":"ReadAction","target":["https:\/\/kleos-artisan-coutelier.com\/en\/produit\/couteau-de-cuisine-professionnel\/"]}]},{"@type":"ImageObject","inLanguage":"en-US","@id":"https:\/\/kleos-artisan-coutelier.com\/en\/produit\/couteau-de-cuisine-professionnel\/#primaryimage","url":"https:\/\/kleos-artisan-coutelier.com\/wp-content\/uploads\/2026\/04\/WhatsApp-Image-2026-04-02-at-15.27.59-1.jpeg","contentUrl":"https:\/\/kleos-artisan-coutelier.com\/wp-content\/uploads\/2026\/04\/WhatsApp-Image-2026-04-02-at-15.27.59-1.jpeg","width":2048,"height":2048,"caption":"Couteau de cuisine professionnel"},{"@type":"BreadcrumbList","@id":"https:\/\/kleos-artisan-coutelier.com\/en\/produit\/couteau-de-cuisine-professionnel\/#breadcrumb","itemListElement":[{"@type":"ListItem","position":1,"name":"Accueil","item":"https:\/\/kleos-artisan-coutelier.com\/en\/"},{"@type":"ListItem","position":2,"name":"Shop","item":"https:\/\/kleos-artisan-coutelier.com\/en\/shop-2\/"},{"@type":"ListItem","position":3,"name":"Couteau de cuisine professionnel"}]},{"@type":"WebSite","@id":"https:\/\/kleos-artisan-coutelier.com\/en\/#website","url":"https:\/\/kleos-artisan-coutelier.com\/en\/","name":"Kleos","description":"Kleos Artisan Coutelier","publisher":{"@id":"https:\/\/kleos-artisan-coutelier.com\/en\/#organization"},"potentialAction":[{"@type":"SearchAction","target":{"@type":"EntryPoint","urlTemplate":"https:\/\/kleos-artisan-coutelier.com\/en\/?s={search_term_string}"},"query-input":{"@type":"PropertyValueSpecification","valueRequired":true,"valueName":"search_term_string"}}],"inLanguage":"en-US"},{"@type":"Organization","@id":"https:\/\/kleos-artisan-coutelier.com\/en\/#organization","name":"Kleos","url":"https:\/\/kleos-artisan-coutelier.com\/en\/","logo":{"@type":"ImageObject","inLanguage":"en-US","@id":"https:\/\/kleos-artisan-coutelier.com\/en\/#\/schema\/logo\/image\/","url":"https:\/\/kleos-artisan-coutelier.com\/wp-content\/uploads\/2021\/11\/FICHIERLOGO2-copie-2-1.png","contentUrl":"https:\/\/kleos-artisan-coutelier.com\/wp-content\/uploads\/2021\/11\/FICHIERLOGO2-copie-2-1.png","width":185,"height":50,"caption":"Kleos"},"image":{"@id":"https:\/\/kleos-artisan-coutelier.com\/en\/#\/schema\/logo\/image\/"},"sameAs":["https:\/\/www.facebook.com\/kleos.knives\/","https:\/\/www.instagram.com\/kleos.knives"]}]}},"jetpack_sharing_enabled":true,"builder_content":"","_links":{"self":[{"href":"https:\/\/kleos-artisan-coutelier.com\/en\/wp-json\/wp\/v2\/product\/17920","targetHints":{"allow":["GET"]}}],"collection":[{"href":"https:\/\/kleos-artisan-coutelier.com\/en\/wp-json\/wp\/v2\/product"}],"about":[{"href":"https:\/\/kleos-artisan-coutelier.com\/en\/wp-json\/wp\/v2\/types\/product"}],"wp:featuredmedia":[{"embeddable":true,"href":"https:\/\/kleos-artisan-coutelier.com\/en\/wp-json\/wp\/v2\/media\/20182"}],"wp:attachment":[{"href":"https:\/\/kleos-artisan-coutelier.com\/en\/wp-json\/wp\/v2\/media?parent=17920"}],"wp:term":[{"taxonomy":"product_brand","embeddable":true,"href":"https:\/\/kleos-artisan-coutelier.com\/en\/wp-json\/wp\/v2\/product_brand?post=17920"},{"taxonomy":"product_cat","embeddable":true,"href":"https:\/\/kleos-artisan-coutelier.com\/en\/wp-json\/wp\/v2\/product_cat?post=17920"},{"taxonomy":"product_tag","embeddable":true,"href":"https:\/\/kleos-artisan-coutelier.com\/en\/wp-json\/wp\/v2\/product_tag?post=17920"}],"curies":[{"name":"wp","href":"https:\/\/api.w.org\/{rel}","templated":true}]}}