{"id":18545,"date":"2025-03-15T17:15:33","date_gmt":"2025-03-15T16:15:33","guid":{"rendered":"https:\/\/kleos-artisan-coutelier.com\/?post_type=product&#038;p=18545"},"modified":"2025-05-17T11:19:44","modified_gmt":"2025-05-17T09:19:44","slug":"couteau-pliant-artisanal-lykos","status":"publish","type":"product","link":"https:\/\/kleos-artisan-coutelier.com\/en\/produit\/couteau-pliant-artisanal-lykos\/","title":{"rendered":"Couteau pliant artisanal Lykos"},"content":{"rendered":"<p>D\u00e9couvrez le <strong>Couteau Pliant Artisanal Lykos. <\/strong>Un v\u00e9ritable chef-d&#8217;\u0153uvre alliant pr\u00e9cision artisanale et mat\u00e9riaux d&#8217;exception. Ce couteau, con\u00e7u pour les amateurs de couteaux de collection et les passionn\u00e9s de coutellerie, pr\u00e9sente un design unique et un savoir-faire rare. Chaque \u00e9l\u00e9ment a \u00e9t\u00e9 minutieusement s\u00e9lectionn\u00e9 pour offrir \u00e0 la fois beaut\u00e9, robustesse et fonctionnalit\u00e9.<\/p>\n<p>La <strong>lame en damas carbone et cuivre &#8220;DarkMa\u00ef&#8221;<\/strong> est l&#8217;un des points forts de ce couteau. Sa structure en damas, alliant couches de m\u00e9tal et cuivre, cr\u00e9e un contraste visuel impressionnant. Il offre \u00e9galement une performance de coupe incomparable. D\u2019une longueur totale de 22 cm, la lame mesure 9,5 cm de long (9 cm de tranchant), permettant une prise en main id\u00e9ale et une pr\u00e9cision accrue lors de son utilisation.<\/p>\n<p>Le <strong>manche en loupe de brown malee australien.<\/strong> Sa teinte naturelle conf\u00e8re au couteau une allure \u00e9l\u00e9gante et chaleureuse. La loupe, avec ses motifs distinctifs, fait de chaque mod\u00e8le une pi\u00e8ce unique. Le <strong>ressort guilloch\u00e9 \u00e0 la lime<\/strong> ajoute une touche suppl\u00e9mentaire de raffinement et de sophistication. Les <strong>platines en inox<\/strong> et les <strong>vis inox noires<\/strong>, soigneusement choisies, viennent souligner le contraste de la lame en offrant une finition \u00e0 la fois moderne et intemporelle.<\/p>\n<p>Le\u00a0<strong>Couteau Pliant Artisanal Lykos<\/strong> se distingue \u00e9galement par sa praticit\u00e9 et sa robustesse. L\u2019\u00e9tui en cuir sur mesure, con\u00e7u pour parfaitement \u00e9pouser les contours du couteau, permet de le transporter facilement tout en le prot\u00e9geant avec style.<\/p>\n<p>Que vous soyez un collectionneur, un passionn\u00e9 de coutellerie ou \u00e0 la recherche d&#8217;un couteau polyvalent pour vos aventures, le <strong>Couteau Pliant Artisanal Lykos<\/strong> est un choix incontournable. Il combine esth\u00e9tique, performance et artisanat de qualit\u00e9, un v\u00e9ritable bijou qui ne manquera pas de s\u00e9duire les connaisseurs.<\/p>\n<p>Une question ? Envie d\u2019un projet personnalis\u00e9 ? Le formulaire de contact, c\u2019est par <a href=\"https:\/\/kleos-artisan-coutelier.com\/contact\/\" target=\"_blank\" rel=\"noopener\">ICI<\/a> .<\/p>\n<p>Vous pouvez retrouver le post de ce couteau sur Instagram\u00a0<a href=\"https:\/\/www.instagram.com\/p\/Cl_QIUno3z-\/\" target=\"_blank\" rel=\"noopener\">ICI<\/a> .<\/p>\n","protected":false},"excerpt":{"rendered":"<p>Frais de port et assurance transport offerts pour la France m\u00e9tropolitaine.<\/p>\n","protected":false},"featured_media":18547,"template":"","meta":{"_monsterinsights_skip_tracking":false,"_monsterinsights_sitenote_active":false,"_monsterinsights_sitenote_note":"","_monsterinsights_sitenote_category":0},"product_brand":[],"product_cat":[50],"product_tag":[108,107],"class_list":{"0":"post-18545","1":"product","2":"type-product","3":"status-publish","4":"has-post-thumbnail","6":"product_cat-couteaux_pliants","7":"product_tag-damas","8":"product_tag-pliant","9":"has-post-title","10":"has-post-date","11":"has-post-category","12":"has-post-tag","13":"has-post-comment","14":"has-post-author","15":"","17":"first","18":"outofstock","19":"shipping-taxable","20":"purchasable","21":"product-type-simple"},"yoast_head":"<!-- This site is optimized with the Yoast SEO plugin v27.5 - https:\/\/yoast.com\/product\/yoast-seo-wordpress\/ -->\n<title>Couteau pliant artisanal Lykos - Kleos<\/title>\n<meta name=\"description\" content=\"Couteau Pliant Artisanal Lykos. Lame en damas carbone et cuivre &quot;DarkMa\u00ef&quot;. Manche en loupe de brown malee. Ressort guilloch\u00e9 et \u00e9tui cuir sur mesure.\" \/>\n<meta name=\"robots\" content=\"index, follow, max-snippet:-1, max-image-preview:large, max-video-preview:-1\" \/>\n<link rel=\"canonical\" href=\"https:\/\/kleos-artisan-coutelier.com\/en\/produit\/couteau-pliant-artisanal-lykos\/\" \/>\n<meta property=\"og:locale\" content=\"en_US\" \/>\n<meta property=\"og:type\" content=\"article\" \/>\n<meta property=\"og:title\" content=\"Couteau pliant artisanal Lykos - Kleos\" \/>\n<meta property=\"og:description\" content=\"Couteau Pliant Artisanal Lykos. Lame en damas carbone et cuivre &quot;DarkMa\u00ef&quot;. Manche en loupe de brown malee. Ressort guilloch\u00e9 et \u00e9tui cuir sur mesure.\" \/>\n<meta property=\"og:url\" content=\"https:\/\/kleos-artisan-coutelier.com\/en\/produit\/couteau-pliant-artisanal-lykos\/\" \/>\n<meta property=\"og:site_name\" content=\"Kleos\" \/>\n<meta property=\"article:publisher\" content=\"https:\/\/www.facebook.com\/kleos.knives\/\" \/>\n<meta property=\"article:modified_time\" content=\"2025-05-17T09:19:44+00:00\" \/>\n<meta property=\"og:image\" content=\"https:\/\/kleos-artisan-coutelier.com\/wp-content\/uploads\/2025\/03\/1741366610320.jpg\" \/>\n\t<meta property=\"og:image:width\" content=\"1274\" \/>\n\t<meta property=\"og:image:height\" content=\"1274\" \/>\n\t<meta property=\"og:image:type\" content=\"image\/jpeg\" \/>\n<meta name=\"twitter:card\" content=\"summary_large_image\" \/>\n<meta name=\"twitter:label1\" content=\"Est. reading time\" \/>\n\t<meta name=\"twitter:data1\" content=\"2 minutes\" \/>\n<script type=\"application\/ld+json\" class=\"yoast-schema-graph\">{\"@context\":\"https:\\\/\\\/schema.org\",\"@graph\":[{\"@type\":\"WebPage\",\"@id\":\"https:\\\/\\\/kleos-artisan-coutelier.com\\\/en\\\/produit\\\/couteau-pliant-artisanal-lykos\\\/\",\"url\":\"https:\\\/\\\/kleos-artisan-coutelier.com\\\/en\\\/produit\\\/couteau-pliant-artisanal-lykos\\\/\",\"name\":\"Couteau pliant artisanal Lykos - Kleos\",\"isPartOf\":{\"@id\":\"https:\\\/\\\/kleos-artisan-coutelier.com\\\/en\\\/#website\"},\"primaryImageOfPage\":{\"@id\":\"https:\\\/\\\/kleos-artisan-coutelier.com\\\/en\\\/produit\\\/couteau-pliant-artisanal-lykos\\\/#primaryimage\"},\"image\":{\"@id\":\"https:\\\/\\\/kleos-artisan-coutelier.com\\\/en\\\/produit\\\/couteau-pliant-artisanal-lykos\\\/#primaryimage\"},\"thumbnailUrl\":\"https:\\\/\\\/kleos-artisan-coutelier.com\\\/wp-content\\\/uploads\\\/2025\\\/03\\\/1741366610320.jpg\",\"datePublished\":\"2025-03-15T16:15:33+00:00\",\"dateModified\":\"2025-05-17T09:19:44+00:00\",\"description\":\"Couteau Pliant Artisanal Lykos. Lame en damas carbone et cuivre \\\"DarkMa\u00ef\\\". Manche en loupe de brown malee. Ressort guilloch\u00e9 et \u00e9tui cuir sur mesure.\",\"breadcrumb\":{\"@id\":\"https:\\\/\\\/kleos-artisan-coutelier.com\\\/en\\\/produit\\\/couteau-pliant-artisanal-lykos\\\/#breadcrumb\"},\"inLanguage\":\"en-US\",\"potentialAction\":[{\"@type\":\"ReadAction\",\"target\":[\"https:\\\/\\\/kleos-artisan-coutelier.com\\\/en\\\/produit\\\/couteau-pliant-artisanal-lykos\\\/\"]}]},{\"@type\":\"ImageObject\",\"inLanguage\":\"en-US\",\"@id\":\"https:\\\/\\\/kleos-artisan-coutelier.com\\\/en\\\/produit\\\/couteau-pliant-artisanal-lykos\\\/#primaryimage\",\"url\":\"https:\\\/\\\/kleos-artisan-coutelier.com\\\/wp-content\\\/uploads\\\/2025\\\/03\\\/1741366610320.jpg\",\"contentUrl\":\"https:\\\/\\\/kleos-artisan-coutelier.com\\\/wp-content\\\/uploads\\\/2025\\\/03\\\/1741366610320.jpg\",\"width\":1274,\"height\":1274,\"caption\":\"Couteau pliant artisanal Lykos\"},{\"@type\":\"BreadcrumbList\",\"@id\":\"https:\\\/\\\/kleos-artisan-coutelier.com\\\/en\\\/produit\\\/couteau-pliant-artisanal-lykos\\\/#breadcrumb\",\"itemListElement\":[{\"@type\":\"ListItem\",\"position\":1,\"name\":\"Accueil\",\"item\":\"https:\\\/\\\/kleos-artisan-coutelier.com\\\/en\\\/\"},{\"@type\":\"ListItem\",\"position\":2,\"name\":\"Shop\",\"item\":\"https:\\\/\\\/kleos-artisan-coutelier.com\\\/en\\\/shop-2\\\/\"},{\"@type\":\"ListItem\",\"position\":3,\"name\":\"Couteau pliant artisanal Lykos\"}]},{\"@type\":\"WebSite\",\"@id\":\"https:\\\/\\\/kleos-artisan-coutelier.com\\\/en\\\/#website\",\"url\":\"https:\\\/\\\/kleos-artisan-coutelier.com\\\/en\\\/\",\"name\":\"Kleos\",\"description\":\"Kleos Artisan Coutelier\",\"publisher\":{\"@id\":\"https:\\\/\\\/kleos-artisan-coutelier.com\\\/en\\\/#organization\"},\"potentialAction\":[{\"@type\":\"SearchAction\",\"target\":{\"@type\":\"EntryPoint\",\"urlTemplate\":\"https:\\\/\\\/kleos-artisan-coutelier.com\\\/en\\\/?s={search_term_string}\"},\"query-input\":{\"@type\":\"PropertyValueSpecification\",\"valueRequired\":true,\"valueName\":\"search_term_string\"}}],\"inLanguage\":\"en-US\"},{\"@type\":\"Organization\",\"@id\":\"https:\\\/\\\/kleos-artisan-coutelier.com\\\/en\\\/#organization\",\"name\":\"Kleos\",\"url\":\"https:\\\/\\\/kleos-artisan-coutelier.com\\\/en\\\/\",\"logo\":{\"@type\":\"ImageObject\",\"inLanguage\":\"en-US\",\"@id\":\"https:\\\/\\\/kleos-artisan-coutelier.com\\\/en\\\/#\\\/schema\\\/logo\\\/image\\\/\",\"url\":\"https:\\\/\\\/kleos-artisan-coutelier.com\\\/wp-content\\\/uploads\\\/2021\\\/11\\\/FICHIERLOGO2-copie-2-1.png\",\"contentUrl\":\"https:\\\/\\\/kleos-artisan-coutelier.com\\\/wp-content\\\/uploads\\\/2021\\\/11\\\/FICHIERLOGO2-copie-2-1.png\",\"width\":185,\"height\":50,\"caption\":\"Kleos\"},\"image\":{\"@id\":\"https:\\\/\\\/kleos-artisan-coutelier.com\\\/en\\\/#\\\/schema\\\/logo\\\/image\\\/\"},\"sameAs\":[\"https:\\\/\\\/www.facebook.com\\\/kleos.knives\\\/\",\"https:\\\/\\\/www.instagram.com\\\/kleos.knives\"]}]}<\/script>\n<!-- \/ Yoast SEO plugin. -->","yoast_head_json":{"title":"Couteau pliant artisanal Lykos - Kleos","description":"Couteau Pliant Artisanal Lykos. Lame en damas carbone et cuivre \"DarkMa\u00ef\". Manche en loupe de brown malee. Ressort guilloch\u00e9 et \u00e9tui cuir sur mesure.","robots":{"index":"index","follow":"follow","max-snippet":"max-snippet:-1","max-image-preview":"max-image-preview:large","max-video-preview":"max-video-preview:-1"},"canonical":"https:\/\/kleos-artisan-coutelier.com\/en\/produit\/couteau-pliant-artisanal-lykos\/","og_locale":"en_US","og_type":"article","og_title":"Couteau pliant artisanal Lykos - Kleos","og_description":"Couteau Pliant Artisanal Lykos. Lame en damas carbone et cuivre \"DarkMa\u00ef\". Manche en loupe de brown malee. Ressort guilloch\u00e9 et \u00e9tui cuir sur mesure.","og_url":"https:\/\/kleos-artisan-coutelier.com\/en\/produit\/couteau-pliant-artisanal-lykos\/","og_site_name":"Kleos","article_publisher":"https:\/\/www.facebook.com\/kleos.knives\/","article_modified_time":"2025-05-17T09:19:44+00:00","og_image":[{"width":1274,"height":1274,"url":"https:\/\/kleos-artisan-coutelier.com\/wp-content\/uploads\/2025\/03\/1741366610320.jpg","type":"image\/jpeg"}],"twitter_card":"summary_large_image","twitter_misc":{"Est. reading time":"2 minutes"},"schema":{"@context":"https:\/\/schema.org","@graph":[{"@type":"WebPage","@id":"https:\/\/kleos-artisan-coutelier.com\/en\/produit\/couteau-pliant-artisanal-lykos\/","url":"https:\/\/kleos-artisan-coutelier.com\/en\/produit\/couteau-pliant-artisanal-lykos\/","name":"Couteau pliant artisanal Lykos - Kleos","isPartOf":{"@id":"https:\/\/kleos-artisan-coutelier.com\/en\/#website"},"primaryImageOfPage":{"@id":"https:\/\/kleos-artisan-coutelier.com\/en\/produit\/couteau-pliant-artisanal-lykos\/#primaryimage"},"image":{"@id":"https:\/\/kleos-artisan-coutelier.com\/en\/produit\/couteau-pliant-artisanal-lykos\/#primaryimage"},"thumbnailUrl":"https:\/\/kleos-artisan-coutelier.com\/wp-content\/uploads\/2025\/03\/1741366610320.jpg","datePublished":"2025-03-15T16:15:33+00:00","dateModified":"2025-05-17T09:19:44+00:00","description":"Couteau Pliant Artisanal Lykos. Lame en damas carbone et cuivre \"DarkMa\u00ef\". Manche en loupe de brown malee. Ressort guilloch\u00e9 et \u00e9tui cuir sur mesure.","breadcrumb":{"@id":"https:\/\/kleos-artisan-coutelier.com\/en\/produit\/couteau-pliant-artisanal-lykos\/#breadcrumb"},"inLanguage":"en-US","potentialAction":[{"@type":"ReadAction","target":["https:\/\/kleos-artisan-coutelier.com\/en\/produit\/couteau-pliant-artisanal-lykos\/"]}]},{"@type":"ImageObject","inLanguage":"en-US","@id":"https:\/\/kleos-artisan-coutelier.com\/en\/produit\/couteau-pliant-artisanal-lykos\/#primaryimage","url":"https:\/\/kleos-artisan-coutelier.com\/wp-content\/uploads\/2025\/03\/1741366610320.jpg","contentUrl":"https:\/\/kleos-artisan-coutelier.com\/wp-content\/uploads\/2025\/03\/1741366610320.jpg","width":1274,"height":1274,"caption":"Couteau pliant artisanal Lykos"},{"@type":"BreadcrumbList","@id":"https:\/\/kleos-artisan-coutelier.com\/en\/produit\/couteau-pliant-artisanal-lykos\/#breadcrumb","itemListElement":[{"@type":"ListItem","position":1,"name":"Accueil","item":"https:\/\/kleos-artisan-coutelier.com\/en\/"},{"@type":"ListItem","position":2,"name":"Shop","item":"https:\/\/kleos-artisan-coutelier.com\/en\/shop-2\/"},{"@type":"ListItem","position":3,"name":"Couteau pliant artisanal Lykos"}]},{"@type":"WebSite","@id":"https:\/\/kleos-artisan-coutelier.com\/en\/#website","url":"https:\/\/kleos-artisan-coutelier.com\/en\/","name":"Kleos","description":"Kleos Artisan Coutelier","publisher":{"@id":"https:\/\/kleos-artisan-coutelier.com\/en\/#organization"},"potentialAction":[{"@type":"SearchAction","target":{"@type":"EntryPoint","urlTemplate":"https:\/\/kleos-artisan-coutelier.com\/en\/?s={search_term_string}"},"query-input":{"@type":"PropertyValueSpecification","valueRequired":true,"valueName":"search_term_string"}}],"inLanguage":"en-US"},{"@type":"Organization","@id":"https:\/\/kleos-artisan-coutelier.com\/en\/#organization","name":"Kleos","url":"https:\/\/kleos-artisan-coutelier.com\/en\/","logo":{"@type":"ImageObject","inLanguage":"en-US","@id":"https:\/\/kleos-artisan-coutelier.com\/en\/#\/schema\/logo\/image\/","url":"https:\/\/kleos-artisan-coutelier.com\/wp-content\/uploads\/2021\/11\/FICHIERLOGO2-copie-2-1.png","contentUrl":"https:\/\/kleos-artisan-coutelier.com\/wp-content\/uploads\/2021\/11\/FICHIERLOGO2-copie-2-1.png","width":185,"height":50,"caption":"Kleos"},"image":{"@id":"https:\/\/kleos-artisan-coutelier.com\/en\/#\/schema\/logo\/image\/"},"sameAs":["https:\/\/www.facebook.com\/kleos.knives\/","https:\/\/www.instagram.com\/kleos.knives"]}]}},"jetpack_sharing_enabled":true,"builder_content":"","_links":{"self":[{"href":"https:\/\/kleos-artisan-coutelier.com\/en\/wp-json\/wp\/v2\/product\/18545","targetHints":{"allow":["GET"]}}],"collection":[{"href":"https:\/\/kleos-artisan-coutelier.com\/en\/wp-json\/wp\/v2\/product"}],"about":[{"href":"https:\/\/kleos-artisan-coutelier.com\/en\/wp-json\/wp\/v2\/types\/product"}],"wp:featuredmedia":[{"embeddable":true,"href":"https:\/\/kleos-artisan-coutelier.com\/en\/wp-json\/wp\/v2\/media\/18547"}],"wp:attachment":[{"href":"https:\/\/kleos-artisan-coutelier.com\/en\/wp-json\/wp\/v2\/media?parent=18545"}],"wp:term":[{"taxonomy":"product_brand","embeddable":true,"href":"https:\/\/kleos-artisan-coutelier.com\/en\/wp-json\/wp\/v2\/product_brand?post=18545"},{"taxonomy":"product_cat","embeddable":true,"href":"https:\/\/kleos-artisan-coutelier.com\/en\/wp-json\/wp\/v2\/product_cat?post=18545"},{"taxonomy":"product_tag","embeddable":true,"href":"https:\/\/kleos-artisan-coutelier.com\/en\/wp-json\/wp\/v2\/product_tag?post=18545"}],"curies":[{"name":"wp","href":"https:\/\/api.w.org\/{rel}","templated":true}]}}