{"id":18567,"date":"2025-03-15T17:35:24","date_gmt":"2025-03-15T16:35:24","guid":{"rendered":"https:\/\/kleos-artisan-coutelier.com\/?post_type=product&#038;p=18567"},"modified":"2026-02-13T17:19:01","modified_gmt":"2026-02-13T16:19:01","slug":"couteau-pliant-original-lykos","status":"publish","type":"product","link":"https:\/\/kleos-artisan-coutelier.com\/en\/produit\/couteau-pliant-original-lykos\/","title":{"rendered":"Couteau Pliant Original Lykos"},"content":{"rendered":"<p>Le <strong>Couteau Pliant Original Lykos<\/strong> est une pi\u00e8ce de coutellerie exceptionnelle. Pens\u00e9e pour les connaisseurs et les amateurs de couteaux d\u2019exception. Alliant performance et esth\u00e9tisme, ce mod\u00e8le se distingue par son design original et l\u2019utilisation de mat\u00e9riaux nobles. Ils ont \u00e9t\u00e9 soigneusement s\u00e9lectionn\u00e9s pour garantir une qualit\u00e9 de fabrication incomparable.<\/p>\n<p>Sa <strong>lame en damas inoxydable motif &#8220;Rose&#8221;<\/strong> de Damasteel offre non seulement une coupe pr\u00e9cise, mais aussi une beaut\u00e9 visuelle saisissante. La combinaison de ces aciers cr\u00e9e un effet visuel unique. D&#8217;une longueur totale de 22 cm, la lame mesure 9,5 cm (9 cm de tranchant), offrant ainsi une taille id\u00e9ale pour un usage quotidien ou pour les passionn\u00e9s de coutellerie.<\/p>\n<p>Le <strong>manche bi-mati\u00e8re<\/strong>, compos\u00e9 d&#8217;une <strong>mitre en ivoire synth\u00e9tique<\/strong> et du reste en <strong>molaire de mammouth stabilis\u00e9e et teint\u00e9e rouge (oui, oui, du mammouth !)<\/strong>, ajoute une dimension suppl\u00e9mentaire \u00e0 ce couteau. L&#8217;ivoire synth\u00e9tique, l\u00e9ger et r\u00e9sistant, compl\u00e8te parfaitement l&#8217;aspect color\u00e9 et les motifs uniques de la molaire de mammouth, un mat\u00e9riau rare et pr\u00e9cieux qui conf\u00e8re \u00e0 chaque couteau son caract\u00e8re propre. Le <strong>ressort guilloch\u00e9 \u00e0 la lime<\/strong> et les <strong>platines en inox<\/strong> viennent parfaire le tout, offrant une finition soign\u00e9e et un toucher agr\u00e9able.<\/p>\n<p>Les <strong>vis inox plaqu\u00e9es OR<\/strong>, esth\u00e9tiques, compl\u00e8tent l\u2019ensemble avec une touche luxueuse et soulignent l\u2019harmonie du design. Un \u00e9tui en cuir sur mesure, con\u00e7u pour s\u2019adapter parfaitement \u00e0 la forme du couteau, permet de le transporter en toute s\u00e9curit\u00e9 et avec \u00e9l\u00e9gance.<\/p>\n<p>Le <strong>Couteau Pliant Original Lykos<\/strong> est bien plus qu\u2019un simple outil, c\u2019est une v\u00e9ritable \u0153uvre d&#8217;art. Si vous \u00eates \u00e0 la recherche d\u2019un couteau alliant utilit\u00e9 et raffinement, ce mod\u00e8le saura r\u00e9pondre \u00e0 toutes vos attentes.<\/p>\n<p>Vous souhaitez un projet personnalis\u00e9 ? Le formulaire de contact, c\u2019est <a href=\"https:\/\/kleos-artisan-coutelier.com\/contact\/\" target=\"_blank\" rel=\"noopener\">ICI<\/a> .<\/p>\n<p>Suivez et soutenez KLEOS sur Instagram et abonnez vous <a href=\"https:\/\/www.instagram.com\/p\/Cl_QIUno3z-\/\" target=\"_blank\" rel=\"noopener\">ICI<\/a> .<\/p>\n","protected":false},"excerpt":{"rendered":"<p>Frais de port et assurance transport offerts pour la France m\u00e9tropolitaine.<\/p>\n","protected":false},"featured_media":19505,"template":"","meta":{"_monsterinsights_skip_tracking":false,"_monsterinsights_sitenote_active":false,"_monsterinsights_sitenote_note":"","_monsterinsights_sitenote_category":0},"product_brand":[],"product_cat":[50],"product_tag":[108,107],"class_list":{"0":"post-18567","1":"product","2":"type-product","3":"status-publish","4":"has-post-thumbnail","6":"product_cat-couteaux_pliants","7":"product_tag-damas","8":"product_tag-pliant","9":"has-post-title","10":"has-post-date","11":"has-post-category","12":"has-post-tag","13":"has-post-comment","14":"has-post-author","15":"","17":"first","18":"outofstock","19":"shipping-taxable","20":"purchasable","21":"product-type-simple"},"yoast_head":"<!-- This site is optimized with the Yoast SEO plugin v27.5 - https:\/\/yoast.com\/product\/yoast-seo-wordpress\/ -->\n<title>Couteau Pliant Original Lykos - Kleos<\/title>\n<meta name=\"description\" content=\"Couteau Pliant Original Lykos. Lame en damas inox &quot;rose&quot;. Manche en Elforyn et molaire de mammouth teint\u00e9e rouge. Ressort guilloch\u00e9 \u00e0 la lime et \u00e9tui cuir.\" \/>\n<meta name=\"robots\" content=\"index, follow, max-snippet:-1, max-image-preview:large, max-video-preview:-1\" \/>\n<link rel=\"canonical\" href=\"https:\/\/kleos-artisan-coutelier.com\/en\/produit\/couteau-pliant-original-lykos\/\" \/>\n<meta property=\"og:locale\" content=\"en_US\" \/>\n<meta property=\"og:type\" content=\"article\" \/>\n<meta property=\"og:title\" content=\"Couteau Pliant Original Lykos - Kleos\" \/>\n<meta property=\"og:description\" content=\"Couteau Pliant Original Lykos. Lame en damas inox &quot;rose&quot;. Manche en Elforyn et molaire de mammouth teint\u00e9e rouge. Ressort guilloch\u00e9 \u00e0 la lime et \u00e9tui cuir.\" \/>\n<meta property=\"og:url\" content=\"https:\/\/kleos-artisan-coutelier.com\/en\/produit\/couteau-pliant-original-lykos\/\" \/>\n<meta property=\"og:site_name\" content=\"Kleos\" \/>\n<meta property=\"article:publisher\" content=\"https:\/\/www.facebook.com\/kleos.knives\/\" \/>\n<meta property=\"article:modified_time\" content=\"2026-02-13T16:19:01+00:00\" \/>\n<meta property=\"og:image\" content=\"https:\/\/kleos-artisan-coutelier.com\/wp-content\/uploads\/2025\/11\/IMG_20251114_150937.jpg\" \/>\n\t<meta property=\"og:image:width\" content=\"2282\" \/>\n\t<meta property=\"og:image:height\" content=\"2282\" \/>\n\t<meta property=\"og:image:type\" content=\"image\/jpeg\" \/>\n<meta name=\"twitter:card\" content=\"summary_large_image\" \/>\n<meta name=\"twitter:label1\" content=\"Est. reading time\" \/>\n\t<meta name=\"twitter:data1\" content=\"2 minutes\" \/>\n<script type=\"application\/ld+json\" class=\"yoast-schema-graph\">{\"@context\":\"https:\\\/\\\/schema.org\",\"@graph\":[{\"@type\":\"WebPage\",\"@id\":\"https:\\\/\\\/kleos-artisan-coutelier.com\\\/en\\\/produit\\\/couteau-pliant-original-lykos\\\/\",\"url\":\"https:\\\/\\\/kleos-artisan-coutelier.com\\\/en\\\/produit\\\/couteau-pliant-original-lykos\\\/\",\"name\":\"Couteau Pliant Original Lykos - Kleos\",\"isPartOf\":{\"@id\":\"https:\\\/\\\/kleos-artisan-coutelier.com\\\/en\\\/#website\"},\"primaryImageOfPage\":{\"@id\":\"https:\\\/\\\/kleos-artisan-coutelier.com\\\/en\\\/produit\\\/couteau-pliant-original-lykos\\\/#primaryimage\"},\"image\":{\"@id\":\"https:\\\/\\\/kleos-artisan-coutelier.com\\\/en\\\/produit\\\/couteau-pliant-original-lykos\\\/#primaryimage\"},\"thumbnailUrl\":\"https:\\\/\\\/kleos-artisan-coutelier.com\\\/wp-content\\\/uploads\\\/2025\\\/11\\\/IMG_20251114_150937.jpg\",\"datePublished\":\"2025-03-15T16:35:24+00:00\",\"dateModified\":\"2026-02-13T16:19:01+00:00\",\"description\":\"Couteau Pliant Original Lykos. Lame en damas inox \\\"rose\\\". Manche en Elforyn et molaire de mammouth teint\u00e9e rouge. Ressort guilloch\u00e9 \u00e0 la lime et \u00e9tui cuir.\",\"breadcrumb\":{\"@id\":\"https:\\\/\\\/kleos-artisan-coutelier.com\\\/en\\\/produit\\\/couteau-pliant-original-lykos\\\/#breadcrumb\"},\"inLanguage\":\"en-US\",\"potentialAction\":[{\"@type\":\"ReadAction\",\"target\":[\"https:\\\/\\\/kleos-artisan-coutelier.com\\\/en\\\/produit\\\/couteau-pliant-original-lykos\\\/\"]}]},{\"@type\":\"ImageObject\",\"inLanguage\":\"en-US\",\"@id\":\"https:\\\/\\\/kleos-artisan-coutelier.com\\\/en\\\/produit\\\/couteau-pliant-original-lykos\\\/#primaryimage\",\"url\":\"https:\\\/\\\/kleos-artisan-coutelier.com\\\/wp-content\\\/uploads\\\/2025\\\/11\\\/IMG_20251114_150937.jpg\",\"contentUrl\":\"https:\\\/\\\/kleos-artisan-coutelier.com\\\/wp-content\\\/uploads\\\/2025\\\/11\\\/IMG_20251114_150937.jpg\",\"width\":2282,\"height\":2282,\"caption\":\"Couteau damas et molaire de mammouth\"},{\"@type\":\"BreadcrumbList\",\"@id\":\"https:\\\/\\\/kleos-artisan-coutelier.com\\\/en\\\/produit\\\/couteau-pliant-original-lykos\\\/#breadcrumb\",\"itemListElement\":[{\"@type\":\"ListItem\",\"position\":1,\"name\":\"Accueil\",\"item\":\"https:\\\/\\\/kleos-artisan-coutelier.com\\\/en\\\/\"},{\"@type\":\"ListItem\",\"position\":2,\"name\":\"Shop\",\"item\":\"https:\\\/\\\/kleos-artisan-coutelier.com\\\/en\\\/shop-2\\\/\"},{\"@type\":\"ListItem\",\"position\":3,\"name\":\"Couteau Pliant Original Lykos\"}]},{\"@type\":\"WebSite\",\"@id\":\"https:\\\/\\\/kleos-artisan-coutelier.com\\\/en\\\/#website\",\"url\":\"https:\\\/\\\/kleos-artisan-coutelier.com\\\/en\\\/\",\"name\":\"Kleos\",\"description\":\"Kleos Artisan Coutelier\",\"publisher\":{\"@id\":\"https:\\\/\\\/kleos-artisan-coutelier.com\\\/en\\\/#organization\"},\"potentialAction\":[{\"@type\":\"SearchAction\",\"target\":{\"@type\":\"EntryPoint\",\"urlTemplate\":\"https:\\\/\\\/kleos-artisan-coutelier.com\\\/en\\\/?s={search_term_string}\"},\"query-input\":{\"@type\":\"PropertyValueSpecification\",\"valueRequired\":true,\"valueName\":\"search_term_string\"}}],\"inLanguage\":\"en-US\"},{\"@type\":\"Organization\",\"@id\":\"https:\\\/\\\/kleos-artisan-coutelier.com\\\/en\\\/#organization\",\"name\":\"Kleos\",\"url\":\"https:\\\/\\\/kleos-artisan-coutelier.com\\\/en\\\/\",\"logo\":{\"@type\":\"ImageObject\",\"inLanguage\":\"en-US\",\"@id\":\"https:\\\/\\\/kleos-artisan-coutelier.com\\\/en\\\/#\\\/schema\\\/logo\\\/image\\\/\",\"url\":\"https:\\\/\\\/kleos-artisan-coutelier.com\\\/wp-content\\\/uploads\\\/2021\\\/11\\\/FICHIERLOGO2-copie-2-1.png\",\"contentUrl\":\"https:\\\/\\\/kleos-artisan-coutelier.com\\\/wp-content\\\/uploads\\\/2021\\\/11\\\/FICHIERLOGO2-copie-2-1.png\",\"width\":185,\"height\":50,\"caption\":\"Kleos\"},\"image\":{\"@id\":\"https:\\\/\\\/kleos-artisan-coutelier.com\\\/en\\\/#\\\/schema\\\/logo\\\/image\\\/\"},\"sameAs\":[\"https:\\\/\\\/www.facebook.com\\\/kleos.knives\\\/\",\"https:\\\/\\\/www.instagram.com\\\/kleos.knives\"]}]}<\/script>\n<!-- \/ Yoast SEO plugin. -->","yoast_head_json":{"title":"Couteau Pliant Original Lykos - Kleos","description":"Couteau Pliant Original Lykos. Lame en damas inox \"rose\". Manche en Elforyn et molaire de mammouth teint\u00e9e rouge. Ressort guilloch\u00e9 \u00e0 la lime et \u00e9tui cuir.","robots":{"index":"index","follow":"follow","max-snippet":"max-snippet:-1","max-image-preview":"max-image-preview:large","max-video-preview":"max-video-preview:-1"},"canonical":"https:\/\/kleos-artisan-coutelier.com\/en\/produit\/couteau-pliant-original-lykos\/","og_locale":"en_US","og_type":"article","og_title":"Couteau Pliant Original Lykos - Kleos","og_description":"Couteau Pliant Original Lykos. Lame en damas inox \"rose\". Manche en Elforyn et molaire de mammouth teint\u00e9e rouge. Ressort guilloch\u00e9 \u00e0 la lime et \u00e9tui cuir.","og_url":"https:\/\/kleos-artisan-coutelier.com\/en\/produit\/couteau-pliant-original-lykos\/","og_site_name":"Kleos","article_publisher":"https:\/\/www.facebook.com\/kleos.knives\/","article_modified_time":"2026-02-13T16:19:01+00:00","og_image":[{"width":2282,"height":2282,"url":"https:\/\/kleos-artisan-coutelier.com\/wp-content\/uploads\/2025\/11\/IMG_20251114_150937.jpg","type":"image\/jpeg"}],"twitter_card":"summary_large_image","twitter_misc":{"Est. reading time":"2 minutes"},"schema":{"@context":"https:\/\/schema.org","@graph":[{"@type":"WebPage","@id":"https:\/\/kleos-artisan-coutelier.com\/en\/produit\/couteau-pliant-original-lykos\/","url":"https:\/\/kleos-artisan-coutelier.com\/en\/produit\/couteau-pliant-original-lykos\/","name":"Couteau Pliant Original Lykos - Kleos","isPartOf":{"@id":"https:\/\/kleos-artisan-coutelier.com\/en\/#website"},"primaryImageOfPage":{"@id":"https:\/\/kleos-artisan-coutelier.com\/en\/produit\/couteau-pliant-original-lykos\/#primaryimage"},"image":{"@id":"https:\/\/kleos-artisan-coutelier.com\/en\/produit\/couteau-pliant-original-lykos\/#primaryimage"},"thumbnailUrl":"https:\/\/kleos-artisan-coutelier.com\/wp-content\/uploads\/2025\/11\/IMG_20251114_150937.jpg","datePublished":"2025-03-15T16:35:24+00:00","dateModified":"2026-02-13T16:19:01+00:00","description":"Couteau Pliant Original Lykos. Lame en damas inox \"rose\". Manche en Elforyn et molaire de mammouth teint\u00e9e rouge. Ressort guilloch\u00e9 \u00e0 la lime et \u00e9tui cuir.","breadcrumb":{"@id":"https:\/\/kleos-artisan-coutelier.com\/en\/produit\/couteau-pliant-original-lykos\/#breadcrumb"},"inLanguage":"en-US","potentialAction":[{"@type":"ReadAction","target":["https:\/\/kleos-artisan-coutelier.com\/en\/produit\/couteau-pliant-original-lykos\/"]}]},{"@type":"ImageObject","inLanguage":"en-US","@id":"https:\/\/kleos-artisan-coutelier.com\/en\/produit\/couteau-pliant-original-lykos\/#primaryimage","url":"https:\/\/kleos-artisan-coutelier.com\/wp-content\/uploads\/2025\/11\/IMG_20251114_150937.jpg","contentUrl":"https:\/\/kleos-artisan-coutelier.com\/wp-content\/uploads\/2025\/11\/IMG_20251114_150937.jpg","width":2282,"height":2282,"caption":"Couteau damas et molaire de mammouth"},{"@type":"BreadcrumbList","@id":"https:\/\/kleos-artisan-coutelier.com\/en\/produit\/couteau-pliant-original-lykos\/#breadcrumb","itemListElement":[{"@type":"ListItem","position":1,"name":"Accueil","item":"https:\/\/kleos-artisan-coutelier.com\/en\/"},{"@type":"ListItem","position":2,"name":"Shop","item":"https:\/\/kleos-artisan-coutelier.com\/en\/shop-2\/"},{"@type":"ListItem","position":3,"name":"Couteau Pliant Original Lykos"}]},{"@type":"WebSite","@id":"https:\/\/kleos-artisan-coutelier.com\/en\/#website","url":"https:\/\/kleos-artisan-coutelier.com\/en\/","name":"Kleos","description":"Kleos Artisan Coutelier","publisher":{"@id":"https:\/\/kleos-artisan-coutelier.com\/en\/#organization"},"potentialAction":[{"@type":"SearchAction","target":{"@type":"EntryPoint","urlTemplate":"https:\/\/kleos-artisan-coutelier.com\/en\/?s={search_term_string}"},"query-input":{"@type":"PropertyValueSpecification","valueRequired":true,"valueName":"search_term_string"}}],"inLanguage":"en-US"},{"@type":"Organization","@id":"https:\/\/kleos-artisan-coutelier.com\/en\/#organization","name":"Kleos","url":"https:\/\/kleos-artisan-coutelier.com\/en\/","logo":{"@type":"ImageObject","inLanguage":"en-US","@id":"https:\/\/kleos-artisan-coutelier.com\/en\/#\/schema\/logo\/image\/","url":"https:\/\/kleos-artisan-coutelier.com\/wp-content\/uploads\/2021\/11\/FICHIERLOGO2-copie-2-1.png","contentUrl":"https:\/\/kleos-artisan-coutelier.com\/wp-content\/uploads\/2021\/11\/FICHIERLOGO2-copie-2-1.png","width":185,"height":50,"caption":"Kleos"},"image":{"@id":"https:\/\/kleos-artisan-coutelier.com\/en\/#\/schema\/logo\/image\/"},"sameAs":["https:\/\/www.facebook.com\/kleos.knives\/","https:\/\/www.instagram.com\/kleos.knives"]}]}},"jetpack_sharing_enabled":true,"builder_content":"","_links":{"self":[{"href":"https:\/\/kleos-artisan-coutelier.com\/en\/wp-json\/wp\/v2\/product\/18567","targetHints":{"allow":["GET"]}}],"collection":[{"href":"https:\/\/kleos-artisan-coutelier.com\/en\/wp-json\/wp\/v2\/product"}],"about":[{"href":"https:\/\/kleos-artisan-coutelier.com\/en\/wp-json\/wp\/v2\/types\/product"}],"wp:featuredmedia":[{"embeddable":true,"href":"https:\/\/kleos-artisan-coutelier.com\/en\/wp-json\/wp\/v2\/media\/19505"}],"wp:attachment":[{"href":"https:\/\/kleos-artisan-coutelier.com\/en\/wp-json\/wp\/v2\/media?parent=18567"}],"wp:term":[{"taxonomy":"product_brand","embeddable":true,"href":"https:\/\/kleos-artisan-coutelier.com\/en\/wp-json\/wp\/v2\/product_brand?post=18567"},{"taxonomy":"product_cat","embeddable":true,"href":"https:\/\/kleos-artisan-coutelier.com\/en\/wp-json\/wp\/v2\/product_cat?post=18567"},{"taxonomy":"product_tag","embeddable":true,"href":"https:\/\/kleos-artisan-coutelier.com\/en\/wp-json\/wp\/v2\/product_tag?post=18567"}],"curies":[{"name":"wp","href":"https:\/\/api.w.org\/{rel}","templated":true}]}}