{"id":18859,"date":"2025-07-10T17:18:22","date_gmt":"2025-07-10T15:18:22","guid":{"rendered":"https:\/\/kleos-artisan-coutelier.com\/?post_type=product&#038;p=18859"},"modified":"2026-03-19T17:30:33","modified_gmt":"2026-03-19T16:30:33","slug":"couteau-pliant-bi-matiere-lykos","status":"publish","type":"product","link":"https:\/\/kleos-artisan-coutelier.com\/en\/produit\/couteau-pliant-bi-matiere-lykos\/","title":{"rendered":"Couteau pliant bi-mati\u00e8re Lykos"},"content":{"rendered":"<h2 data-pm-slice=\"1 1 []\">Couteau pliant bi-mati\u00e8re Lykos, m\u00e9canisme \u00e0 cran forc\u00e9, avec but\u00e9e.<\/h2>\n<p data-start=\"53\" data-end=\"409\">Le <strong>Couteau pliant bi-mati\u00e8re Lykos<\/strong>\u00a0incarne le mariage parfait entre l\u2019artisanat traditionnel et l\u2019innovation contemporaine. Con\u00e7u pour les amateurs de coutellerie fine comme pour les collectionneurs avertis. Ce mod\u00e8le unique allie des mat\u00e9riaux d\u2019exception et un design audacieux. Il est pens\u00e9 pour s\u00e9duire aussi bien par son esth\u00e9tique que par ses performances.<\/p>\n<p data-start=\"411\" data-end=\"973\">Au c\u0153ur de ce couteau se trouve une <strong data-start=\"447\" data-end=\"505\">lame en damas japonais \u201cSuminagashi VG10\u201d (67 couches).<\/strong> Forg\u00e9e par <strong data-start=\"518\" data-end=\"542\">TAKEFU SPECIAL STEEL<\/strong>, elle est le gage d\u2019une qualit\u00e9 et d\u2019une durabilit\u00e9 irr\u00e9prochables. Son motif ondoyant caract\u00e9ristique, conf\u00e8re \u00e0 la lame une allure raffin\u00e9e et un tranchant pr\u00e9cis. Cet acier est id\u00e9al pour une utilisation exigeante comme pour un objet de collection. Avec ses <strong data-start=\"827\" data-end=\"865\">9,5 cm de long (9 cm de tranchant)<\/strong> et une longueur totale de <strong data-start=\"892\" data-end=\"901\">22 cm<\/strong>, ce couteau offre un \u00e9quilibre optimal entre maniabilit\u00e9 et efficacit\u00e9.<\/p>\n<p data-start=\"975\" data-end=\"1346\">Le <strong data-start=\"978\" data-end=\"996\">manche bi-mati\u00e8re<\/strong> est compos\u00e9 <strong data-start=\"1009\" data-end=\"1040\">d&#8217;\u00e9b\u00e8ne du Gabon et de r\u00e9sine<\/strong>. Cette alliance de tradition et de modernit\u00e9 donne naissance \u00e0 un couteau d\u2019une \u00e9l\u00e9gance rare, \u00e0 la fois robuste et esth\u00e9tique.<\/p>\n<p data-start=\"1348\" data-end=\"1626\">Le <strong data-start=\"1351\" data-end=\"1382\">ressort guilloch\u00e9 \u00e0 la lime<\/strong>, signature du travail artisanal, ainsi que les <strong data-start=\"1430\" data-end=\"1447\">platines inox<\/strong> viennent parfaire le tout avec une finition d\u2019exception. Les <strong data-start=\"1509\" data-end=\"1528\">vis inox polies<\/strong>, discr\u00e8tes et brillantes, soulignent l\u2019harmonie g\u00e9n\u00e9rale et renforcent la solidit\u00e9 de l\u2019ensemble.<\/p>\n<p data-start=\"1628\" data-end=\"1844\">Pour prot\u00e9ger et transporter ce bijou de coutellerie, un <strong data-start=\"1685\" data-end=\"1712\">\u00e9tui en cuir sur mesure<\/strong> accompagne le <strong>Couteau pliant bi-mati\u00e8re Lykos<\/strong>, ajoutant une touche d\u2019\u00e9l\u00e9gance suppl\u00e9mentaire et assurant sa s\u00e9curit\u00e9 au quotidien.<\/p>\n<p data-start=\"1846\" data-end=\"2090\">Ce couteau pliant n\u2019est pas qu\u2019un simple outil : c\u2019est une \u0153uvre d\u2019art fonctionnelle, o\u00f9 chaque d\u00e9tail compte. Avec le <strong>Couteau pliant bi-mati\u00e8re Lykos<\/strong>, vous optez pour un objet unique qui allie tradition, innovation et excellence artisanale.<\/p>\n<p data-start=\"1846\" data-end=\"2090\">Vous aimeriez passer commande ? Le formulaire de contact est <a href=\"https:\/\/kleos-artisan-coutelier.com\/contact\/\" target=\"_blank\" rel=\"noopener\">ICI<\/a> .<\/p>\n<p data-start=\"1846\" data-end=\"2090\">Besoin d&#8217;inspiration pour votre commande ? Visitez notre page <a href=\"https:\/\/www.instagram.com\/kleos.knives\/\" target=\"_blank\" rel=\"noopener\">Instagram<\/a> !<\/p>\n","protected":false},"excerpt":{"rendered":"<p>Livraison offerte en France m\u00e9tropolitaine.<\/p>\n","protected":false},"featured_media":19538,"template":"","meta":{"_monsterinsights_skip_tracking":false,"_monsterinsights_sitenote_active":false,"_monsterinsights_sitenote_note":"","_monsterinsights_sitenote_category":0},"product_brand":[],"product_cat":[50],"product_tag":[109,107],"class_list":{"0":"post-18859","1":"product","2":"type-product","3":"status-publish","4":"has-post-thumbnail","6":"product_cat-couteaux_pliants","7":"product_tag-lykos","8":"product_tag-pliant","9":"has-post-title","10":"has-post-date","11":"has-post-category","12":"has-post-tag","13":"has-post-comment","14":"has-post-author","15":"","17":"first","18":"instock","19":"sale","20":"sold-individually","21":"shipping-taxable","22":"purchasable","23":"product-type-simple"},"yoast_head":"<!-- This site is optimized with the Yoast SEO plugin v27.4 - https:\/\/yoast.com\/product\/yoast-seo-wordpress\/ -->\n<title>Couteau pliant bi-mati\u00e8re Lykos - Kleos<\/title>\n<meta name=\"description\" content=\"Couteau pliant bi-mati\u00e8re Lykos. Lame en damas japonais \u201cSuminagashi VG10\u201d, manche \u00e9b\u00e8ne, ressort guilloch\u00e9 et \u00e9tui cuir. Pi\u00e8ce unique fabriqu\u00e9e en France.\" \/>\n<meta name=\"robots\" content=\"index, follow, max-snippet:-1, max-image-preview:large, max-video-preview:-1\" \/>\n<link rel=\"canonical\" href=\"https:\/\/kleos-artisan-coutelier.com\/en\/produit\/couteau-pliant-bi-matiere-lykos\/\" \/>\n<meta property=\"og:locale\" content=\"en_US\" \/>\n<meta property=\"og:type\" content=\"article\" \/>\n<meta property=\"og:title\" content=\"Couteau pliant bi-mati\u00e8re Lykos - Kleos\" \/>\n<meta property=\"og:description\" content=\"Couteau pliant bi-mati\u00e8re Lykos. Lame en damas japonais \u201cSuminagashi VG10\u201d, manche \u00e9b\u00e8ne, ressort guilloch\u00e9 et \u00e9tui cuir. Pi\u00e8ce unique fabriqu\u00e9e en France.\" \/>\n<meta property=\"og:url\" content=\"https:\/\/kleos-artisan-coutelier.com\/en\/produit\/couteau-pliant-bi-matiere-lykos\/\" \/>\n<meta property=\"og:site_name\" content=\"Kleos\" \/>\n<meta property=\"article:publisher\" content=\"https:\/\/www.facebook.com\/kleos.knives\/\" \/>\n<meta property=\"article:modified_time\" content=\"2026-03-19T16:30:33+00:00\" \/>\n<meta property=\"og:image\" content=\"https:\/\/kleos-artisan-coutelier.com\/wp-content\/uploads\/2025\/11\/IMG_20251114_135747.jpg\" \/>\n\t<meta property=\"og:image:width\" content=\"2278\" \/>\n\t<meta property=\"og:image:height\" content=\"2278\" \/>\n\t<meta property=\"og:image:type\" content=\"image\/jpeg\" \/>\n<meta name=\"twitter:card\" content=\"summary_large_image\" \/>\n<meta name=\"twitter:label1\" content=\"Est. reading time\" \/>\n\t<meta name=\"twitter:data1\" content=\"2 minutes\" \/>\n<script type=\"application\/ld+json\" class=\"yoast-schema-graph\">{\"@context\":\"https:\\\/\\\/schema.org\",\"@graph\":[{\"@type\":\"WebPage\",\"@id\":\"https:\\\/\\\/kleos-artisan-coutelier.com\\\/en\\\/produit\\\/couteau-pliant-bi-matiere-lykos\\\/\",\"url\":\"https:\\\/\\\/kleos-artisan-coutelier.com\\\/en\\\/produit\\\/couteau-pliant-bi-matiere-lykos\\\/\",\"name\":\"Couteau pliant bi-mati\u00e8re Lykos - Kleos\",\"isPartOf\":{\"@id\":\"https:\\\/\\\/kleos-artisan-coutelier.com\\\/en\\\/#website\"},\"primaryImageOfPage\":{\"@id\":\"https:\\\/\\\/kleos-artisan-coutelier.com\\\/en\\\/produit\\\/couteau-pliant-bi-matiere-lykos\\\/#primaryimage\"},\"image\":{\"@id\":\"https:\\\/\\\/kleos-artisan-coutelier.com\\\/en\\\/produit\\\/couteau-pliant-bi-matiere-lykos\\\/#primaryimage\"},\"thumbnailUrl\":\"https:\\\/\\\/kleos-artisan-coutelier.com\\\/wp-content\\\/uploads\\\/2025\\\/11\\\/IMG_20251114_135747.jpg\",\"datePublished\":\"2025-07-10T15:18:22+00:00\",\"dateModified\":\"2026-03-19T16:30:33+00:00\",\"description\":\"Couteau pliant bi-mati\u00e8re Lykos. Lame en damas japonais \u201cSuminagashi VG10\u201d, manche \u00e9b\u00e8ne, ressort guilloch\u00e9 et \u00e9tui cuir. Pi\u00e8ce unique fabriqu\u00e9e en France.\",\"breadcrumb\":{\"@id\":\"https:\\\/\\\/kleos-artisan-coutelier.com\\\/en\\\/produit\\\/couteau-pliant-bi-matiere-lykos\\\/#breadcrumb\"},\"inLanguage\":\"en-US\",\"potentialAction\":[{\"@type\":\"ReadAction\",\"target\":[\"https:\\\/\\\/kleos-artisan-coutelier.com\\\/en\\\/produit\\\/couteau-pliant-bi-matiere-lykos\\\/\"]}]},{\"@type\":\"ImageObject\",\"inLanguage\":\"en-US\",\"@id\":\"https:\\\/\\\/kleos-artisan-coutelier.com\\\/en\\\/produit\\\/couteau-pliant-bi-matiere-lykos\\\/#primaryimage\",\"url\":\"https:\\\/\\\/kleos-artisan-coutelier.com\\\/wp-content\\\/uploads\\\/2025\\\/11\\\/IMG_20251114_135747.jpg\",\"contentUrl\":\"https:\\\/\\\/kleos-artisan-coutelier.com\\\/wp-content\\\/uploads\\\/2025\\\/11\\\/IMG_20251114_135747.jpg\",\"width\":2278,\"height\":2278,\"caption\":\"Couteau pliant bi-mati\u00e8re Lykos\"},{\"@type\":\"BreadcrumbList\",\"@id\":\"https:\\\/\\\/kleos-artisan-coutelier.com\\\/en\\\/produit\\\/couteau-pliant-bi-matiere-lykos\\\/#breadcrumb\",\"itemListElement\":[{\"@type\":\"ListItem\",\"position\":1,\"name\":\"Accueil\",\"item\":\"https:\\\/\\\/kleos-artisan-coutelier.com\\\/en\\\/\"},{\"@type\":\"ListItem\",\"position\":2,\"name\":\"Shop\",\"item\":\"https:\\\/\\\/kleos-artisan-coutelier.com\\\/en\\\/shop-2\\\/\"},{\"@type\":\"ListItem\",\"position\":3,\"name\":\"Couteau pliant bi-mati\u00e8re Lykos\"}]},{\"@type\":\"WebSite\",\"@id\":\"https:\\\/\\\/kleos-artisan-coutelier.com\\\/en\\\/#website\",\"url\":\"https:\\\/\\\/kleos-artisan-coutelier.com\\\/en\\\/\",\"name\":\"Kleos\",\"description\":\"Kleos Artisan Coutelier\",\"publisher\":{\"@id\":\"https:\\\/\\\/kleos-artisan-coutelier.com\\\/en\\\/#organization\"},\"potentialAction\":[{\"@type\":\"SearchAction\",\"target\":{\"@type\":\"EntryPoint\",\"urlTemplate\":\"https:\\\/\\\/kleos-artisan-coutelier.com\\\/en\\\/?s={search_term_string}\"},\"query-input\":{\"@type\":\"PropertyValueSpecification\",\"valueRequired\":true,\"valueName\":\"search_term_string\"}}],\"inLanguage\":\"en-US\"},{\"@type\":\"Organization\",\"@id\":\"https:\\\/\\\/kleos-artisan-coutelier.com\\\/en\\\/#organization\",\"name\":\"Kleos\",\"url\":\"https:\\\/\\\/kleos-artisan-coutelier.com\\\/en\\\/\",\"logo\":{\"@type\":\"ImageObject\",\"inLanguage\":\"en-US\",\"@id\":\"https:\\\/\\\/kleos-artisan-coutelier.com\\\/en\\\/#\\\/schema\\\/logo\\\/image\\\/\",\"url\":\"https:\\\/\\\/kleos-artisan-coutelier.com\\\/wp-content\\\/uploads\\\/2021\\\/11\\\/FICHIERLOGO2-copie-2-1.png\",\"contentUrl\":\"https:\\\/\\\/kleos-artisan-coutelier.com\\\/wp-content\\\/uploads\\\/2021\\\/11\\\/FICHIERLOGO2-copie-2-1.png\",\"width\":185,\"height\":50,\"caption\":\"Kleos\"},\"image\":{\"@id\":\"https:\\\/\\\/kleos-artisan-coutelier.com\\\/en\\\/#\\\/schema\\\/logo\\\/image\\\/\"},\"sameAs\":[\"https:\\\/\\\/www.facebook.com\\\/kleos.knives\\\/\",\"https:\\\/\\\/www.instagram.com\\\/kleos.knives\"]}]}<\/script>\n<!-- \/ Yoast SEO plugin. -->","yoast_head_json":{"title":"Couteau pliant bi-mati\u00e8re Lykos - Kleos","description":"Couteau pliant bi-mati\u00e8re Lykos. Lame en damas japonais \u201cSuminagashi VG10\u201d, manche \u00e9b\u00e8ne, ressort guilloch\u00e9 et \u00e9tui cuir. Pi\u00e8ce unique fabriqu\u00e9e en France.","robots":{"index":"index","follow":"follow","max-snippet":"max-snippet:-1","max-image-preview":"max-image-preview:large","max-video-preview":"max-video-preview:-1"},"canonical":"https:\/\/kleos-artisan-coutelier.com\/en\/produit\/couteau-pliant-bi-matiere-lykos\/","og_locale":"en_US","og_type":"article","og_title":"Couteau pliant bi-mati\u00e8re Lykos - Kleos","og_description":"Couteau pliant bi-mati\u00e8re Lykos. Lame en damas japonais \u201cSuminagashi VG10\u201d, manche \u00e9b\u00e8ne, ressort guilloch\u00e9 et \u00e9tui cuir. Pi\u00e8ce unique fabriqu\u00e9e en France.","og_url":"https:\/\/kleos-artisan-coutelier.com\/en\/produit\/couteau-pliant-bi-matiere-lykos\/","og_site_name":"Kleos","article_publisher":"https:\/\/www.facebook.com\/kleos.knives\/","article_modified_time":"2026-03-19T16:30:33+00:00","og_image":[{"width":2278,"height":2278,"url":"https:\/\/kleos-artisan-coutelier.com\/wp-content\/uploads\/2025\/11\/IMG_20251114_135747.jpg","type":"image\/jpeg"}],"twitter_card":"summary_large_image","twitter_misc":{"Est. reading time":"2 minutes"},"schema":{"@context":"https:\/\/schema.org","@graph":[{"@type":"WebPage","@id":"https:\/\/kleos-artisan-coutelier.com\/en\/produit\/couteau-pliant-bi-matiere-lykos\/","url":"https:\/\/kleos-artisan-coutelier.com\/en\/produit\/couteau-pliant-bi-matiere-lykos\/","name":"Couteau pliant bi-mati\u00e8re Lykos - Kleos","isPartOf":{"@id":"https:\/\/kleos-artisan-coutelier.com\/en\/#website"},"primaryImageOfPage":{"@id":"https:\/\/kleos-artisan-coutelier.com\/en\/produit\/couteau-pliant-bi-matiere-lykos\/#primaryimage"},"image":{"@id":"https:\/\/kleos-artisan-coutelier.com\/en\/produit\/couteau-pliant-bi-matiere-lykos\/#primaryimage"},"thumbnailUrl":"https:\/\/kleos-artisan-coutelier.com\/wp-content\/uploads\/2025\/11\/IMG_20251114_135747.jpg","datePublished":"2025-07-10T15:18:22+00:00","dateModified":"2026-03-19T16:30:33+00:00","description":"Couteau pliant bi-mati\u00e8re Lykos. Lame en damas japonais \u201cSuminagashi VG10\u201d, manche \u00e9b\u00e8ne, ressort guilloch\u00e9 et \u00e9tui cuir. Pi\u00e8ce unique fabriqu\u00e9e en France.","breadcrumb":{"@id":"https:\/\/kleos-artisan-coutelier.com\/en\/produit\/couteau-pliant-bi-matiere-lykos\/#breadcrumb"},"inLanguage":"en-US","potentialAction":[{"@type":"ReadAction","target":["https:\/\/kleos-artisan-coutelier.com\/en\/produit\/couteau-pliant-bi-matiere-lykos\/"]}]},{"@type":"ImageObject","inLanguage":"en-US","@id":"https:\/\/kleos-artisan-coutelier.com\/en\/produit\/couteau-pliant-bi-matiere-lykos\/#primaryimage","url":"https:\/\/kleos-artisan-coutelier.com\/wp-content\/uploads\/2025\/11\/IMG_20251114_135747.jpg","contentUrl":"https:\/\/kleos-artisan-coutelier.com\/wp-content\/uploads\/2025\/11\/IMG_20251114_135747.jpg","width":2278,"height":2278,"caption":"Couteau pliant bi-mati\u00e8re Lykos"},{"@type":"BreadcrumbList","@id":"https:\/\/kleos-artisan-coutelier.com\/en\/produit\/couteau-pliant-bi-matiere-lykos\/#breadcrumb","itemListElement":[{"@type":"ListItem","position":1,"name":"Accueil","item":"https:\/\/kleos-artisan-coutelier.com\/en\/"},{"@type":"ListItem","position":2,"name":"Shop","item":"https:\/\/kleos-artisan-coutelier.com\/en\/shop-2\/"},{"@type":"ListItem","position":3,"name":"Couteau pliant bi-mati\u00e8re Lykos"}]},{"@type":"WebSite","@id":"https:\/\/kleos-artisan-coutelier.com\/en\/#website","url":"https:\/\/kleos-artisan-coutelier.com\/en\/","name":"Kleos","description":"Kleos Artisan Coutelier","publisher":{"@id":"https:\/\/kleos-artisan-coutelier.com\/en\/#organization"},"potentialAction":[{"@type":"SearchAction","target":{"@type":"EntryPoint","urlTemplate":"https:\/\/kleos-artisan-coutelier.com\/en\/?s={search_term_string}"},"query-input":{"@type":"PropertyValueSpecification","valueRequired":true,"valueName":"search_term_string"}}],"inLanguage":"en-US"},{"@type":"Organization","@id":"https:\/\/kleos-artisan-coutelier.com\/en\/#organization","name":"Kleos","url":"https:\/\/kleos-artisan-coutelier.com\/en\/","logo":{"@type":"ImageObject","inLanguage":"en-US","@id":"https:\/\/kleos-artisan-coutelier.com\/en\/#\/schema\/logo\/image\/","url":"https:\/\/kleos-artisan-coutelier.com\/wp-content\/uploads\/2021\/11\/FICHIERLOGO2-copie-2-1.png","contentUrl":"https:\/\/kleos-artisan-coutelier.com\/wp-content\/uploads\/2021\/11\/FICHIERLOGO2-copie-2-1.png","width":185,"height":50,"caption":"Kleos"},"image":{"@id":"https:\/\/kleos-artisan-coutelier.com\/en\/#\/schema\/logo\/image\/"},"sameAs":["https:\/\/www.facebook.com\/kleos.knives\/","https:\/\/www.instagram.com\/kleos.knives"]}]}},"jetpack_sharing_enabled":true,"builder_content":"","_links":{"self":[{"href":"https:\/\/kleos-artisan-coutelier.com\/en\/wp-json\/wp\/v2\/product\/18859","targetHints":{"allow":["GET"]}}],"collection":[{"href":"https:\/\/kleos-artisan-coutelier.com\/en\/wp-json\/wp\/v2\/product"}],"about":[{"href":"https:\/\/kleos-artisan-coutelier.com\/en\/wp-json\/wp\/v2\/types\/product"}],"wp:featuredmedia":[{"embeddable":true,"href":"https:\/\/kleos-artisan-coutelier.com\/en\/wp-json\/wp\/v2\/media\/19538"}],"wp:attachment":[{"href":"https:\/\/kleos-artisan-coutelier.com\/en\/wp-json\/wp\/v2\/media?parent=18859"}],"wp:term":[{"taxonomy":"product_brand","embeddable":true,"href":"https:\/\/kleos-artisan-coutelier.com\/en\/wp-json\/wp\/v2\/product_brand?post=18859"},{"taxonomy":"product_cat","embeddable":true,"href":"https:\/\/kleos-artisan-coutelier.com\/en\/wp-json\/wp\/v2\/product_cat?post=18859"},{"taxonomy":"product_tag","embeddable":true,"href":"https:\/\/kleos-artisan-coutelier.com\/en\/wp-json\/wp\/v2\/product_tag?post=18859"}],"curies":[{"name":"wp","href":"https:\/\/api.w.org\/{rel}","templated":true}]}}