{"id":459,"date":"2021-12-03T16:31:23","date_gmt":"2021-12-03T15:31:23","guid":{"rendered":"https:\/\/kleos-artisan-coutelier.com\/?post_type=product&#038;p=459"},"modified":"2026-04-03T15:14:23","modified_gmt":"2026-04-03T13:14:23","slug":"couteau-de-cuisine-francais","status":"publish","type":"product","link":"https:\/\/kleos-artisan-coutelier.com\/en\/produit\/couteau-de-cuisine-francais\/","title":{"rendered":"Couteau de cuisine fran\u00e7ais"},"content":{"rendered":"<div class=\"o9v6fnle cxmmr5t8 oygrvhab hcukyx3x c1et5uql ii04i59q\">\n<div dir=\"auto\">\n<h1 data-section-id=\"8lwxgl\" data-start=\"192\" data-end=\"256\"><span role=\"text\"><strong data-start=\"194\" data-end=\"254\">Couteau de cuisine fran\u00e7ais \u2013 \u00c9minceur Santoku artisanal<\/strong><\/span><\/h1>\n<p data-start=\"257\" data-end=\"317\">Tradition, pr\u00e9cision et \u00e9l\u00e9gance au service de votre cuisine<\/p>\n<h2 data-section-id=\"1y2ool0\" data-start=\"319\" data-end=\"373\">Un couteau de cuisine fran\u00e7ais inspir\u00e9 du Santoku<\/h2>\n<p data-start=\"375\" data-end=\"750\">Ce <strong data-start=\"378\" data-end=\"409\">couteau de cuisine fran\u00e7ais<\/strong> revisite le c\u00e9l\u00e8bre profil <strong data-start=\"437\" data-end=\"448\">Santoku<\/strong>, reconnu pour sa polyvalence et sa facilit\u00e9 d\u2019utilisation. Sa lame l\u00e9g\u00e8rement arrondie permet un mouvement de balancier fluide, id\u00e9al pour \u00e9mincer, trancher et ciseler avec pr\u00e9cision.<br data-start=\"632\" data-end=\"635\" \/>Pens\u00e9 pour un usage quotidien comme pour une cuisine plus exigeante, il s\u2019impose comme un outil fiable et intuitif.<\/p>\n<h2 data-section-id=\"xkapc4\" data-start=\"752\" data-end=\"793\">Une lame performante en acier 14C28n<\/h2>\n<p data-start=\"795\" data-end=\"1176\">La lame en <strong data-start=\"806\" data-end=\"833\">acier inoxydable 14C28n<\/strong>, tremp\u00e9e \u00e0 <strong data-start=\"845\" data-end=\"855\">58 HRC<\/strong>, offre un excellent \u00e9quilibre entre tranchant durable et facilit\u00e9 d\u2019entretien.<br data-start=\"934\" data-end=\"937\" \/>Avec <strong data-start=\"942\" data-end=\"964\">17 cm de tranchant<\/strong> et une <strong data-start=\"972\" data-end=\"995\">\u00e9paisseur de 2,5 mm<\/strong>, elle garantit une coupe nette et r\u00e9guli\u00e8re sur tous types d\u2019aliments.<br data-start=\"1066\" data-end=\"1069\" \/>Sa <strong data-start=\"1072\" data-end=\"1100\">longueur totale de 29 cm<\/strong> et son <strong data-start=\"1108\" data-end=\"1126\">poids de 190 g<\/strong> assurent une prise en main stable et confortable.<\/p>\n<h2 data-section-id=\"1e3xqh9\" data-start=\"1178\" data-end=\"1220\">Une construction robuste et ma\u00eetris\u00e9e<\/h2>\n<p data-start=\"1222\" data-end=\"1551\">Ce couteau adopte une <strong data-start=\"1244\" data-end=\"1274\">construction plate semelle<\/strong>, gage de solidit\u00e9 et de long\u00e9vit\u00e9. La <strong data-start=\"1313\" data-end=\"1333\">fixation par vis<\/strong> assure un assemblage fiable, tandis que les <strong data-start=\"1378\" data-end=\"1413\">inserts en carbone et mosa\u00efques<\/strong> apportent une touche technique et esth\u00e9tique.<br data-start=\"1459\" data-end=\"1462\" \/>Chaque d\u00e9tail est pens\u00e9 pour offrir un couteau de cuisine fran\u00e7ais durable et performant.<\/p>\n<h2 data-section-id=\"1hvieat\" data-start=\"1553\" data-end=\"1598\">Un manche unique en bois stabilis\u00e9 rouge<\/h2>\n<p data-start=\"1600\" data-end=\"1672\">Le manche associe des mat\u00e9riaux nobles et soigneusement s\u00e9lectionn\u00e9s :<\/p>\n<ul data-start=\"1673\" data-end=\"1860\">\n<li data-section-id=\"1rjluff\" data-start=\"1673\" data-end=\"1716\">une <strong data-start=\"1679\" data-end=\"1713\">mitre en ch\u00eane morta stabilis\u00e9<\/strong>,<\/li>\n<li data-section-id=\"4r0e2c\" data-start=\"1717\" data-end=\"1776\">un <strong data-start=\"1722\" data-end=\"1744\">intercalaire blanc<\/strong> pour une transition \u00e9l\u00e9gante,<\/li>\n<li data-section-id=\"tyy1eg\" data-start=\"1777\" data-end=\"1860\">une <strong data-start=\"1783\" data-end=\"1835\">loupe de ch\u00e2taignier stabilis\u00e9e et teint\u00e9e rouge<\/strong>, aux reflets profonds.<\/li>\n<\/ul>\n<p data-start=\"1862\" data-end=\"2029\">Cette composition cr\u00e9e un contraste visuel fort et rend chaque pi\u00e8ce unique. Elle garantit \u00e9galement une excellente prise en main, m\u00eame lors d\u2019utilisations prolong\u00e9es.<\/p>\n<h2 data-section-id=\"q359yw\" data-start=\"2031\" data-end=\"2066\">Un fourreau en cuir sur mesure<\/h2>\n<p data-start=\"2068\" data-end=\"2284\">Ce couteau est <strong data-start=\"2083\" data-end=\"2136\">livr\u00e9 avec un fourreau en cuir r\u00e9alis\u00e9 sur mesure<\/strong>, id\u00e9al pour prot\u00e9ger la lame et faciliter le transport. Il prolonge l\u2019exp\u00e9rience haut de gamme et met en valeur le caract\u00e8re artisanal de la pi\u00e8ce.<\/p>\n<h2 data-section-id=\"1kyrlbp\" data-start=\"2286\" data-end=\"2349\">Un couteau pens\u00e9 pour les passionn\u00e9s et les professionnels<\/h2>\n<p data-start=\"2351\" data-end=\"2578\">Ce <strong data-start=\"2354\" data-end=\"2385\">couteau de cuisine fran\u00e7ais<\/strong> combine savoir-faire, mat\u00e9riaux d\u2019exception et design fonctionnel. Il vous accompagne avec pr\u00e9cision et fluidit\u00e9 dans toutes vos pr\u00e9parations, du geste simple aux d\u00e9coupes les plus techniques.<\/p>\n<\/div>\n<p data-start=\"106\" data-end=\"312\">\ud83d\udc49 Pour entretenir votre <strong data-start=\"131\" data-end=\"162\">couteau de cuisine fran\u00e7ais<\/strong> et pr\u00e9server durablement son tranchant, consultez notre guide complet : <a class=\"decorated-link\" href=\"https:\/\/kleos-artisan-coutelier.com\/conseils-dentretien-couteau-de-cuisine\/\" target=\"_blank\" rel=\"noopener\" data-start=\"235\" data-end=\"310\">Conseils d&#8217;entretien<\/a><\/p>\n<p data-start=\"314\" data-end=\"455\">\ud83d\udc49 Retrouvez ce mod\u00e8le en situation et explorez nos derni\u00e8res cr\u00e9ations artisanales sur Instagram : <a class=\"decorated-link\" href=\"https:\/\/www.instagram.com\/kleos.knives\/\" target=\"_blank\" rel=\"noopener\" data-start=\"414\" data-end=\"453\">@kleos.knives<\/a><\/p>\n<\/div>\n","protected":false},"excerpt":{"rendered":"<p>Frais de port et assurance transport offerts pour la France m\u00e9tropolitaine.<\/p>\n","protected":false},"featured_media":20171,"template":"","meta":{"_monsterinsights_skip_tracking":false,"_monsterinsights_sitenote_active":false,"_monsterinsights_sitenote_note":"","_monsterinsights_sitenote_category":0},"product_brand":[],"product_cat":[46,63,65],"product_tag":[54,60],"class_list":{"0":"post-459","1":"product","2":"type-product","3":"status-publish","4":"has-post-thumbnail","6":"product_cat-la-cuisine","7":"product_cat-modernite","8":"product_cat-eminceurs","9":"product_tag-eminceur","10":"product_tag-inox","11":"has-post-title","12":"has-post-date","13":"has-post-category","14":"has-post-tag","15":"has-post-comment","16":"has-post-author","17":"","19":"first","20":"instock","21":"sold-individually","22":"shipping-taxable","23":"purchasable","24":"product-type-simple"},"yoast_head":"<!-- This site is optimized with the Yoast SEO plugin v27.4 - https:\/\/yoast.com\/product\/yoast-seo-wordpress\/ -->\n<title>Couteau de cuisine fran\u00e7ais - Kleos<\/title>\n<meta name=\"description\" content=\"Couteau de cuisine fran\u00e7ais Santoku : lame 14C28n, manche bois stabilis\u00e9 rouge et fourreau cuir sur mesure. Performance et \u00e9l\u00e9gance artisanale. KLEOS\" \/>\n<meta name=\"robots\" content=\"index, follow, max-snippet:-1, max-image-preview:large, max-video-preview:-1\" \/>\n<link rel=\"canonical\" href=\"https:\/\/kleos-artisan-coutelier.com\/en\/produit\/couteau-de-cuisine-francais\/\" \/>\n<meta property=\"og:locale\" content=\"en_US\" \/>\n<meta property=\"og:type\" content=\"article\" \/>\n<meta property=\"og:title\" content=\"Couteau de cuisine fran\u00e7ais - Kleos\" \/>\n<meta property=\"og:description\" content=\"Couteau de cuisine fran\u00e7ais Santoku : lame 14C28n, manche bois stabilis\u00e9 rouge et fourreau cuir sur mesure. Performance et \u00e9l\u00e9gance artisanale. KLEOS\" \/>\n<meta property=\"og:url\" content=\"https:\/\/kleos-artisan-coutelier.com\/en\/produit\/couteau-de-cuisine-francais\/\" \/>\n<meta property=\"og:site_name\" content=\"Kleos\" \/>\n<meta property=\"article:publisher\" content=\"https:\/\/www.facebook.com\/kleos.knives\/\" \/>\n<meta property=\"article:modified_time\" content=\"2026-04-03T13:14:23+00:00\" \/>\n<meta property=\"og:image\" content=\"https:\/\/kleos-artisan-coutelier.com\/wp-content\/uploads\/2026\/04\/WhatsApp-Image-2026-04-02-at-15.27.58-3.jpeg\" \/>\n\t<meta property=\"og:image:width\" content=\"2048\" \/>\n\t<meta property=\"og:image:height\" content=\"2048\" \/>\n\t<meta property=\"og:image:type\" content=\"image\/jpeg\" \/>\n<meta name=\"twitter:card\" content=\"summary_large_image\" \/>\n<meta name=\"twitter:label1\" content=\"Est. reading time\" \/>\n\t<meta name=\"twitter:data1\" content=\"3 minutes\" \/>\n<script type=\"application\/ld+json\" class=\"yoast-schema-graph\">{\"@context\":\"https:\\\/\\\/schema.org\",\"@graph\":[{\"@type\":\"WebPage\",\"@id\":\"https:\\\/\\\/kleos-artisan-coutelier.com\\\/en\\\/produit\\\/couteau-de-cuisine-francais\\\/\",\"url\":\"https:\\\/\\\/kleos-artisan-coutelier.com\\\/en\\\/produit\\\/couteau-de-cuisine-francais\\\/\",\"name\":\"Couteau de cuisine fran\u00e7ais - Kleos\",\"isPartOf\":{\"@id\":\"https:\\\/\\\/kleos-artisan-coutelier.com\\\/en\\\/#website\"},\"primaryImageOfPage\":{\"@id\":\"https:\\\/\\\/kleos-artisan-coutelier.com\\\/en\\\/produit\\\/couteau-de-cuisine-francais\\\/#primaryimage\"},\"image\":{\"@id\":\"https:\\\/\\\/kleos-artisan-coutelier.com\\\/en\\\/produit\\\/couteau-de-cuisine-francais\\\/#primaryimage\"},\"thumbnailUrl\":\"https:\\\/\\\/kleos-artisan-coutelier.com\\\/wp-content\\\/uploads\\\/2026\\\/04\\\/WhatsApp-Image-2026-04-02-at-15.27.58-3.jpeg\",\"datePublished\":\"2021-12-03T15:31:23+00:00\",\"dateModified\":\"2026-04-03T13:14:23+00:00\",\"description\":\"Couteau de cuisine fran\u00e7ais Santoku : lame 14C28n, manche bois stabilis\u00e9 rouge et fourreau cuir sur mesure. Performance et \u00e9l\u00e9gance artisanale. KLEOS\",\"breadcrumb\":{\"@id\":\"https:\\\/\\\/kleos-artisan-coutelier.com\\\/en\\\/produit\\\/couteau-de-cuisine-francais\\\/#breadcrumb\"},\"inLanguage\":\"en-US\",\"potentialAction\":[{\"@type\":\"ReadAction\",\"target\":[\"https:\\\/\\\/kleos-artisan-coutelier.com\\\/en\\\/produit\\\/couteau-de-cuisine-francais\\\/\"]}]},{\"@type\":\"ImageObject\",\"inLanguage\":\"en-US\",\"@id\":\"https:\\\/\\\/kleos-artisan-coutelier.com\\\/en\\\/produit\\\/couteau-de-cuisine-francais\\\/#primaryimage\",\"url\":\"https:\\\/\\\/kleos-artisan-coutelier.com\\\/wp-content\\\/uploads\\\/2026\\\/04\\\/WhatsApp-Image-2026-04-02-at-15.27.58-3.jpeg\",\"contentUrl\":\"https:\\\/\\\/kleos-artisan-coutelier.com\\\/wp-content\\\/uploads\\\/2026\\\/04\\\/WhatsApp-Image-2026-04-02-at-15.27.58-3.jpeg\",\"width\":2048,\"height\":2048,\"caption\":\"Couteau de cuisine fran\u00e7ais\"},{\"@type\":\"BreadcrumbList\",\"@id\":\"https:\\\/\\\/kleos-artisan-coutelier.com\\\/en\\\/produit\\\/couteau-de-cuisine-francais\\\/#breadcrumb\",\"itemListElement\":[{\"@type\":\"ListItem\",\"position\":1,\"name\":\"Accueil\",\"item\":\"https:\\\/\\\/kleos-artisan-coutelier.com\\\/en\\\/\"},{\"@type\":\"ListItem\",\"position\":2,\"name\":\"Shop\",\"item\":\"https:\\\/\\\/kleos-artisan-coutelier.com\\\/en\\\/shop-2\\\/\"},{\"@type\":\"ListItem\",\"position\":3,\"name\":\"Couteau de cuisine fran\u00e7ais\"}]},{\"@type\":\"WebSite\",\"@id\":\"https:\\\/\\\/kleos-artisan-coutelier.com\\\/en\\\/#website\",\"url\":\"https:\\\/\\\/kleos-artisan-coutelier.com\\\/en\\\/\",\"name\":\"Kleos\",\"description\":\"Kleos Artisan Coutelier\",\"publisher\":{\"@id\":\"https:\\\/\\\/kleos-artisan-coutelier.com\\\/en\\\/#organization\"},\"potentialAction\":[{\"@type\":\"SearchAction\",\"target\":{\"@type\":\"EntryPoint\",\"urlTemplate\":\"https:\\\/\\\/kleos-artisan-coutelier.com\\\/en\\\/?s={search_term_string}\"},\"query-input\":{\"@type\":\"PropertyValueSpecification\",\"valueRequired\":true,\"valueName\":\"search_term_string\"}}],\"inLanguage\":\"en-US\"},{\"@type\":\"Organization\",\"@id\":\"https:\\\/\\\/kleos-artisan-coutelier.com\\\/en\\\/#organization\",\"name\":\"Kleos\",\"url\":\"https:\\\/\\\/kleos-artisan-coutelier.com\\\/en\\\/\",\"logo\":{\"@type\":\"ImageObject\",\"inLanguage\":\"en-US\",\"@id\":\"https:\\\/\\\/kleos-artisan-coutelier.com\\\/en\\\/#\\\/schema\\\/logo\\\/image\\\/\",\"url\":\"https:\\\/\\\/kleos-artisan-coutelier.com\\\/wp-content\\\/uploads\\\/2021\\\/11\\\/FICHIERLOGO2-copie-2-1.png\",\"contentUrl\":\"https:\\\/\\\/kleos-artisan-coutelier.com\\\/wp-content\\\/uploads\\\/2021\\\/11\\\/FICHIERLOGO2-copie-2-1.png\",\"width\":185,\"height\":50,\"caption\":\"Kleos\"},\"image\":{\"@id\":\"https:\\\/\\\/kleos-artisan-coutelier.com\\\/en\\\/#\\\/schema\\\/logo\\\/image\\\/\"},\"sameAs\":[\"https:\\\/\\\/www.facebook.com\\\/kleos.knives\\\/\",\"https:\\\/\\\/www.instagram.com\\\/kleos.knives\"]}]}<\/script>\n<!-- \/ Yoast SEO plugin. -->","yoast_head_json":{"title":"Couteau de cuisine fran\u00e7ais - Kleos","description":"Couteau de cuisine fran\u00e7ais Santoku : lame 14C28n, manche bois stabilis\u00e9 rouge et fourreau cuir sur mesure. Performance et \u00e9l\u00e9gance artisanale. KLEOS","robots":{"index":"index","follow":"follow","max-snippet":"max-snippet:-1","max-image-preview":"max-image-preview:large","max-video-preview":"max-video-preview:-1"},"canonical":"https:\/\/kleos-artisan-coutelier.com\/en\/produit\/couteau-de-cuisine-francais\/","og_locale":"en_US","og_type":"article","og_title":"Couteau de cuisine fran\u00e7ais - Kleos","og_description":"Couteau de cuisine fran\u00e7ais Santoku : lame 14C28n, manche bois stabilis\u00e9 rouge et fourreau cuir sur mesure. Performance et \u00e9l\u00e9gance artisanale. KLEOS","og_url":"https:\/\/kleos-artisan-coutelier.com\/en\/produit\/couteau-de-cuisine-francais\/","og_site_name":"Kleos","article_publisher":"https:\/\/www.facebook.com\/kleos.knives\/","article_modified_time":"2026-04-03T13:14:23+00:00","og_image":[{"width":2048,"height":2048,"url":"https:\/\/kleos-artisan-coutelier.com\/wp-content\/uploads\/2026\/04\/WhatsApp-Image-2026-04-02-at-15.27.58-3.jpeg","type":"image\/jpeg"}],"twitter_card":"summary_large_image","twitter_misc":{"Est. reading time":"3 minutes"},"schema":{"@context":"https:\/\/schema.org","@graph":[{"@type":"WebPage","@id":"https:\/\/kleos-artisan-coutelier.com\/en\/produit\/couteau-de-cuisine-francais\/","url":"https:\/\/kleos-artisan-coutelier.com\/en\/produit\/couteau-de-cuisine-francais\/","name":"Couteau de cuisine fran\u00e7ais - Kleos","isPartOf":{"@id":"https:\/\/kleos-artisan-coutelier.com\/en\/#website"},"primaryImageOfPage":{"@id":"https:\/\/kleos-artisan-coutelier.com\/en\/produit\/couteau-de-cuisine-francais\/#primaryimage"},"image":{"@id":"https:\/\/kleos-artisan-coutelier.com\/en\/produit\/couteau-de-cuisine-francais\/#primaryimage"},"thumbnailUrl":"https:\/\/kleos-artisan-coutelier.com\/wp-content\/uploads\/2026\/04\/WhatsApp-Image-2026-04-02-at-15.27.58-3.jpeg","datePublished":"2021-12-03T15:31:23+00:00","dateModified":"2026-04-03T13:14:23+00:00","description":"Couteau de cuisine fran\u00e7ais Santoku : lame 14C28n, manche bois stabilis\u00e9 rouge et fourreau cuir sur mesure. Performance et \u00e9l\u00e9gance artisanale. KLEOS","breadcrumb":{"@id":"https:\/\/kleos-artisan-coutelier.com\/en\/produit\/couteau-de-cuisine-francais\/#breadcrumb"},"inLanguage":"en-US","potentialAction":[{"@type":"ReadAction","target":["https:\/\/kleos-artisan-coutelier.com\/en\/produit\/couteau-de-cuisine-francais\/"]}]},{"@type":"ImageObject","inLanguage":"en-US","@id":"https:\/\/kleos-artisan-coutelier.com\/en\/produit\/couteau-de-cuisine-francais\/#primaryimage","url":"https:\/\/kleos-artisan-coutelier.com\/wp-content\/uploads\/2026\/04\/WhatsApp-Image-2026-04-02-at-15.27.58-3.jpeg","contentUrl":"https:\/\/kleos-artisan-coutelier.com\/wp-content\/uploads\/2026\/04\/WhatsApp-Image-2026-04-02-at-15.27.58-3.jpeg","width":2048,"height":2048,"caption":"Couteau de cuisine fran\u00e7ais"},{"@type":"BreadcrumbList","@id":"https:\/\/kleos-artisan-coutelier.com\/en\/produit\/couteau-de-cuisine-francais\/#breadcrumb","itemListElement":[{"@type":"ListItem","position":1,"name":"Accueil","item":"https:\/\/kleos-artisan-coutelier.com\/en\/"},{"@type":"ListItem","position":2,"name":"Shop","item":"https:\/\/kleos-artisan-coutelier.com\/en\/shop-2\/"},{"@type":"ListItem","position":3,"name":"Couteau de cuisine fran\u00e7ais"}]},{"@type":"WebSite","@id":"https:\/\/kleos-artisan-coutelier.com\/en\/#website","url":"https:\/\/kleos-artisan-coutelier.com\/en\/","name":"Kleos","description":"Kleos Artisan Coutelier","publisher":{"@id":"https:\/\/kleos-artisan-coutelier.com\/en\/#organization"},"potentialAction":[{"@type":"SearchAction","target":{"@type":"EntryPoint","urlTemplate":"https:\/\/kleos-artisan-coutelier.com\/en\/?s={search_term_string}"},"query-input":{"@type":"PropertyValueSpecification","valueRequired":true,"valueName":"search_term_string"}}],"inLanguage":"en-US"},{"@type":"Organization","@id":"https:\/\/kleos-artisan-coutelier.com\/en\/#organization","name":"Kleos","url":"https:\/\/kleos-artisan-coutelier.com\/en\/","logo":{"@type":"ImageObject","inLanguage":"en-US","@id":"https:\/\/kleos-artisan-coutelier.com\/en\/#\/schema\/logo\/image\/","url":"https:\/\/kleos-artisan-coutelier.com\/wp-content\/uploads\/2021\/11\/FICHIERLOGO2-copie-2-1.png","contentUrl":"https:\/\/kleos-artisan-coutelier.com\/wp-content\/uploads\/2021\/11\/FICHIERLOGO2-copie-2-1.png","width":185,"height":50,"caption":"Kleos"},"image":{"@id":"https:\/\/kleos-artisan-coutelier.com\/en\/#\/schema\/logo\/image\/"},"sameAs":["https:\/\/www.facebook.com\/kleos.knives\/","https:\/\/www.instagram.com\/kleos.knives"]}]}},"jetpack_sharing_enabled":true,"builder_content":"","_links":{"self":[{"href":"https:\/\/kleos-artisan-coutelier.com\/en\/wp-json\/wp\/v2\/product\/459","targetHints":{"allow":["GET"]}}],"collection":[{"href":"https:\/\/kleos-artisan-coutelier.com\/en\/wp-json\/wp\/v2\/product"}],"about":[{"href":"https:\/\/kleos-artisan-coutelier.com\/en\/wp-json\/wp\/v2\/types\/product"}],"wp:featuredmedia":[{"embeddable":true,"href":"https:\/\/kleos-artisan-coutelier.com\/en\/wp-json\/wp\/v2\/media\/20171"}],"wp:attachment":[{"href":"https:\/\/kleos-artisan-coutelier.com\/en\/wp-json\/wp\/v2\/media?parent=459"}],"wp:term":[{"taxonomy":"product_brand","embeddable":true,"href":"https:\/\/kleos-artisan-coutelier.com\/en\/wp-json\/wp\/v2\/product_brand?post=459"},{"taxonomy":"product_cat","embeddable":true,"href":"https:\/\/kleos-artisan-coutelier.com\/en\/wp-json\/wp\/v2\/product_cat?post=459"},{"taxonomy":"product_tag","embeddable":true,"href":"https:\/\/kleos-artisan-coutelier.com\/en\/wp-json\/wp\/v2\/product_tag?post=459"}],"curies":[{"name":"wp","href":"https:\/\/api.w.org\/{rel}","templated":true}]}}